{"id":12890,"date":"2022-09-26T21:11:11","date_gmt":"2022-09-26T21:11:11","guid":{"rendered":"https:\/\/asc.academicianstudies.com\/?page_id=12890"},"modified":"2025-11-17T17:44:18","modified_gmt":"2025-11-17T17:44:18","slug":"onur-kurulu","status":"publish","type":"page","link":"https:\/\/asc.academicianstudies.com\/12\/?page_id=12890","title":{"rendered":"Onur Kurulu"},"content":{"rendered":"\t\t<div data-elementor-type=\"wp-page\" data-elementor-id=\"12890\" class=\"elementor elementor-12890\">\n\t\t\t\t\t\t<section class=\"elementor-section elementor-top-section elementor-element elementor-element-d8196fb elementor-section-full_width elementor-section-height-default elementor-section-height-default\" data-id=\"d8196fb\" data-element_type=\"section\" data-settings=\"{&quot;background_background&quot;:&quot;classic&quot;}\">\n\t\t\t\t\t\t<div class=\"elementor-container elementor-column-gap-default\">\n\t\t\t\t\t<div class=\"elementor-column elementor-col-100 elementor-top-column elementor-element elementor-element-3c24fd7\" data-id=\"3c24fd7\" data-element_type=\"column\">\n\t\t\t<div class=\"elementor-widget-wrap elementor-element-populated\">\n\t\t\t\t\t\t<div class=\"elementor-element elementor-element-5033838 elementor-widget elementor-widget-spacer\" data-id=\"5033838\" data-element_type=\"widget\" data-settings=\"{&quot;ekit_we_effect_on&quot;:&quot;none&quot;}\" data-widget_type=\"spacer.default\">\n\t\t\t\t<div class=\"elementor-widget-container\">\n\t\t\t\t\t\t\t<div class=\"elementor-spacer\">\n\t\t\t<div class=\"elementor-spacer-inner\"><\/div>\n\t\t<\/div>\n\t\t\t\t\t\t<\/div>\n\t\t\t\t<\/div>\n\t\t\t\t<div class=\"elementor-element elementor-element-8753e74 elementor-widget elementor-widget-heading\" data-id=\"8753e74\" data-element_type=\"widget\" data-settings=\"{&quot;ekit_we_effect_on&quot;:&quot;none&quot;}\" data-widget_type=\"heading.default\">\n\t\t\t\t<div class=\"elementor-widget-container\">\n\t\t\t\t\t<h1 class=\"elementor-heading-title elementor-size-default\">Onur Kurulu<\/h1>\t\t\t\t<\/div>\n\t\t\t\t<\/div>\n\t\t\t\t<div class=\"elementor-element elementor-element-f961068 elementor-widget elementor-widget-spacer\" data-id=\"f961068\" data-element_type=\"widget\" data-settings=\"{&quot;ekit_we_effect_on&quot;:&quot;none&quot;}\" data-widget_type=\"spacer.default\">\n\t\t\t\t<div class=\"elementor-widget-container\">\n\t\t\t\t\t\t\t<div class=\"elementor-spacer\">\n\t\t\t<div class=\"elementor-spacer-inner\"><\/div>\n\t\t<\/div>\n\t\t\t\t\t\t<\/div>\n\t\t\t\t<\/div>\n\t\t\t\t\t<\/div>\n\t\t<\/div>\n\t\t\t\t\t<\/div>\n\t\t<\/section>\n\t\t\t\t<section class=\"elementor-section elementor-top-section elementor-element elementor-element-ab3ed01 elementor-section-boxed elementor-section-height-default elementor-section-height-default\" data-id=\"ab3ed01\" data-element_type=\"section\">\n\t\t\t\t\t\t<div class=\"elementor-container elementor-column-gap-default\">\n\t\t\t\t\t<div class=\"elementor-column elementor-col-100 elementor-top-column elementor-element elementor-element-d824f47\" data-id=\"d824f47\" data-element_type=\"column\">\n\t\t\t<div class=\"elementor-widget-wrap elementor-element-populated\">\n\t\t\t\t\t\t<div class=\"elementor-element elementor-element-77593e0 elementor-widget elementor-widget-spacer\" data-id=\"77593e0\" data-element_type=\"widget\" data-settings=\"{&quot;ekit_we_effect_on&quot;:&quot;none&quot;}\" data-widget_type=\"spacer.default\">\n\t\t\t\t<div class=\"elementor-widget-container\">\n\t\t\t\t\t\t\t<div class=\"elementor-spacer\">\n\t\t\t<div class=\"elementor-spacer-inner\"><\/div>\n\t\t<\/div>\n\t\t\t\t\t\t<\/div>\n\t\t\t\t<\/div>\n\t\t\t\t\t<\/div>\n\t\t<\/div>\n\t\t\t\t\t<\/div>\n\t\t<\/section>\n\t\t\t\t<section class=\"elementor-section elementor-top-section elementor-element elementor-element-e3ac089 elementor-section-boxed elementor-section-height-default elementor-section-height-default\" data-id=\"e3ac089\" data-element_type=\"section\">\n\t\t\t\t\t\t<div class=\"elementor-container elementor-column-gap-default\">\n\t\t\t\t\t<div class=\"elementor-column elementor-col-100 elementor-top-column elementor-element elementor-element-505b3f8\" data-id=\"505b3f8\" data-element_type=\"column\">\n\t\t\t<div class=\"elementor-widget-wrap elementor-element-populated\">\n\t\t\t\t\t\t<div class=\"elementor-element elementor-element-b23727d elementor-hidden-desktop elementor-hidden-tablet elementor-hidden-mobile elementor-widget elementor-widget-text-editor\" data-id=\"b23727d\" data-element_type=\"widget\" data-settings=\"{&quot;ekit_we_effect_on&quot;:&quot;none&quot;}\" data-widget_type=\"text-editor.default\">\n\t\t\t\t<div class=\"elementor-widget-container\">\n\t\t\t\t\t\t\t\t\t<table><tbody><tr><td width=\"301\"><p style=\"text-align: left;\">Mr. Muhammad Haider Amin<\/p><\/td><td width=\"301\"><p style=\"text-align: left;\">Chairman Board of Governors (BOG)<\/p><\/td><\/tr><tr><td width=\"301\"><p style=\"text-align: left;\">Dr. Muhammad Hamza Amin<\/p><\/td><td width=\"301\"><p style=\"text-align: left;\">Vice Chairman BOG<\/p><\/td><\/tr><tr><td width=\"301\"><p style=\"text-align: left;\">Dr. Zahida Maqbool<\/p><\/td><td width=\"301\"><p style=\"text-align: left;\">Registrar<\/p><\/td><\/tr><tr><td width=\"301\"><p style=\"text-align: left;\">Prof. Dr. Murat Ko\u00e7<\/p><\/td><td width=\"301\"><p style=\"text-align: left;\">Rector of \u00c7a\u011f University<\/p><\/td><\/tr><\/tbody><\/table>\t\t\t\t\t\t\t\t<\/div>\n\t\t\t\t<\/div>\n\t\t\t\t<div class=\"elementor-element elementor-element-4809075 elementor-widget elementor-widget-spacer\" data-id=\"4809075\" data-element_type=\"widget\" data-settings=\"{&quot;ekit_we_effect_on&quot;:&quot;none&quot;}\" data-widget_type=\"spacer.default\">\n\t\t\t\t<div class=\"elementor-widget-container\">\n\t\t\t\t\t\t\t<div class=\"elementor-spacer\">\n\t\t\t<div class=\"elementor-spacer-inner\"><\/div>\n\t\t<\/div>\n\t\t\t\t\t\t<\/div>\n\t\t\t\t<\/div>\n\t\t\t\t\t<\/div>\n\t\t<\/div>\n\t\t\t\t\t<\/div>\n\t\t<\/section>\n\t\t\t\t<\/div>\n\t\t","protected":false},"excerpt":{"rendered":"<p>Onur Kurulu Mr. Muhammad Haider Amin Chairman Board of Governors (BOG) Dr. Muhammad Hamza Amin Vice Chairman BOG Dr. Zahida Maqbool Registrar Prof. Dr. Murat Ko\u00e7 Rector of \u00c7a\u011f University<\/p>\n","protected":false},"author":1,"featured_media":0,"parent":0,"menu_order":0,"comment_status":"closed","ping_status":"closed","template":"elementor_header_footer","meta":{"footnotes":""},"class_list":["post-12890","page","type-page","status-publish","hentry"],"_links":{"self":[{"href":"https:\/\/asc.academicianstudies.com\/12\/index.php?rest_route=\/wp\/v2\/pages\/12890","targetHints":{"allow":["GET"]}}],"collection":[{"href":"https:\/\/asc.academicianstudies.com\/12\/index.php?rest_route=\/wp\/v2\/pages"}],"about":[{"href":"https:\/\/asc.academicianstudies.com\/12\/index.php?rest_route=\/wp\/v2\/types\/page"}],"author":[{"embeddable":true,"href":"https:\/\/asc.academicianstudies.com\/12\/index.php?rest_route=\/wp\/v2\/users\/1"}],"replies":[{"embeddable":true,"href":"https:\/\/asc.academicianstudies.com\/12\/index.php?rest_route=%2Fwp%2Fv2%2Fcomments&post=12890"}],"version-history":[{"count":18,"href":"https:\/\/asc.academicianstudies.com\/12\/index.php?rest_route=\/wp\/v2\/pages\/12890\/revisions"}],"predecessor-version":[{"id":17113,"href":"https:\/\/asc.academicianstudies.com\/12\/index.php?rest_route=\/wp\/v2\/pages\/12890\/revisions\/17113"}],"wp:attachment":[{"href":"https:\/\/asc.academicianstudies.com\/12\/index.php?rest_route=%2Fwp%2Fv2%2Fmedia&parent=12890"}],"curies":[{"name":"wp","href":"https:\/\/api.w.org\/{rel}","templated":true}]}}