{"id":13411,"date":"2023-09-20T16:58:41","date_gmt":"2023-09-20T16:58:41","guid":{"rendered":"https:\/\/asc.academicianstudies.com\/?page_id=13411"},"modified":"2025-02-22T19:45:36","modified_gmt":"2025-02-22T19:45:36","slug":"asc-2023-spring","status":"publish","type":"page","link":"https:\/\/asc.academicianstudies.com\/12\/?page_id=13411","title":{"rendered":"ASC-2023\/Spring"},"content":{"rendered":"\t\t<div data-elementor-type=\"wp-page\" data-elementor-id=\"13411\" class=\"elementor elementor-13411\">\n\t\t\t\t\t\t<section class=\"elementor-section elementor-top-section elementor-element elementor-element-dc47c19 elementor-section-full_width elementor-section-height-default elementor-section-height-default\" data-id=\"dc47c19\" data-element_type=\"section\" data-settings=\"{&quot;background_background&quot;:&quot;classic&quot;}\">\n\t\t\t\t\t\t<div class=\"elementor-container elementor-column-gap-default\">\n\t\t\t\t\t<div class=\"elementor-column elementor-col-100 elementor-top-column elementor-element elementor-element-089e7e1\" data-id=\"089e7e1\" data-element_type=\"column\">\n\t\t\t<div class=\"elementor-widget-wrap elementor-element-populated\">\n\t\t\t\t\t\t<div class=\"elementor-element elementor-element-f4d19ab elementor-widget elementor-widget-spacer\" data-id=\"f4d19ab\" data-element_type=\"widget\" data-settings=\"{&quot;ekit_we_effect_on&quot;:&quot;none&quot;}\" data-widget_type=\"spacer.default\">\n\t\t\t\t<div class=\"elementor-widget-container\">\n\t\t\t\t\t\t\t<div class=\"elementor-spacer\">\n\t\t\t<div class=\"elementor-spacer-inner\"><\/div>\n\t\t<\/div>\n\t\t\t\t\t\t<\/div>\n\t\t\t\t<\/div>\n\t\t\t\t<div class=\"elementor-element elementor-element-73c80d7 elementor-widget elementor-widget-heading\" data-id=\"73c80d7\" data-element_type=\"widget\" data-settings=\"{&quot;ekit_we_effect_on&quot;:&quot;none&quot;}\" data-widget_type=\"heading.default\">\n\t\t\t\t<div class=\"elementor-widget-container\">\n\t\t\t\t\t<h1 class=\"elementor-heading-title elementor-size-default\">ASC-2023 \/ Bahar<\/h1>\t\t\t\t<\/div>\n\t\t\t\t<\/div>\n\t\t\t\t<div class=\"elementor-element elementor-element-03ceef7 elementor-widget elementor-widget-spacer\" data-id=\"03ceef7\" data-element_type=\"widget\" data-settings=\"{&quot;ekit_we_effect_on&quot;:&quot;none&quot;}\" data-widget_type=\"spacer.default\">\n\t\t\t\t<div class=\"elementor-widget-container\">\n\t\t\t\t\t\t\t<div class=\"elementor-spacer\">\n\t\t\t<div class=\"elementor-spacer-inner\"><\/div>\n\t\t<\/div>\n\t\t\t\t\t\t<\/div>\n\t\t\t\t<\/div>\n\t\t\t\t\t<\/div>\n\t\t<\/div>\n\t\t\t\t\t<\/div>\n\t\t<\/section>\n\t\t\t\t<section class=\"elementor-section elementor-top-section elementor-element elementor-element-24e9f87 elementor-section-boxed elementor-section-height-default elementor-section-height-default\" data-id=\"24e9f87\" data-element_type=\"section\">\n\t\t\t\t\t\t<div class=\"elementor-container elementor-column-gap-default\">\n\t\t\t\t\t<div class=\"elementor-column elementor-col-100 elementor-top-column elementor-element elementor-element-345804c\" data-id=\"345804c\" data-element_type=\"column\">\n\t\t\t<div class=\"elementor-widget-wrap elementor-element-populated\">\n\t\t\t\t\t\t<div class=\"elementor-element elementor-element-8940796 elementor-widget elementor-widget-spacer\" data-id=\"8940796\" data-element_type=\"widget\" data-settings=\"{&quot;ekit_we_effect_on&quot;:&quot;none&quot;}\" data-widget_type=\"spacer.default\">\n\t\t\t\t<div class=\"elementor-widget-container\">\n\t\t\t\t\t\t\t<div class=\"elementor-spacer\">\n\t\t\t<div class=\"elementor-spacer-inner\"><\/div>\n\t\t<\/div>\n\t\t\t\t\t\t<\/div>\n\t\t\t\t<\/div>\n\t\t\t\t\t<\/div>\n\t\t<\/div>\n\t\t\t\t\t<\/div>\n\t\t<\/section>\n\t\t\t\t<section class=\"elementor-section elementor-top-section elementor-element elementor-element-9fd1422 elementor-section-boxed elementor-section-height-default elementor-section-height-default\" data-id=\"9fd1422\" data-element_type=\"section\">\n\t\t\t\t\t\t<div class=\"elementor-container elementor-column-gap-default\">\n\t\t\t\t\t<div class=\"elementor-column elementor-col-66 elementor-top-column elementor-element elementor-element-6608eb9\" data-id=\"6608eb9\" data-element_type=\"column\">\n\t\t\t<div class=\"elementor-widget-wrap elementor-element-populated\">\n\t\t\t\t\t\t<div class=\"elementor-element elementor-element-380ef23 elementor-widget elementor-widget-heading\" data-id=\"380ef23\" data-element_type=\"widget\" data-settings=\"{&quot;ekit_we_effect_on&quot;:&quot;none&quot;}\" data-widget_type=\"heading.default\">\n\t\t\t\t<div class=\"elementor-widget-container\">\n\t\t\t\t\t<h2 class=\"elementor-heading-title elementor-size-default\">ASC-2023 \/ Bahar<\/h2>\t\t\t\t<\/div>\n\t\t\t\t<\/div>\n\t\t\t\t<div class=\"elementor-element elementor-element-892d873 elementor-widget elementor-widget-image\" data-id=\"892d873\" data-element_type=\"widget\" data-settings=\"{&quot;ekit_we_effect_on&quot;:&quot;none&quot;}\" data-widget_type=\"image.default\">\n\t\t\t\t<div class=\"elementor-widget-container\">\n\t\t\t\t\t\t\t\t\t\t\t\t\t\t\t<img fetchpriority=\"high\" decoding=\"async\" width=\"208\" height=\"300\" src=\"https:\/\/asc.academicianstudies.com\/12\/wp-content\/uploads\/2024\/02\/2023bahar-208x300.png\" class=\"attachment-medium size-medium wp-image-14485\" alt=\"\" srcset=\"https:\/\/asc.academicianstudies.com\/12\/wp-content\/uploads\/2024\/02\/2023bahar-208x300.png 208w, https:\/\/asc.academicianstudies.com\/12\/wp-content\/uploads\/2024\/02\/2023bahar-8x12.png 8w, https:\/\/asc.academicianstudies.com\/12\/wp-content\/uploads\/2024\/02\/2023bahar.png 541w\" sizes=\"(max-width: 208px) 100vw, 208px\" \/>\t\t\t\t\t\t\t\t\t\t\t\t\t\t\t<\/div>\n\t\t\t\t<\/div>\n\t\t\t\t<div class=\"elementor-element elementor-element-1336d7a elementor-widget elementor-widget-text-editor\" data-id=\"1336d7a\" data-element_type=\"widget\" data-settings=\"{&quot;ekit_we_effect_on&quot;:&quot;none&quot;}\" data-widget_type=\"text-editor.default\">\n\t\t\t\t<div class=\"elementor-widget-container\">\n\t\t\t\t\t\t\t\t\t<p>V. Akademik \u00e7al\u0131\u015fmalar kongresi Pakistan\u2019\u0131n Multan \u015fehrinde MNS- Universtity of Agriculture, Multan da ger\u00e7ekle\u015ftirilmi\u015ftir. Kongreye 374 bildiri Kabul edilmi\u015ftir. Y\u00fczy\u00fcze 70 bildirinin ger\u00e7ekle\u015ftirildi\u011fi kongreye kat\u0131lan \u00fclkeler; Zaire, Malaysia, Pakistan, Cyprus, India, Kyrgyzstan, China, Uzbekistan, Burundi, Iran (Islamic Republic of), Nigeria, Afghanistan, Australi<\/p>\n<p>\u00a0<\/p>\t\t\t\t\t\t\t\t<\/div>\n\t\t\t\t<\/div>\n\t\t\t\t<div class=\"elementor-element elementor-element-19ef4aec elementor-widget elementor-widget-text-editor\" data-id=\"19ef4aec\" data-element_type=\"widget\" data-settings=\"{&quot;ekit_we_effect_on&quot;:&quot;none&quot;}\" data-widget_type=\"text-editor.default\">\n\t\t\t\t<div class=\"elementor-widget-container\">\n\t\t\t\t\t\t\t\t\t<div class=\"wp-block-file\"><a href=\"https:\/\/academicplatform.net\/login\/signin?event=asc\">ASC-2023\/SPRING Kat\u0131l\u0131m Belgenizi Bildiri Y\u00fckleme Sayfas\u0131ndan \u0130ndirebilirsiniz<\/a><a class=\"wp-block-file__button\" href=\"https:\/\/academicplatform.net\/login\/signin?event=asc\">Giri\u015f<\/a><\/div>\n<div class=\"wp-block-file\"><a href=\"https:\/\/asc.academicianstudies.com\/12\/12\/en\/asc-2023-spring\/\">ASC-2023\/SPRING Kongre Program\u0131na a\u015fa\u011f\u0131daki linkten eri\u015febilirsiniz! <\/a><a class=\"wp-block-file__button\" href=\"https:\/\/asc.academicianstudies.com\/12\/12\/en\/asc-2023-spring\/\">ASC-2023\/ Spring Program<\/a><\/div>\n<p><\/p>\n<div class=\"wp-block-file\"><a href=\"https:\/\/asc.academicianstudies.com\/12\/12\/wp-content\/uploads\/2023\/09\/ASC2023SpringAbstractbook.pdf\">ASC-2023\/SPRING \u00d6zet Kitap\u00e7\u0131\u011f\u0131<\/a><a class=\"wp-block-file__button\" href=\"https:\/\/asc.academicianstudies.com\/12\/12\/wp-content\/uploads\/2023\/09\/ASC2023SpringAbstractbook.pdf\" download=\"\">\u0130ndir<\/a><\/div>\n<p><\/p>\n<div class=\"wp-block-file\"><a href=\"https:\/\/asc.academicianstudies.com\/12\/12\/wp-content\/uploads\/2023\/09\/ASC2023springfulltext.pdf\">ASC-2023\/SPRING Tam Metin Kitap\u00e7\u0131\u011f\u0131<\/a><a class=\"wp-block-file__button\" href=\"https:\/\/asc.academicianstudies.com\/12\/12\/wp-content\/uploads\/2023\/09\/ASC2023springfulltext.pdf\" download=\"\">\u0130ndir<\/a><\/div>\n<div>\n<div class=\"wp-block-file\">\u00a0<\/div>\n<p><\/p>\n<\/div>\n<p><\/p>\n<p><\/p>\t\t\t\t\t\t\t\t<\/div>\n\t\t\t\t<\/div>\n\t\t\t\t\t<\/div>\n\t\t<\/div>\n\t\t\t\t<div class=\"elementor-column elementor-col-33 elementor-top-column elementor-element elementor-element-96dd8de\" data-id=\"96dd8de\" data-element_type=\"column\">\n\t\t\t<div class=\"elementor-widget-wrap elementor-element-populated\">\n\t\t\t\t\t\t<div class=\"elementor-element elementor-element-417fc7c elementor-widget elementor-widget-heading\" data-id=\"417fc7c\" data-element_type=\"widget\" data-settings=\"{&quot;ekit_we_effect_on&quot;:&quot;none&quot;}\" data-widget_type=\"heading.default\">\n\t\t\t\t<div class=\"elementor-widget-container\">\n\t\t\t\t\t<h2 class=\"elementor-heading-title elementor-size-default\">Kongreden g\u00f6r\u00fcnt\u00fcler<\/h2>\t\t\t\t<\/div>\n\t\t\t\t<\/div>\n\t\t\t\t<div class=\"elementor-element elementor-element-7042619 elementor-widget elementor-widget-image\" data-id=\"7042619\" data-element_type=\"widget\" data-settings=\"{&quot;ekit_we_effect_on&quot;:&quot;none&quot;}\" data-widget_type=\"image.default\">\n\t\t\t\t<div class=\"elementor-widget-container\">\n\t\t\t\t\t\t\t\t\t\t\t\t\t\t\t<img decoding=\"async\" width=\"768\" height=\"577\" src=\"https:\/\/asc.academicianstudies.com\/12\/wp-content\/uploads\/2024\/02\/20231.png\" class=\"attachment-large size-large wp-image-14489\" alt=\"\" srcset=\"https:\/\/asc.academicianstudies.com\/12\/wp-content\/uploads\/2024\/02\/20231.png 768w, https:\/\/asc.academicianstudies.com\/12\/wp-content\/uploads\/2024\/02\/20231-300x225.png 300w, https:\/\/asc.academicianstudies.com\/12\/wp-content\/uploads\/2024\/02\/20231-16x12.png 16w\" sizes=\"(max-width: 768px) 100vw, 768px\" \/>\t\t\t\t\t\t\t\t\t\t\t\t\t\t\t<\/div>\n\t\t\t\t<\/div>\n\t\t\t\t<div class=\"elementor-element elementor-element-e281c0a elementor-widget elementor-widget-image\" data-id=\"e281c0a\" data-element_type=\"widget\" data-settings=\"{&quot;ekit_we_effect_on&quot;:&quot;none&quot;}\" data-widget_type=\"image.default\">\n\t\t\t\t<div class=\"elementor-widget-container\">\n\t\t\t\t\t\t\t\t\t\t\t\t\t\t\t<img decoding=\"async\" width=\"800\" height=\"601\" src=\"https:\/\/asc.academicianstudies.com\/12\/wp-content\/uploads\/2024\/02\/20232.png\" class=\"attachment-large size-large wp-image-14490\" alt=\"\" srcset=\"https:\/\/asc.academicianstudies.com\/12\/wp-content\/uploads\/2024\/02\/20232.png 945w, https:\/\/asc.academicianstudies.com\/12\/wp-content\/uploads\/2024\/02\/20232-300x225.png 300w, https:\/\/asc.academicianstudies.com\/12\/wp-content\/uploads\/2024\/02\/20232-768x577.png 768w, https:\/\/asc.academicianstudies.com\/12\/wp-content\/uploads\/2024\/02\/20232-16x12.png 16w\" sizes=\"(max-width: 800px) 100vw, 800px\" \/>\t\t\t\t\t\t\t\t\t\t\t\t\t\t\t<\/div>\n\t\t\t\t<\/div>\n\t\t\t\t<div class=\"elementor-element elementor-element-8eea843 elementor-widget elementor-widget-image\" data-id=\"8eea843\" data-element_type=\"widget\" data-settings=\"{&quot;ekit_we_effect_on&quot;:&quot;none&quot;}\" data-widget_type=\"image.default\">\n\t\t\t\t<div class=\"elementor-widget-container\">\n\t\t\t\t\t\t\t\t\t\t\t\t\t\t\t<img loading=\"lazy\" decoding=\"async\" width=\"800\" height=\"601\" src=\"https:\/\/asc.academicianstudies.com\/12\/wp-content\/uploads\/2024\/02\/20233.png\" class=\"attachment-large size-large wp-image-14491\" alt=\"\" srcset=\"https:\/\/asc.academicianstudies.com\/12\/wp-content\/uploads\/2024\/02\/20233.png 945w, https:\/\/asc.academicianstudies.com\/12\/wp-content\/uploads\/2024\/02\/20233-300x225.png 300w, https:\/\/asc.academicianstudies.com\/12\/wp-content\/uploads\/2024\/02\/20233-768x577.png 768w, https:\/\/asc.academicianstudies.com\/12\/wp-content\/uploads\/2024\/02\/20233-16x12.png 16w\" sizes=\"(max-width: 800px) 100vw, 800px\" \/>\t\t\t\t\t\t\t\t\t\t\t\t\t\t\t<\/div>\n\t\t\t\t<\/div>\n\t\t\t\t<div class=\"elementor-element elementor-element-0a4ea0a elementor-widget elementor-widget-image\" data-id=\"0a4ea0a\" data-element_type=\"widget\" data-settings=\"{&quot;ekit_we_effect_on&quot;:&quot;none&quot;}\" data-widget_type=\"image.default\">\n\t\t\t\t<div class=\"elementor-widget-container\">\n\t\t\t\t\t\t\t\t\t\t\t\t\t\t\t<img loading=\"lazy\" decoding=\"async\" width=\"800\" height=\"534\" src=\"https:\/\/asc.academicianstudies.com\/12\/wp-content\/uploads\/2024\/02\/20234.png\" class=\"attachment-large size-large wp-image-14492\" alt=\"\" srcset=\"https:\/\/asc.academicianstudies.com\/12\/wp-content\/uploads\/2024\/02\/20234.png 945w, https:\/\/asc.academicianstudies.com\/12\/wp-content\/uploads\/2024\/02\/20234-300x200.png 300w, https:\/\/asc.academicianstudies.com\/12\/wp-content\/uploads\/2024\/02\/20234-768x513.png 768w, https:\/\/asc.academicianstudies.com\/12\/wp-content\/uploads\/2024\/02\/20234-18x12.png 18w\" sizes=\"(max-width: 800px) 100vw, 800px\" \/>\t\t\t\t\t\t\t\t\t\t\t\t\t\t\t<\/div>\n\t\t\t\t<\/div>\n\t\t\t\t\t<\/div>\n\t\t<\/div>\n\t\t\t\t\t<\/div>\n\t\t<\/section>\n\t\t\t\t<section class=\"elementor-section elementor-top-section elementor-element elementor-element-3636da7d elementor-section-boxed elementor-section-height-default elementor-section-height-default\" data-id=\"3636da7d\" data-element_type=\"section\">\n\t\t\t\t\t\t<div class=\"elementor-container elementor-column-gap-default\">\n\t\t\t\t\t<div class=\"elementor-column elementor-col-100 elementor-top-column elementor-element elementor-element-6a7df44a\" data-id=\"6a7df44a\" data-element_type=\"column\">\n\t\t\t<div class=\"elementor-widget-wrap\">\n\t\t\t\t\t\t\t<\/div>\n\t\t<\/div>\n\t\t\t\t\t<\/div>\n\t\t<\/section>\n\t\t\t\t<\/div>\n\t\t","protected":false},"excerpt":{"rendered":"<p>ASC-2023 \/ Bahar ASC-2023 \/ Bahar V. Akademik \u00e7al\u0131\u015fmalar kongresi Pakistan\u2019\u0131n Multan \u015fehrinde MNS- Universtity of Agriculture, Multan da ger\u00e7ekle\u015ftirilmi\u015ftir. Kongreye 374 bildiri Kabul edilmi\u015ftir. Y\u00fczy\u00fcze 70 bildirinin ger\u00e7ekle\u015ftirildi\u011fi kongreye kat\u0131lan \u00fclkeler; Zaire, Malaysia, Pakistan, Cyprus, India, Kyrgyzstan, China, Uzbekistan, Burundi, Iran (Islamic Republic of), Nigeria, Afghanistan, Australi \u00a0 ASC-2023\/SPRING Kat\u0131l\u0131m Belgenizi Bildiri Y\u00fckleme Sayfas\u0131ndan [&hellip;]<\/p>\n","protected":false},"author":1,"featured_media":0,"parent":0,"menu_order":0,"comment_status":"closed","ping_status":"closed","template":"elementor_header_footer","meta":{"footnotes":""},"class_list":["post-13411","page","type-page","status-publish","hentry"],"_links":{"self":[{"href":"https:\/\/asc.academicianstudies.com\/12\/index.php?rest_route=\/wp\/v2\/pages\/13411","targetHints":{"allow":["GET"]}}],"collection":[{"href":"https:\/\/asc.academicianstudies.com\/12\/index.php?rest_route=\/wp\/v2\/pages"}],"about":[{"href":"https:\/\/asc.academicianstudies.com\/12\/index.php?rest_route=\/wp\/v2\/types\/page"}],"author":[{"embeddable":true,"href":"https:\/\/asc.academicianstudies.com\/12\/index.php?rest_route=\/wp\/v2\/users\/1"}],"replies":[{"embeddable":true,"href":"https:\/\/asc.academicianstudies.com\/12\/index.php?rest_route=%2Fwp%2Fv2%2Fcomments&post=13411"}],"version-history":[{"count":0,"href":"https:\/\/asc.academicianstudies.com\/12\/index.php?rest_route=\/wp\/v2\/pages\/13411\/revisions"}],"wp:attachment":[{"href":"https:\/\/asc.academicianstudies.com\/12\/index.php?rest_route=%2Fwp%2Fv2%2Fmedia&parent=13411"}],"curies":[{"name":"wp","href":"https:\/\/api.w.org\/{rel}","templated":true}]}}