{"id":15154,"date":"2024-12-23T09:08:52","date_gmt":"2024-12-23T09:08:52","guid":{"rendered":"https:\/\/asc.academicianstudies.com\/?page_id=15154"},"modified":"2025-02-22T19:53:21","modified_gmt":"2025-02-22T19:53:21","slug":"asc-2024-fall","status":"publish","type":"page","link":"https:\/\/asc.academicianstudies.com\/12\/?page_id=15154","title":{"rendered":"ASC-2024\/Fall"},"content":{"rendered":"\t\t<div data-elementor-type=\"wp-page\" data-elementor-id=\"15154\" class=\"elementor elementor-15154\">\n\t\t\t\t\t\t<section class=\"elementor-section elementor-top-section elementor-element elementor-element-2b9dcc6 elementor-section-full_width elementor-section-height-default elementor-section-height-default\" data-id=\"2b9dcc6\" data-element_type=\"section\" data-settings=\"{&quot;background_background&quot;:&quot;classic&quot;}\">\n\t\t\t\t\t\t<div class=\"elementor-container elementor-column-gap-default\">\n\t\t\t\t\t<div class=\"elementor-column elementor-col-100 elementor-top-column elementor-element elementor-element-14eab9a\" data-id=\"14eab9a\" data-element_type=\"column\">\n\t\t\t<div class=\"elementor-widget-wrap elementor-element-populated\">\n\t\t\t\t\t\t<div class=\"elementor-element elementor-element-6923641 elementor-widget elementor-widget-spacer\" data-id=\"6923641\" data-element_type=\"widget\" data-settings=\"{&quot;ekit_we_effect_on&quot;:&quot;none&quot;}\" data-widget_type=\"spacer.default\">\n\t\t\t\t<div class=\"elementor-widget-container\">\n\t\t\t\t\t\t\t<div class=\"elementor-spacer\">\n\t\t\t<div class=\"elementor-spacer-inner\"><\/div>\n\t\t<\/div>\n\t\t\t\t\t\t<\/div>\n\t\t\t\t<\/div>\n\t\t\t\t<div class=\"elementor-element elementor-element-e2edac2 elementor-widget elementor-widget-heading\" data-id=\"e2edac2\" data-element_type=\"widget\" data-settings=\"{&quot;ekit_we_effect_on&quot;:&quot;none&quot;}\" data-widget_type=\"heading.default\">\n\t\t\t\t<div class=\"elementor-widget-container\">\n\t\t\t\t\t<h1 class=\"elementor-heading-title elementor-size-default\">ASC-2024 \/ Sonbahar<\/h1>\t\t\t\t<\/div>\n\t\t\t\t<\/div>\n\t\t\t\t<div class=\"elementor-element elementor-element-1f682ca elementor-widget elementor-widget-spacer\" data-id=\"1f682ca\" data-element_type=\"widget\" data-settings=\"{&quot;ekit_we_effect_on&quot;:&quot;none&quot;}\" data-widget_type=\"spacer.default\">\n\t\t\t\t<div class=\"elementor-widget-container\">\n\t\t\t\t\t\t\t<div class=\"elementor-spacer\">\n\t\t\t<div class=\"elementor-spacer-inner\"><\/div>\n\t\t<\/div>\n\t\t\t\t\t\t<\/div>\n\t\t\t\t<\/div>\n\t\t\t\t\t<\/div>\n\t\t<\/div>\n\t\t\t\t\t<\/div>\n\t\t<\/section>\n\t\t\t\t<section class=\"elementor-section elementor-top-section elementor-element elementor-element-35d5e7e elementor-section-boxed elementor-section-height-default elementor-section-height-default\" data-id=\"35d5e7e\" data-element_type=\"section\">\n\t\t\t\t\t\t<div class=\"elementor-container elementor-column-gap-default\">\n\t\t\t\t\t<div class=\"elementor-column elementor-col-100 elementor-top-column elementor-element elementor-element-9410e54\" data-id=\"9410e54\" data-element_type=\"column\">\n\t\t\t<div class=\"elementor-widget-wrap elementor-element-populated\">\n\t\t\t\t\t\t<div class=\"elementor-element elementor-element-9a894c3 elementor-widget elementor-widget-spacer\" data-id=\"9a894c3\" data-element_type=\"widget\" data-settings=\"{&quot;ekit_we_effect_on&quot;:&quot;none&quot;}\" data-widget_type=\"spacer.default\">\n\t\t\t\t<div class=\"elementor-widget-container\">\n\t\t\t\t\t\t\t<div class=\"elementor-spacer\">\n\t\t\t<div class=\"elementor-spacer-inner\"><\/div>\n\t\t<\/div>\n\t\t\t\t\t\t<\/div>\n\t\t\t\t<\/div>\n\t\t\t\t\t<\/div>\n\t\t<\/div>\n\t\t\t\t\t<\/div>\n\t\t<\/section>\n\t\t\t\t<section class=\"elementor-section elementor-top-section elementor-element elementor-element-9fd1422 elementor-section-boxed elementor-section-height-default elementor-section-height-default\" data-id=\"9fd1422\" data-element_type=\"section\">\n\t\t\t\t\t\t<div class=\"elementor-container elementor-column-gap-default\">\n\t\t\t\t\t<div class=\"elementor-column elementor-col-66 elementor-top-column elementor-element elementor-element-6608eb9\" data-id=\"6608eb9\" data-element_type=\"column\">\n\t\t\t<div class=\"elementor-widget-wrap elementor-element-populated\">\n\t\t\t\t\t\t<div class=\"elementor-element elementor-element-380ef23 elementor-widget elementor-widget-heading\" data-id=\"380ef23\" data-element_type=\"widget\" data-settings=\"{&quot;ekit_we_effect_on&quot;:&quot;none&quot;}\" data-widget_type=\"heading.default\">\n\t\t\t\t<div class=\"elementor-widget-container\">\n\t\t\t\t\t<h2 class=\"elementor-heading-title elementor-size-default\">ASC-2024 \/ Sonbahar<\/h2>\t\t\t\t<\/div>\n\t\t\t\t<\/div>\n\t\t\t\t<div class=\"elementor-element elementor-element-892d873 elementor-widget elementor-widget-image\" data-id=\"892d873\" data-element_type=\"widget\" data-settings=\"{&quot;ekit_we_effect_on&quot;:&quot;none&quot;}\" data-widget_type=\"image.default\">\n\t\t\t\t<div class=\"elementor-widget-container\">\n\t\t\t\t\t\t\t\t\t\t\t\t\t\t\t<img fetchpriority=\"high\" decoding=\"async\" width=\"210\" height=\"300\" src=\"https:\/\/asc.academicianstudies.com\/12\/wp-content\/uploads\/2024\/06\/uzbeken-210x300.jpeg\" class=\"attachment-medium size-medium wp-image-14980\" alt=\"\" srcset=\"https:\/\/asc.academicianstudies.com\/12\/wp-content\/uploads\/2024\/06\/uzbeken-210x300.jpeg 210w, https:\/\/asc.academicianstudies.com\/12\/wp-content\/uploads\/2024\/06\/uzbeken-716x1024.jpeg 716w, https:\/\/asc.academicianstudies.com\/12\/wp-content\/uploads\/2024\/06\/uzbeken-768x1098.jpeg 768w, https:\/\/asc.academicianstudies.com\/12\/wp-content\/uploads\/2024\/06\/uzbeken-1074x1536.jpeg 1074w, https:\/\/asc.academicianstudies.com\/12\/wp-content\/uploads\/2024\/06\/uzbeken-8x12.jpeg 8w, https:\/\/asc.academicianstudies.com\/12\/wp-content\/uploads\/2024\/06\/uzbeken.jpeg 1119w\" sizes=\"(max-width: 210px) 100vw, 210px\" \/>\t\t\t\t\t\t\t\t\t\t\t\t\t\t\t<\/div>\n\t\t\t\t<\/div>\n\t\t\t\t<div class=\"elementor-element elementor-element-1336d7a elementor-widget elementor-widget-text-editor\" data-id=\"1336d7a\" data-element_type=\"widget\" data-settings=\"{&quot;ekit_we_effect_on&quot;:&quot;none&quot;}\" data-widget_type=\"text-editor.default\">\n\t\t\t\t<div class=\"elementor-widget-container\">\n\t\t\t\t\t\t\t\t\t<p>VIII. Akademik \u00e7al\u0131\u015fmalar kongresi \u00d6zbekistan&#8217;\u0131n Andizhan \u015eehrinde Andizhan State \u00dcniversitesinin ev sahipli\u011finde ger\u00e7ekle\u015ftirilmi\u015ftir.\u00a0 \u00a0<\/p>\n<p>\u00a0<\/p>\t\t\t\t\t\t\t\t<\/div>\n\t\t\t\t<\/div>\n\t\t\t\t<div class=\"elementor-element elementor-element-19ef4aec elementor-widget elementor-widget-text-editor\" data-id=\"19ef4aec\" data-element_type=\"widget\" data-settings=\"{&quot;ekit_we_effect_on&quot;:&quot;none&quot;}\" data-widget_type=\"text-editor.default\">\n\t\t\t\t<div class=\"elementor-widget-container\">\n\t\t\t\t\t\t\t\t\t<div class=\"wp-block-file\"><a href=\"https:\/\/events.academicianstudies.com\/event\/15\/abstracts\/#submit-abstract\">ASC-2024\/FALL Kat\u0131l\u0131m Belgenizi Bildiri Y\u00fckleme Sayfas\u0131ndan \u0130ndirebilirsiniz<\/a><a class=\"wp-block-file__button\" href=\"https:\/\/cmt3.research.microsoft.com\/User\/Login?ReturnUrl=%2FASC2024\">Giri\u015f<\/a><\/div>\n<div class=\"wp-block-file\"><a href=\"https:\/\/asc.academicianstudies.com\/12\/12\/wp-content\/uploads\/2024\/09\/Program-ASC-8_FINAL-1.pdf\">ASC-2024\/FALL Kongre Program\u0131na a\u015fa\u011f\u0131daki linkten eri\u015febilirsiniz! <\/a><a class=\"wp-block-file__button\" href=\"https:\/\/asc.academicianstudies.com\/12\/12\/wp-content\/uploads\/2024\/09\/Program-ASC-8_FINAL-1.pdf\">ASC-2024\/ Fall Program<\/a><\/div>\n<p><\/p>\n<div class=\"wp-block-file\"><a href=\"https:\/\/asc.academicianstudies.com\/12\/12\/wp-content\/uploads\/2025\/01\/VIII.-ASC-2024-FALL-CONGRESS-proceeding-book.pdf\">ASC-2024\/FALL \u00d6zet Kitap\u00e7\u0131\u011f\u0131<\/a><a class=\"wp-block-file__button\" href=\"https:\/\/asc.academicianstudies.com\/12\/12\/wp-content\/uploads\/2025\/01\/VIII.-ASC-2024-FALL-CONGRESS-proceeding-book.pdf\" download=\"\">\u0130ndir<\/a><\/div>\n<p><\/p>\n<div class=\"wp-block-file\"><a href=\"https:\/\/asc.academicianstudies.com\/12\/12\/wp-content\/uploads\/2025\/01\/Spring-Congress-tam-metin-E-KITAP-09-.pdf\">ASC-2024\/FALL Tam Metin Kitap\u00e7\u0131\u011f<\/a>\u0131<a class=\"wp-block-file__button\" href=\"https:\/\/asc.academicianstudies.com\/12\/12\/wp-content\/uploads\/2025\/01\/Spring-Congress-tam-metin-E-KITAP-09-.pdf\" download=\"\">\u0130ndir<\/a><\/div>\n<div>\n<div class=\"wp-block-file\">\u00a0<\/div>\n<p><\/p>\n<\/div>\n<p><\/p>\n<p><\/p>\t\t\t\t\t\t\t\t<\/div>\n\t\t\t\t<\/div>\n\t\t\t\t\t<\/div>\n\t\t<\/div>\n\t\t\t\t<div class=\"elementor-column elementor-col-33 elementor-top-column elementor-element elementor-element-96dd8de\" data-id=\"96dd8de\" data-element_type=\"column\">\n\t\t\t<div class=\"elementor-widget-wrap elementor-element-populated\">\n\t\t\t\t\t\t<div class=\"elementor-element elementor-element-417fc7c elementor-widget elementor-widget-heading\" data-id=\"417fc7c\" data-element_type=\"widget\" data-settings=\"{&quot;ekit_we_effect_on&quot;:&quot;none&quot;}\" data-widget_type=\"heading.default\">\n\t\t\t\t<div class=\"elementor-widget-container\">\n\t\t\t\t\t<h2 class=\"elementor-heading-title elementor-size-default\">Kongreden g\u00f6r\u00fcnt\u00fcler<\/h2>\t\t\t\t<\/div>\n\t\t\t\t<\/div>\n\t\t\t\t<div class=\"elementor-element elementor-element-998eb88 elementor-widget elementor-widget-video\" data-id=\"998eb88\" data-element_type=\"widget\" data-settings=\"{&quot;video_type&quot;:&quot;hosted&quot;,&quot;controls&quot;:&quot;yes&quot;,&quot;ekit_we_effect_on&quot;:&quot;none&quot;}\" data-widget_type=\"video.default\">\n\t\t\t\t<div class=\"elementor-widget-container\">\n\t\t\t\t\t\t\t<div class=\"e-hosted-video elementor-wrapper elementor-open-inline\">\n\t\t\t\t\t<video class=\"elementor-video\" src=\"https:\/\/asc.academicianstudies.com\/12\/12\/wp-content\/uploads\/2024\/12\/ozbvid.mp4\" controls=\"\" preload=\"metadata\" controlsList=\"nodownload\" poster=\"https:\/\/asc.academicianstudies.com\/12\/12\/wp-content\/uploads\/2024\/06\/uzbeken.jpeg\"><\/video>\n\t\t\t\t<\/div>\n\t\t\t\t\t\t<\/div>\n\t\t\t\t<\/div>\n\t\t\t\t<div class=\"elementor-element elementor-element-e281c0a elementor-widget elementor-widget-image\" data-id=\"e281c0a\" data-element_type=\"widget\" data-settings=\"{&quot;ekit_we_effect_on&quot;:&quot;none&quot;}\" data-widget_type=\"image.default\">\n\t\t\t\t<div class=\"elementor-widget-container\">\n\t\t\t\t\t\t\t\t\t\t\t\t\t\t\t<img decoding=\"async\" width=\"800\" height=\"533\" src=\"https:\/\/asc.academicianstudies.com\/12\/wp-content\/uploads\/2024\/12\/ozbe1-1024x682.jpeg\" class=\"attachment-large size-large wp-image-15182\" alt=\"\" srcset=\"https:\/\/asc.academicianstudies.com\/12\/wp-content\/uploads\/2024\/12\/ozbe1-1024x682.jpeg 1024w, https:\/\/asc.academicianstudies.com\/12\/wp-content\/uploads\/2024\/12\/ozbe1-300x200.jpeg 300w, https:\/\/asc.academicianstudies.com\/12\/wp-content\/uploads\/2024\/12\/ozbe1-768x512.jpeg 768w, https:\/\/asc.academicianstudies.com\/12\/wp-content\/uploads\/2024\/12\/ozbe1-1536x1023.jpeg 1536w, https:\/\/asc.academicianstudies.com\/12\/wp-content\/uploads\/2024\/12\/ozbe1-18x12.jpeg 18w, https:\/\/asc.academicianstudies.com\/12\/wp-content\/uploads\/2024\/12\/ozbe1.jpeg 1600w\" sizes=\"(max-width: 800px) 100vw, 800px\" \/>\t\t\t\t\t\t\t\t\t\t\t\t\t\t\t<\/div>\n\t\t\t\t<\/div>\n\t\t\t\t<div class=\"elementor-element elementor-element-7042619 elementor-widget elementor-widget-image\" data-id=\"7042619\" data-element_type=\"widget\" data-settings=\"{&quot;ekit_we_effect_on&quot;:&quot;none&quot;}\" data-widget_type=\"image.default\">\n\t\t\t\t<div class=\"elementor-widget-container\">\n\t\t\t\t\t\t\t\t\t\t\t\t\t\t\t<img decoding=\"async\" width=\"800\" height=\"533\" src=\"https:\/\/asc.academicianstudies.com\/12\/wp-content\/uploads\/2024\/12\/ozbe2-1024x682.jpeg\" class=\"attachment-large size-large wp-image-15184\" alt=\"\" srcset=\"https:\/\/asc.academicianstudies.com\/12\/wp-content\/uploads\/2024\/12\/ozbe2-1024x682.jpeg 1024w, https:\/\/asc.academicianstudies.com\/12\/wp-content\/uploads\/2024\/12\/ozbe2-300x200.jpeg 300w, https:\/\/asc.academicianstudies.com\/12\/wp-content\/uploads\/2024\/12\/ozbe2-768x512.jpeg 768w, https:\/\/asc.academicianstudies.com\/12\/wp-content\/uploads\/2024\/12\/ozbe2-1536x1023.jpeg 1536w, https:\/\/asc.academicianstudies.com\/12\/wp-content\/uploads\/2024\/12\/ozbe2-18x12.jpeg 18w, https:\/\/asc.academicianstudies.com\/12\/wp-content\/uploads\/2024\/12\/ozbe2.jpeg 1600w\" sizes=\"(max-width: 800px) 100vw, 800px\" \/>\t\t\t\t\t\t\t\t\t\t\t\t\t\t\t<\/div>\n\t\t\t\t<\/div>\n\t\t\t\t<div class=\"elementor-element elementor-element-8eea843 elementor-widget elementor-widget-image\" data-id=\"8eea843\" data-element_type=\"widget\" data-settings=\"{&quot;ekit_we_effect_on&quot;:&quot;none&quot;}\" data-widget_type=\"image.default\">\n\t\t\t\t<div class=\"elementor-widget-container\">\n\t\t\t\t\t\t\t\t\t\t\t\t\t\t\t<img loading=\"lazy\" decoding=\"async\" width=\"800\" height=\"533\" src=\"https:\/\/asc.academicianstudies.com\/12\/wp-content\/uploads\/2024\/12\/ozb3-1024x682.jpeg\" class=\"attachment-large size-large wp-image-15176\" alt=\"\" srcset=\"https:\/\/asc.academicianstudies.com\/12\/wp-content\/uploads\/2024\/12\/ozb3-1024x682.jpeg 1024w, https:\/\/asc.academicianstudies.com\/12\/wp-content\/uploads\/2024\/12\/ozb3-300x200.jpeg 300w, https:\/\/asc.academicianstudies.com\/12\/wp-content\/uploads\/2024\/12\/ozb3-768x512.jpeg 768w, https:\/\/asc.academicianstudies.com\/12\/wp-content\/uploads\/2024\/12\/ozb3-1536x1023.jpeg 1536w, https:\/\/asc.academicianstudies.com\/12\/wp-content\/uploads\/2024\/12\/ozb3-18x12.jpeg 18w, https:\/\/asc.academicianstudies.com\/12\/wp-content\/uploads\/2024\/12\/ozb3.jpeg 1600w\" sizes=\"(max-width: 800px) 100vw, 800px\" \/>\t\t\t\t\t\t\t\t\t\t\t\t\t\t\t<\/div>\n\t\t\t\t<\/div>\n\t\t\t\t<div class=\"elementor-element elementor-element-11b5296 elementor-widget elementor-widget-image\" data-id=\"11b5296\" data-element_type=\"widget\" data-settings=\"{&quot;ekit_we_effect_on&quot;:&quot;none&quot;}\" data-widget_type=\"image.default\">\n\t\t\t\t<div class=\"elementor-widget-container\">\n\t\t\t\t\t\t\t\t\t\t\t\t\t\t\t<img loading=\"lazy\" decoding=\"async\" width=\"800\" height=\"533\" src=\"https:\/\/asc.academicianstudies.com\/12\/wp-content\/uploads\/2024\/12\/ozbe3-1024x682.jpeg\" class=\"attachment-large size-large wp-image-15185\" alt=\"\" srcset=\"https:\/\/asc.academicianstudies.com\/12\/wp-content\/uploads\/2024\/12\/ozbe3-1024x682.jpeg 1024w, https:\/\/asc.academicianstudies.com\/12\/wp-content\/uploads\/2024\/12\/ozbe3-300x200.jpeg 300w, https:\/\/asc.academicianstudies.com\/12\/wp-content\/uploads\/2024\/12\/ozbe3-768x512.jpeg 768w, https:\/\/asc.academicianstudies.com\/12\/wp-content\/uploads\/2024\/12\/ozbe3-1536x1023.jpeg 1536w, https:\/\/asc.academicianstudies.com\/12\/wp-content\/uploads\/2024\/12\/ozbe3-18x12.jpeg 18w, https:\/\/asc.academicianstudies.com\/12\/wp-content\/uploads\/2024\/12\/ozbe3.jpeg 1600w\" sizes=\"(max-width: 800px) 100vw, 800px\" \/>\t\t\t\t\t\t\t\t\t\t\t\t\t\t\t<\/div>\n\t\t\t\t<\/div>\n\t\t\t\t\t<\/div>\n\t\t<\/div>\n\t\t\t\t\t<\/div>\n\t\t<\/section>\n\t\t\t\t<section class=\"elementor-section elementor-top-section elementor-element elementor-element-3636da7d elementor-section-boxed elementor-section-height-default elementor-section-height-default\" data-id=\"3636da7d\" data-element_type=\"section\">\n\t\t\t\t\t\t<div class=\"elementor-container elementor-column-gap-default\">\n\t\t\t\t\t<div class=\"elementor-column elementor-col-100 elementor-top-column elementor-element elementor-element-6a7df44a\" data-id=\"6a7df44a\" data-element_type=\"column\">\n\t\t\t<div class=\"elementor-widget-wrap\">\n\t\t\t\t\t\t\t<\/div>\n\t\t<\/div>\n\t\t\t\t\t<\/div>\n\t\t<\/section>\n\t\t\t\t<\/div>\n\t\t","protected":false},"excerpt":{"rendered":"<p>ASC-2024 \/ Sonbahar ASC-2024 \/ Sonbahar VIII. Akademik \u00e7al\u0131\u015fmalar kongresi \u00d6zbekistan&#8217;\u0131n Andizhan \u015eehrinde Andizhan State \u00dcniversitesinin ev sahipli\u011finde ger\u00e7ekle\u015ftirilmi\u015ftir.\u00a0 \u00a0 \u00a0 ASC-2024\/FALL Kat\u0131l\u0131m Belgenizi Bildiri Y\u00fckleme Sayfas\u0131ndan \u0130ndirebilirsinizGiri\u015f ASC-2024\/FALL Kongre Program\u0131na a\u015fa\u011f\u0131daki linkten eri\u015febilirsiniz! ASC-2024\/ Fall Program Kongreden g\u00f6r\u00fcnt\u00fcler https:\/\/asc.academicianstudies.com\/12\/wp-content\/uploads\/2024\/12\/ozbvid.mp4<\/p>\n","protected":false},"author":1,"featured_media":0,"parent":0,"menu_order":0,"comment_status":"closed","ping_status":"closed","template":"elementor_header_footer","meta":{"footnotes":""},"class_list":["post-15154","page","type-page","status-publish","hentry"],"_links":{"self":[{"href":"https:\/\/asc.academicianstudies.com\/12\/index.php?rest_route=\/wp\/v2\/pages\/15154","targetHints":{"allow":["GET"]}}],"collection":[{"href":"https:\/\/asc.academicianstudies.com\/12\/index.php?rest_route=\/wp\/v2\/pages"}],"about":[{"href":"https:\/\/asc.academicianstudies.com\/12\/index.php?rest_route=\/wp\/v2\/types\/page"}],"author":[{"embeddable":true,"href":"https:\/\/asc.academicianstudies.com\/12\/index.php?rest_route=\/wp\/v2\/users\/1"}],"replies":[{"embeddable":true,"href":"https:\/\/asc.academicianstudies.com\/12\/index.php?rest_route=%2Fwp%2Fv2%2Fcomments&post=15154"}],"version-history":[{"count":0,"href":"https:\/\/asc.academicianstudies.com\/12\/index.php?rest_route=\/wp\/v2\/pages\/15154\/revisions"}],"wp:attachment":[{"href":"https:\/\/asc.academicianstudies.com\/12\/index.php?rest_route=%2Fwp%2Fv2%2Fmedia&parent=15154"}],"curies":[{"name":"wp","href":"https:\/\/api.w.org\/{rel}","templated":true}]}}