{"id":1884,"date":"2021-02-12T17:14:34","date_gmt":"2021-02-12T17:14:34","guid":{"rendered":"https:\/\/asc.academicianstudies.com\/?page_id=1884"},"modified":"2025-02-22T19:59:53","modified_gmt":"2025-02-22T19:59:53","slug":"hakkimizda","status":"publish","type":"page","link":"https:\/\/asc.academicianstudies.com\/12\/?page_id=1884","title":{"rendered":"Hakk\u0131m\u0131zda"},"content":{"rendered":"\t\t<div data-elementor-type=\"wp-page\" data-elementor-id=\"1884\" class=\"elementor elementor-1884\">\n\t\t\t\t\t\t<section class=\"elementor-section elementor-top-section elementor-element elementor-element-089b5ce elementor-section-boxed elementor-section-height-default elementor-section-height-default\" data-id=\"089b5ce\" data-element_type=\"section\" data-settings=\"{&quot;background_background&quot;:&quot;classic&quot;}\">\n\t\t\t\t\t\t<div class=\"elementor-container elementor-column-gap-default\">\n\t\t\t\t\t<div class=\"elementor-column elementor-col-100 elementor-top-column elementor-element elementor-element-ebd2d0e\" data-id=\"ebd2d0e\" data-element_type=\"column\">\n\t\t\t<div class=\"elementor-widget-wrap elementor-element-populated\">\n\t\t\t\t\t\t<div class=\"elementor-element elementor-element-e0054fc elementor-widget elementor-widget-spacer\" data-id=\"e0054fc\" data-element_type=\"widget\" data-settings=\"{&quot;ekit_we_effect_on&quot;:&quot;none&quot;}\" data-widget_type=\"spacer.default\">\n\t\t\t\t<div class=\"elementor-widget-container\">\n\t\t\t\t\t\t\t<div class=\"elementor-spacer\">\n\t\t\t<div class=\"elementor-spacer-inner\"><\/div>\n\t\t<\/div>\n\t\t\t\t\t\t<\/div>\n\t\t\t\t<\/div>\n\t\t\t\t<div class=\"elementor-element elementor-element-4c543af elementor-widget elementor-widget-spacer\" data-id=\"4c543af\" data-element_type=\"widget\" data-settings=\"{&quot;ekit_we_effect_on&quot;:&quot;none&quot;}\" data-widget_type=\"spacer.default\">\n\t\t\t\t<div class=\"elementor-widget-container\">\n\t\t\t\t\t\t\t<div class=\"elementor-spacer\">\n\t\t\t<div class=\"elementor-spacer-inner\"><\/div>\n\t\t<\/div>\n\t\t\t\t\t\t<\/div>\n\t\t\t\t<\/div>\n\t\t\t\t\t<\/div>\n\t\t<\/div>\n\t\t\t\t\t<\/div>\n\t\t<\/section>\n\t\t\t\t<section class=\"elementor-section elementor-top-section elementor-element elementor-element-b5dfcff elementor-section-boxed elementor-section-height-default elementor-section-height-default\" data-id=\"b5dfcff\" data-element_type=\"section\">\n\t\t\t\t\t\t<div class=\"elementor-container elementor-column-gap-default\">\n\t\t\t\t\t<div class=\"elementor-column elementor-col-100 elementor-top-column elementor-element elementor-element-1a616a8\" data-id=\"1a616a8\" data-element_type=\"column\">\n\t\t\t<div class=\"elementor-widget-wrap elementor-element-populated\">\n\t\t\t\t\t\t<div class=\"elementor-element elementor-element-6fe97b9 elementor-widget elementor-widget-spacer\" data-id=\"6fe97b9\" data-element_type=\"widget\" data-settings=\"{&quot;ekit_we_effect_on&quot;:&quot;none&quot;}\" data-widget_type=\"spacer.default\">\n\t\t\t\t<div class=\"elementor-widget-container\">\n\t\t\t\t\t\t\t<div class=\"elementor-spacer\">\n\t\t\t<div class=\"elementor-spacer-inner\"><\/div>\n\t\t<\/div>\n\t\t\t\t\t\t<\/div>\n\t\t\t\t<\/div>\n\t\t\t\t\t<\/div>\n\t\t<\/div>\n\t\t\t\t\t<\/div>\n\t\t<\/section>\n\t\t\t\t<section class=\"elementor-section elementor-top-section elementor-element elementor-element-389a21a elementor-section-boxed elementor-section-height-default elementor-section-height-default\" data-id=\"389a21a\" data-element_type=\"section\">\n\t\t\t\t\t\t<div class=\"elementor-container elementor-column-gap-default\">\n\t\t\t\t\t<div class=\"elementor-column elementor-col-100 elementor-top-column elementor-element elementor-element-dd48a53\" data-id=\"dd48a53\" data-element_type=\"column\">\n\t\t\t<div class=\"elementor-widget-wrap elementor-element-populated\">\n\t\t\t\t\t\t<div class=\"elementor-element elementor-element-b5c319b elementor-widget elementor-widget-elementskit-heading\" data-id=\"b5c319b\" data-element_type=\"widget\" data-settings=\"{&quot;ekit_we_effect_on&quot;:&quot;none&quot;}\" data-widget_type=\"elementskit-heading.default\">\n\t\t\t\t<div class=\"elementor-widget-container\">\n\t\t\t\t\t<div class=\"ekit-wid-con\" ><div class=\"ekit-heading elementskit-section-title-wraper text_center   ekit_heading_tablet-   ekit_heading_mobile-\"><h2 class=\"ekit-heading--title elementskit-section-title \"><span><span>Akademik \u00c7al\u0131\u015fmalar Grubu Hakk\u0131nda<\/span><\/span><\/h2><div class=\"ekit_heading_separetor_wraper ekit_heading_elementskit-border-divider ekit-dotted\"><div class=\"elementskit-border-divider ekit-dotted\"><\/div><\/div><\/div><\/div>\t\t\t\t<\/div>\n\t\t\t\t<\/div>\n\t\t\t\t\t<\/div>\n\t\t<\/div>\n\t\t\t\t\t<\/div>\n\t\t<\/section>\n\t\t\t\t<section class=\"elementor-section elementor-top-section elementor-element elementor-element-62f1bca elementor-section-boxed elementor-section-height-default elementor-section-height-default\" data-id=\"62f1bca\" data-element_type=\"section\">\n\t\t\t\t\t\t<div class=\"elementor-container elementor-column-gap-default\">\n\t\t\t\t\t<div class=\"elementor-column elementor-col-33 elementor-top-column elementor-element elementor-element-5ca04dc\" data-id=\"5ca04dc\" data-element_type=\"column\">\n\t\t\t<div class=\"elementor-widget-wrap elementor-element-populated\">\n\t\t\t\t\t\t<div class=\"elementor-element elementor-element-b222b83 elementor-widget elementor-widget-image\" data-id=\"b222b83\" data-element_type=\"widget\" data-settings=\"{&quot;ekit_we_effect_on&quot;:&quot;none&quot;}\" data-widget_type=\"image.default\">\n\t\t\t\t<div class=\"elementor-widget-container\">\n\t\t\t\t\t\t\t\t\t\t\t\t\t\t\t<img fetchpriority=\"high\" decoding=\"async\" width=\"300\" height=\"221\" src=\"https:\/\/asc.academicianstudies.com\/12\/wp-content\/uploads\/2024\/02\/akademik_logo-02-300x221.png\" class=\"attachment-medium size-medium wp-image-14332\" alt=\"\" srcset=\"https:\/\/asc.academicianstudies.com\/12\/wp-content\/uploads\/2024\/02\/akademik_logo-02-300x221.png 300w, https:\/\/asc.academicianstudies.com\/12\/wp-content\/uploads\/2024\/02\/akademik_logo-02-16x12.png 16w, https:\/\/asc.academicianstudies.com\/12\/wp-content\/uploads\/2024\/02\/akademik_logo-02.png 562w\" sizes=\"(max-width: 300px) 100vw, 300px\" \/>\t\t\t\t\t\t\t\t\t\t\t\t\t\t\t<\/div>\n\t\t\t\t<\/div>\n\t\t\t\t\t<\/div>\n\t\t<\/div>\n\t\t\t\t<div class=\"elementor-column elementor-col-66 elementor-top-column elementor-element elementor-element-df9aeaf\" data-id=\"df9aeaf\" data-element_type=\"column\">\n\t\t\t<div class=\"elementor-widget-wrap elementor-element-populated\">\n\t\t\t\t\t\t<div class=\"elementor-element elementor-element-51c0625 elementor-widget elementor-widget-text-editor\" data-id=\"51c0625\" data-element_type=\"widget\" data-settings=\"{&quot;ekit_we_effect_on&quot;:&quot;none&quot;}\" data-widget_type=\"text-editor.default\">\n\t\t\t\t<div class=\"elementor-widget-container\">\n\t\t\t\t\t\t\t\t\t<p>Akademik \u00c7al\u0131\u015fmalar Grubu, 2020 y\u0131l\u0131nda akademik bilgi payla\u015f\u0131m\u0131n\u0131 te\u015fvik etmek, bilimsel \u00fcretimi desteklemek ve yenilik\u00e7i fikirlerin akademik \u00e7evrede yay\u0131l\u0131m\u0131n\u0131 sa\u011flamak amac\u0131yla kurulmu\u015ftur. Bu do\u011frultuda faaliyetlerini geni\u015fleten grubumuz, 2022 y\u0131l\u0131nda kurumsal yap\u0131s\u0131n\u0131 g\u00fc\u00e7lendirerek dernek stat\u00fcs\u00fc kazanm\u0131\u015f ve uluslararas\u0131 akademik i\u015f birli\u011fini daha sistematik bir \u00e7er\u00e7eveye oturtmu\u015ftur. G\u00fcn\u00fcm\u00fczde, T\u00fcrkiye\u2019den 1000 ve d\u00fcnyan\u0131n \u00e7e\u015fitli \u00fclkelerinden 300 akademisyenin aktif kat\u0131l\u0131m\u0131yla k\u00fcresel \u00f6l\u00e7ekte faaliyet g\u00f6steren bir akademik platform konumundad\u0131r.<\/p><p>Disiplinler aras\u0131 i\u015f birli\u011fini te\u015fvik eden ve bilimsel \u00fcretimi sistematik hale getiren grubumuz; akademik projeler, hakemli dergi yay\u0131nlar\u0131 ve uluslararas\u0131 kongreler gibi \u00e7e\u015fitli bilimsel faaliyetler y\u00fcr\u00fctmektedir. Uluslararas\u0131 yay\u0131nevleri arac\u0131l\u0131\u011f\u0131yla yay\u0131mlanan akademik kitaplar, TRDizin ve uluslararas\u0131 indekslerde taranan bilimsel dergiler ile her y\u0131l d\u00fczenlenen uluslararas\u0131 kongreler, grubumuzun akademik camiaya sundu\u011fu temel katk\u0131lar aras\u0131nda yer almaktad\u0131r. Akademik te\u015fvik ve do\u00e7entlik kriterlerine uygun olarak d\u00fczenlenen kongrelerimiz, geni\u015f bir akademik kat\u0131l\u0131mla ger\u00e7ekle\u015fmekte ve bilimsel etkile\u015fimi en \u00fcst d\u00fczeye \u00e7\u0131karmay\u0131 hedeflemektedir.<\/p><p>G\u00f6n\u00fcll\u00fcl\u00fck esas\u0131na dayal\u0131 bir yap\u0131 olarak faaliyet g\u00f6steren Akademik \u00c7al\u0131\u015fmalar Grubu, bilimsel \u00fcretkenli\u011fi art\u0131rmay\u0131 ve akademik \u00e7al\u0131\u015fmalar\u0131n eri\u015filebilirli\u011fini g\u00fc\u00e7lendirmeyi temel hedefleri aras\u0131nda g\u00f6rmektedir. S\u00fcrekli geli\u015fen kurumsal yap\u0131s\u0131yla, akademisyenler aras\u0131nda bilgi payla\u015f\u0131m\u0131n\u0131 kolayla\u015ft\u0131rarak akademik d\u00fcnyaya g\u00fc\u00e7l\u00fc, s\u00fcrd\u00fcr\u00fclebilir ve etkili bir destek mekanizmas\u0131 sunmay\u0131 ama\u00e7lamaktad\u0131r.<\/p>\t\t\t\t\t\t\t\t<\/div>\n\t\t\t\t<\/div>\n\t\t\t\t\t<\/div>\n\t\t<\/div>\n\t\t\t\t\t<\/div>\n\t\t<\/section>\n\t\t\t\t<section class=\"elementor-section elementor-top-section elementor-element elementor-element-724bf30 elementor-section-boxed elementor-section-height-default elementor-section-height-default\" data-id=\"724bf30\" data-element_type=\"section\">\n\t\t\t\t\t\t<div class=\"elementor-container elementor-column-gap-default\">\n\t\t\t\t\t<div class=\"elementor-column elementor-col-33 elementor-top-column elementor-element elementor-element-2ffb4bf\" data-id=\"2ffb4bf\" data-element_type=\"column\">\n\t\t\t<div class=\"elementor-widget-wrap elementor-element-populated\">\n\t\t\t\t\t\t<div class=\"elementor-element elementor-element-232a4cf elementor-widget elementor-widget-image\" data-id=\"232a4cf\" data-element_type=\"widget\" data-settings=\"{&quot;ekit_we_effect_on&quot;:&quot;none&quot;}\" data-widget_type=\"image.default\">\n\t\t\t\t<div class=\"elementor-widget-container\">\n\t\t\t\t\t\t\t\t\t\t\t\t\t\t\t<img decoding=\"async\" src=\"https:\/\/asc.academicianstudies.com\/12\/wp-content\/uploads\/elementor\/thumbs\/7d69fbbf-25fa-48ea-a26c-b0903bbb3c3a-p2k2f2my8wy0z67mxi3s1j7ww2jlf8jdgxu5y9mpim.jpg\" title=\"7d69fbbf-25fa-48ea-a26c-b0903bbb3c3a\" alt=\"7d69fbbf-25fa-48ea-a26c-b0903bbb3c3a\" loading=\"lazy\" \/>\t\t\t\t\t\t\t\t\t\t\t\t\t\t\t<\/div>\n\t\t\t\t<\/div>\n\t\t\t\t\t<\/div>\n\t\t<\/div>\n\t\t\t\t<div class=\"elementor-column elementor-col-66 elementor-top-column elementor-element elementor-element-406daa9\" data-id=\"406daa9\" data-element_type=\"column\">\n\t\t\t<div class=\"elementor-widget-wrap elementor-element-populated\">\n\t\t\t\t\t\t<div class=\"elementor-element elementor-element-b3495a3 elementor-widget elementor-widget-elementskit-heading\" data-id=\"b3495a3\" data-element_type=\"widget\" data-settings=\"{&quot;ekit_we_effect_on&quot;:&quot;none&quot;}\" data-widget_type=\"elementskit-heading.default\">\n\t\t\t\t<div class=\"elementor-widget-container\">\n\t\t\t\t\t<div class=\"ekit-wid-con\" ><div class=\"ekit-heading elementskit-section-title-wraper text_left   ekit_heading_tablet-   ekit_heading_mobile-\"><h2 class=\"ekit-heading--title elementskit-section-title \"><span><span>Misyonumuz<\/span><\/span><\/h2><div class=\"ekit_heading_separetor_wraper ekit_heading_elementskit-border-divider ekit-dotted\"><div class=\"elementskit-border-divider ekit-dotted\"><\/div><\/div><\/div><\/div>\t\t\t\t<\/div>\n\t\t\t\t<\/div>\n\t\t\t\t<div class=\"elementor-element elementor-element-47ede64 elementor-widget elementor-widget-text-editor\" data-id=\"47ede64\" data-element_type=\"widget\" data-settings=\"{&quot;ekit_we_effect_on&quot;:&quot;none&quot;}\" data-widget_type=\"text-editor.default\">\n\t\t\t\t<div class=\"elementor-widget-container\">\n\t\t\t\t\t\t\t\t\t<p>Akademik \u00c7al\u0131\u015fmalar Grubu, akademisyenlerin bilgi ve deneyimlerini payla\u015farak birlikte \u00fcrettikleri, fikirlerin \u00f6zg\u00fcrce geli\u015fti\u011fi ve disiplinler aras\u0131 etkile\u015fimin do\u011fal bir \u015fekilde g\u00fc\u00e7lendi\u011fi uluslararas\u0131 bir platformdur. Kolektif zek\u00e2n\u0131n ve i\u015f birli\u011finin g\u00fcc\u00fcn\u00fc akademik \u00fcretime d\u00f6n\u00fc\u015ft\u00fcren bu yap\u0131, yenilik\u00e7i d\u00fc\u015f\u00fcnceyi te\u015fvik ederek bilginin s\u0131n\u0131rlar\u0131n\u0131 geni\u015fletmeyi ve akademik d\u00fcnyaya s\u00fcrd\u00fcr\u00fclebilir katk\u0131lar sunmay\u0131 ama\u00e7lamaktad\u0131r.<\/p>\t\t\t\t\t\t\t\t<\/div>\n\t\t\t\t<\/div>\n\t\t\t\t\t<\/div>\n\t\t<\/div>\n\t\t\t\t\t<\/div>\n\t\t<\/section>\n\t\t\t\t<section class=\"elementor-section elementor-top-section elementor-element elementor-element-c47036b elementor-section-boxed elementor-section-height-default elementor-section-height-default\" data-id=\"c47036b\" data-element_type=\"section\">\n\t\t\t\t\t\t<div class=\"elementor-container elementor-column-gap-default\">\n\t\t\t\t\t<div class=\"elementor-column elementor-col-33 elementor-top-column elementor-element elementor-element-8c1edea\" data-id=\"8c1edea\" data-element_type=\"column\">\n\t\t\t<div class=\"elementor-widget-wrap elementor-element-populated\">\n\t\t\t\t\t\t<div class=\"elementor-element elementor-element-4dae591 elementor-widget elementor-widget-image\" data-id=\"4dae591\" data-element_type=\"widget\" data-settings=\"{&quot;ekit_we_effect_on&quot;:&quot;none&quot;}\" data-widget_type=\"image.default\">\n\t\t\t\t<div class=\"elementor-widget-container\">\n\t\t\t\t\t\t\t\t\t\t\t\t\t\t\t<img decoding=\"async\" src=\"https:\/\/asc.academicianstudies.com\/12\/wp-content\/uploads\/elementor\/thumbs\/7d69fbbf-25fa-48ea-a26c-b0903bbb3c3a-p2k2f2my8wy0z67mxi3s1j7ww2jlf8jdgxu5y9mpim.jpg\" title=\"7d69fbbf-25fa-48ea-a26c-b0903bbb3c3a\" alt=\"7d69fbbf-25fa-48ea-a26c-b0903bbb3c3a\" loading=\"lazy\" \/>\t\t\t\t\t\t\t\t\t\t\t\t\t\t\t<\/div>\n\t\t\t\t<\/div>\n\t\t\t\t\t<\/div>\n\t\t<\/div>\n\t\t\t\t<div class=\"elementor-column elementor-col-66 elementor-top-column elementor-element elementor-element-6721d4e\" data-id=\"6721d4e\" data-element_type=\"column\">\n\t\t\t<div class=\"elementor-widget-wrap elementor-element-populated\">\n\t\t\t\t\t\t<div class=\"elementor-element elementor-element-bf15008 elementor-widget elementor-widget-elementskit-heading\" data-id=\"bf15008\" data-element_type=\"widget\" data-settings=\"{&quot;ekit_we_effect_on&quot;:&quot;none&quot;}\" data-widget_type=\"elementskit-heading.default\">\n\t\t\t\t<div class=\"elementor-widget-container\">\n\t\t\t\t\t<div class=\"ekit-wid-con\" ><div class=\"ekit-heading elementskit-section-title-wraper text_left   ekit_heading_tablet-   ekit_heading_mobile-\"><h2 class=\"ekit-heading--title elementskit-section-title \"><span><span>Vizyonumuz<\/span><\/span><\/h2><div class=\"ekit_heading_separetor_wraper ekit_heading_elementskit-border-divider ekit-dotted\"><div class=\"elementskit-border-divider ekit-dotted\"><\/div><\/div><\/div><\/div>\t\t\t\t<\/div>\n\t\t\t\t<\/div>\n\t\t\t\t<div class=\"elementor-element elementor-element-4997672 elementor-widget elementor-widget-text-editor\" data-id=\"4997672\" data-element_type=\"widget\" data-settings=\"{&quot;ekit_we_effect_on&quot;:&quot;none&quot;}\" data-widget_type=\"text-editor.default\">\n\t\t\t\t<div class=\"elementor-widget-container\">\n\t\t\t\t\t\t\t\t\t<p>Bilimsel \u00fcretimi ve akademik i\u015f birli\u011fini s\u00fcrd\u00fcr\u00fclebilir bir yap\u0131ya d\u00f6n\u00fc\u015ft\u00fcrerek, uluslararas\u0131 \u00f6l\u00e7ekte etkili ve \u00f6nc\u00fc bir akademik platform olmak. Disiplinler aras\u0131 ara\u015ft\u0131rmalar\u0131 te\u015fvik eden, yenilik\u00e7i yay\u0131nlarla bilim d\u00fcnyas\u0131na katk\u0131 sa\u011flayan ve akademik toplulu\u011fun geli\u015fimine y\u00f6n veren uluslararas\u0131 bir referans noktas\u0131 haline gelmeyi hedefliyoruz.<\/p>\t\t\t\t\t\t\t\t<\/div>\n\t\t\t\t<\/div>\n\t\t\t\t\t<\/div>\n\t\t<\/div>\n\t\t\t\t\t<\/div>\n\t\t<\/section>\n\t\t\t\t<section class=\"elementor-section elementor-top-section elementor-element elementor-element-9eb5559 elementor-section-boxed elementor-section-height-default elementor-section-height-default\" data-id=\"9eb5559\" data-element_type=\"section\">\n\t\t\t\t\t\t<div class=\"elementor-container elementor-column-gap-default\">\n\t\t\t\t\t<div class=\"elementor-column elementor-col-100 elementor-top-column elementor-element elementor-element-3a09a7d\" data-id=\"3a09a7d\" data-element_type=\"column\">\n\t\t\t<div class=\"elementor-widget-wrap elementor-element-populated\">\n\t\t\t\t\t\t<div class=\"elementor-element elementor-element-286ce31 elementor-widget elementor-widget-spacer\" data-id=\"286ce31\" data-element_type=\"widget\" data-settings=\"{&quot;ekit_we_effect_on&quot;:&quot;none&quot;}\" data-widget_type=\"spacer.default\">\n\t\t\t\t<div class=\"elementor-widget-container\">\n\t\t\t\t\t\t\t<div class=\"elementor-spacer\">\n\t\t\t<div class=\"elementor-spacer-inner\"><\/div>\n\t\t<\/div>\n\t\t\t\t\t\t<\/div>\n\t\t\t\t<\/div>\n\t\t\t\t\t<\/div>\n\t\t<\/div>\n\t\t\t\t\t<\/div>\n\t\t<\/section>\n\t\t\t\t<\/div>\n\t\t","protected":false},"excerpt":{"rendered":"<p>Hakk\u0131m\u0131zda Akademik \u00c7al\u0131\u015fmalar Grubu Hakk\u0131nda Akademik \u00c7al\u0131\u015fmalar Grubu, 2020 y\u0131l\u0131nda akademik bilgi payla\u015f\u0131m\u0131n\u0131 te\u015fvik etmek, bilimsel \u00fcretimi desteklemek ve yenilik\u00e7i fikirlerin akademik \u00e7evrede yay\u0131l\u0131m\u0131n\u0131 sa\u011flamak amac\u0131yla kurulmu\u015ftur. Bu do\u011frultuda faaliyetlerini geni\u015fleten grubumuz, 2022 y\u0131l\u0131nda kurumsal yap\u0131s\u0131n\u0131 g\u00fc\u00e7lendirerek dernek stat\u00fcs\u00fc kazanm\u0131\u015f ve uluslararas\u0131 akademik i\u015f birli\u011fini daha sistematik bir \u00e7er\u00e7eveye oturtmu\u015ftur. G\u00fcn\u00fcm\u00fczde, T\u00fcrkiye\u2019den 1000 ve d\u00fcnyan\u0131n [&hellip;]<\/p>\n","protected":false},"author":1,"featured_media":0,"parent":0,"menu_order":0,"comment_status":"closed","ping_status":"closed","template":"elementor_header_footer","meta":{"footnotes":""},"class_list":["post-1884","page","type-page","status-publish","hentry"],"_links":{"self":[{"href":"https:\/\/asc.academicianstudies.com\/12\/index.php?rest_route=\/wp\/v2\/pages\/1884","targetHints":{"allow":["GET"]}}],"collection":[{"href":"https:\/\/asc.academicianstudies.com\/12\/index.php?rest_route=\/wp\/v2\/pages"}],"about":[{"href":"https:\/\/asc.academicianstudies.com\/12\/index.php?rest_route=\/wp\/v2\/types\/page"}],"author":[{"embeddable":true,"href":"https:\/\/asc.academicianstudies.com\/12\/index.php?rest_route=\/wp\/v2\/users\/1"}],"replies":[{"embeddable":true,"href":"https:\/\/asc.academicianstudies.com\/12\/index.php?rest_route=%2Fwp%2Fv2%2Fcomments&post=1884"}],"version-history":[{"count":0,"href":"https:\/\/asc.academicianstudies.com\/12\/index.php?rest_route=\/wp\/v2\/pages\/1884\/revisions"}],"wp:attachment":[{"href":"https:\/\/asc.academicianstudies.com\/12\/index.php?rest_route=%2Fwp%2Fv2%2Fmedia&parent=1884"}],"curies":[{"name":"wp","href":"https:\/\/api.w.org\/{rel}","templated":true}]}}