{"id":11635,"date":"2021-06-17T21:26:54","date_gmt":"2021-06-17T21:26:54","guid":{"rendered":"https:\/\/asc.academicianstudies.com\/?page_id=11635"},"modified":"2025-02-22T19:50:46","modified_gmt":"2025-02-22T19:50:46","slug":"asc-2021-spring","status":"publish","type":"page","link":"https:\/\/asc.academicianstudies.com\/en\/asc-2021-spring\/","title":{"rendered":"ASC-2021\/SPRING"},"content":{"rendered":"<div data-elementor-type=\"wp-page\" data-elementor-id=\"11635\" class=\"elementor elementor-11635\">\n\t\t\t\t\t\t<section class=\"elementor-section elementor-top-section elementor-element elementor-element-73fbc85 elementor-section-full_width elementor-section-height-default elementor-section-height-default\" data-id=\"73fbc85\" data-element_type=\"section\" data-e-type=\"section\" data-settings=\"{&quot;background_background&quot;:&quot;classic&quot;}\">\n\t\t\t\t\t\t<div class=\"elementor-container elementor-column-gap-default\">\n\t\t\t\t\t<div class=\"elementor-column elementor-col-100 elementor-top-column elementor-element elementor-element-f0fb195\" data-id=\"f0fb195\" data-element_type=\"column\" data-e-type=\"column\">\n\t\t\t<div class=\"elementor-widget-wrap elementor-element-populated\">\n\t\t\t\t\t\t<div class=\"elementor-element elementor-element-98d3f52 elementor-widget elementor-widget-spacer\" data-id=\"98d3f52\" data-element_type=\"widget\" data-e-type=\"widget\" data-settings=\"{&quot;ekit_we_effect_on&quot;:&quot;none&quot;}\" data-widget_type=\"spacer.default\">\n\t\t\t\t<div class=\"elementor-widget-container\">\n\t\t\t\t\t\t\t<div class=\"elementor-spacer\">\n\t\t\t<div class=\"elementor-spacer-inner\"><\/div>\n\t\t<\/div>\n\t\t\t\t\t\t<\/div>\n\t\t\t\t<\/div>\n\t\t\t\t<div class=\"elementor-element elementor-element-c255039 elementor-widget elementor-widget-heading\" data-id=\"c255039\" data-element_type=\"widget\" data-e-type=\"widget\" data-settings=\"{&quot;ekit_we_effect_on&quot;:&quot;none&quot;}\" data-widget_type=\"heading.default\">\n\t\t\t\t<div class=\"elementor-widget-container\">\n\t\t\t\t\t<h1 class=\"elementor-heading-title elementor-size-default\">ASC-2021 \/ Spring<\/h1>\t\t\t\t<\/div>\n\t\t\t\t<\/div>\n\t\t\t\t<div class=\"elementor-element elementor-element-87daef3 elementor-widget elementor-widget-spacer\" data-id=\"87daef3\" data-element_type=\"widget\" data-e-type=\"widget\" data-settings=\"{&quot;ekit_we_effect_on&quot;:&quot;none&quot;}\" data-widget_type=\"spacer.default\">\n\t\t\t\t<div class=\"elementor-widget-container\">\n\t\t\t\t\t\t\t<div class=\"elementor-spacer\">\n\t\t\t<div class=\"elementor-spacer-inner\"><\/div>\n\t\t<\/div>\n\t\t\t\t\t\t<\/div>\n\t\t\t\t<\/div>\n\t\t\t\t\t<\/div>\n\t\t<\/div>\n\t\t\t\t\t<\/div>\n\t\t<\/section>\n\t\t\t\t<section class=\"elementor-section elementor-top-section elementor-element elementor-element-7e61df7 elementor-section-boxed elementor-section-height-default elementor-section-height-default\" data-id=\"7e61df7\" data-element_type=\"section\" data-e-type=\"section\">\n\t\t\t\t\t\t<div class=\"elementor-container elementor-column-gap-default\">\n\t\t\t\t\t<div class=\"elementor-column elementor-col-100 elementor-top-column elementor-element elementor-element-2596ad3\" data-id=\"2596ad3\" data-element_type=\"column\" data-e-type=\"column\">\n\t\t\t<div class=\"elementor-widget-wrap elementor-element-populated\">\n\t\t\t\t\t\t<div class=\"elementor-element elementor-element-83f88c9 elementor-widget elementor-widget-spacer\" data-id=\"83f88c9\" data-element_type=\"widget\" data-e-type=\"widget\" data-settings=\"{&quot;ekit_we_effect_on&quot;:&quot;none&quot;}\" data-widget_type=\"spacer.default\">\n\t\t\t\t<div class=\"elementor-widget-container\">\n\t\t\t\t\t\t\t<div class=\"elementor-spacer\">\n\t\t\t<div class=\"elementor-spacer-inner\"><\/div>\n\t\t<\/div>\n\t\t\t\t\t\t<\/div>\n\t\t\t\t<\/div>\n\t\t\t\t\t<\/div>\n\t\t<\/div>\n\t\t\t\t\t<\/div>\n\t\t<\/section>\n\t\t\t\t<section class=\"elementor-section elementor-top-section elementor-element elementor-element-cbe3099 elementor-section-boxed elementor-section-height-default elementor-section-height-default\" data-id=\"cbe3099\" data-element_type=\"section\" data-e-type=\"section\">\n\t\t\t\t\t\t<div class=\"elementor-container elementor-column-gap-default\">\n\t\t\t\t\t<div class=\"elementor-column elementor-col-66 elementor-top-column elementor-element elementor-element-0699e74\" data-id=\"0699e74\" data-element_type=\"column\" data-e-type=\"column\">\n\t\t\t<div class=\"elementor-widget-wrap elementor-element-populated\">\n\t\t\t\t\t\t<div class=\"elementor-element elementor-element-2d277ac elementor-widget elementor-widget-heading\" data-id=\"2d277ac\" data-element_type=\"widget\" data-e-type=\"widget\" data-settings=\"{&quot;ekit_we_effect_on&quot;:&quot;none&quot;}\" data-widget_type=\"heading.default\">\n\t\t\t\t<div class=\"elementor-widget-container\">\n\t\t\t\t\t<h2 class=\"elementor-heading-title elementor-size-default\">ASC-2021 \/ Spring<\/h2>\t\t\t\t<\/div>\n\t\t\t\t<\/div>\n\t\t\t\t<div class=\"elementor-element elementor-element-99d1535 elementor-widget elementor-widget-text-editor\" data-id=\"99d1535\" data-element_type=\"widget\" data-e-type=\"widget\" data-settings=\"{&quot;ekit_we_effect_on&quot;:&quot;none&quot;}\" data-widget_type=\"text-editor.default\">\n\t\t\t\t<div class=\"elementor-widget-container\">\n\t\t\t\t\t\t\t\t\t<p>Our first congress held in May 2022 with \u00c7a\u011f University was conducted online due to pandemic conditions.<\/p>\n<p>80 papers were accepted for our congress. You can access the congress program through the link.<\/p>\n<p><a href=\"https:\/\/academicplatform.net\/programme\/view\/asc\">https:\/\/academicplatform.net\/programme\/view\/asc<\/a><\/p>\n<p>You can find the opening speeches through the link below;<\/p>\n<p><a href=\"https:\/\/www.youtube.com\/watch?v=tb-Q_MoaZbI\">https:\/\/www.youtube.com\/watch?v=tb-Q_MoaZbI<\/a><\/p>\n<p>\u00a0<\/p>\t\t\t\t\t\t\t\t<\/div>\n\t\t\t\t<\/div>\n\t\t\t\t<div class=\"elementor-element elementor-element-19ef4aec elementor-widget elementor-widget-text-editor\" data-id=\"19ef4aec\" data-element_type=\"widget\" data-e-type=\"widget\" data-settings=\"{&quot;ekit_we_effect_on&quot;:&quot;none&quot;}\" data-widget_type=\"text-editor.default\">\n\t\t\t\t<div class=\"elementor-widget-container\">\n\t\t\t\t\t\t\t\t\t<div class=\"wp-block-file\"><a href=\"https:\/\/academicplatform.net\/login\/signin?event=asc\">You may download your participation certificate for ASC-2021\/SPRING from the paper submission system.<\/a><a class=\"wp-block-file__button\" href=\"https:\/\/academicplatform.net\/login\/signin?event=asc\">Login<\/a><\/div>\n\n\n<div class=\"wp-block-file\"><a href=\"https:\/\/asc.academicianstudies.com\/wp-content\/uploads\/2021\/05\/BOOK_OF_ABSTRACTS-ASC-4.pdf\">ASC-2021\/SPRING Book of Abstracts<\/a><a class=\"wp-block-file__button\" href=\"https:\/\/asc.academicianstudies.com\/wp-content\/uploads\/2021\/05\/BOOK_OF_ABSTRACTS-ASC-4.pdf\" download=\"\">Download<\/a><\/div>\n\n\n\n<div class=\"wp-block-file\"><a href=\"https:\/\/asc.academicianstudies.com\/wp-content\/uploads\/2021\/06\/tam_metin_.pdf\">ASC-2021\/SPRING Proceedings<\/a><a class=\"wp-block-file__button\" href=\"https:\/\/asc.academicianstudies.com\/wp-content\/uploads\/2021\/06\/tam_metin_.pdf\" download=\"\">Download<\/a><\/div>\n\n\n\n<div class=\"wp-block-file\"><a href=\"https:\/\/asc.academicianstudies.com\/wp-content\/uploads\/2021\/06\/Deg\u0306is\u0327imden-Do\u0308nu\u0308s\u0327u\u0308me-Sosyal-Bilimlerde-Yeni-Normlar.pdf\">Change to Transformation: New Norms in Social Sciences<\/a><a class=\"wp-block-file__button\" href=\"https:\/\/asc.academicianstudies.com\/wp-content\/uploads\/2021\/06\/Deg\u0306is\u0327imden-Do\u0308nu\u0308s\u0327u\u0308me-Sosyal-Bilimlerde-Yeni-Normlar.pdf\" download=\"\">Download<\/a><\/div>\n\n\n\n<p>&nbsp;<\/p>\n\t\t\t\t\t\t\t\t<\/div>\n\t\t\t\t<\/div>\n\t\t\t\t\t<\/div>\n\t\t<\/div>\n\t\t\t\t<div class=\"elementor-column elementor-col-33 elementor-top-column elementor-element elementor-element-2c76a13\" data-id=\"2c76a13\" data-element_type=\"column\" data-e-type=\"column\">\n\t\t\t<div class=\"elementor-widget-wrap elementor-element-populated\">\n\t\t\t\t\t\t<div class=\"elementor-element elementor-element-e701baa elementor-widget elementor-widget-heading\" data-id=\"e701baa\" data-element_type=\"widget\" data-e-type=\"widget\" data-settings=\"{&quot;ekit_we_effect_on&quot;:&quot;none&quot;}\" data-widget_type=\"heading.default\">\n\t\t\t\t<div class=\"elementor-widget-container\">\n\t\t\t\t\t<h2 class=\"elementor-heading-title elementor-size-default\">Pictures from the congress.<\/h2>\t\t\t\t<\/div>\n\t\t\t\t<\/div>\n\t\t\t\t<div class=\"elementor-element elementor-element-23a0355 elementor-widget elementor-widget-image\" data-id=\"23a0355\" data-element_type=\"widget\" data-e-type=\"widget\" data-settings=\"{&quot;ekit_we_effect_on&quot;:&quot;none&quot;}\" data-widget_type=\"image.default\">\n\t\t\t\t<div class=\"elementor-widget-container\">\n\t\t\t\t\t\t\t\t\t\t\t\t\t\t\t<img fetchpriority=\"high\" decoding=\"async\" width=\"800\" height=\"800\" src=\"https:\/\/asc.academicianstudies.com\/wp-content\/uploads\/2024\/02\/asc2021spring.png\" class=\"attachment-large size-large wp-image-14424\" alt=\"\" srcset=\"https:\/\/asc.academicianstudies.com\/wp-content\/uploads\/2024\/02\/asc2021spring.png 945w, https:\/\/asc.academicianstudies.com\/wp-content\/uploads\/2024\/02\/asc2021spring-300x300.png 300w, https:\/\/asc.academicianstudies.com\/wp-content\/uploads\/2024\/02\/asc2021spring-150x150.png 150w, https:\/\/asc.academicianstudies.com\/wp-content\/uploads\/2024\/02\/asc2021spring-768x768.png 768w, https:\/\/asc.academicianstudies.com\/wp-content\/uploads\/2024\/02\/asc2021spring-12x12.png 12w\" sizes=\"(max-width: 800px) 100vw, 800px\" \/>\t\t\t\t\t\t\t\t\t\t\t\t\t\t\t<\/div>\n\t\t\t\t<\/div>\n\t\t\t\t\t<\/div>\n\t\t<\/div>\n\t\t\t\t\t<\/div>\n\t\t<\/section>\n\t\t\t\t<section class=\"elementor-section elementor-top-section elementor-element elementor-element-3636da7d elementor-section-boxed elementor-section-height-default elementor-section-height-default\" data-id=\"3636da7d\" data-element_type=\"section\" data-e-type=\"section\">\n\t\t\t\t\t\t<div class=\"elementor-container elementor-column-gap-default\">\n\t\t\t\t\t<div class=\"elementor-column elementor-col-100 elementor-top-column elementor-element elementor-element-6a7df44a\" data-id=\"6a7df44a\" data-element_type=\"column\" data-e-type=\"column\">\n\t\t\t<div class=\"elementor-widget-wrap\">\n\t\t\t\t\t\t\t<\/div>\n\t\t<\/div>\n\t\t\t\t\t<\/div>\n\t\t<\/section>\n\t\t\t\t<\/div>","protected":false},"excerpt":{"rendered":"<p>ASC-2021 \/ Bahar ASC-2021 \/ Bahar May\u0131s 2022&#8217;de \u00c7a\u011f \u00dcniversitesi ile birlikte ger\u00e7ekle\u015ftirdi\u011fimiz ilk kongremiz pandemi ko\u015fullar\u0131 nedeniyle online olarak ger\u00e7ekle\u015ftirilmi\u015ftir. Kongremize 80 bildiri kabul edilmi\u015ftir. Kongre program\u0131na linkten ula\u015fabilirsiniz. https:\/\/academicplatform.net\/programme\/view\/asc A\u00e7\u0131l\u0131\u015f konu\u015fmalar\u0131na linkten ula\u015fabilirsiniz; https:\/\/www.youtube.com\/watch?v=tb-Q_MoaZbI \u00a0 ASC-2021\/SPRING Kat\u0131l\u0131m Belgenizi Bildiri Y\u00fckleme Sayfas\u0131ndan \u0130ndirebilirsinizGiri\u015f &nbsp; Kongreden g\u00f6r\u00fcnt\u00fcler<\/p>","protected":false},"author":1,"featured_media":0,"parent":0,"menu_order":0,"comment_status":"closed","ping_status":"closed","template":"elementor_header_footer","meta":{"footnotes":""},"class_list":["post-11635","page","type-page","status-publish","hentry"],"_links":{"self":[{"href":"https:\/\/asc.academicianstudies.com\/en\/wp-json\/wp\/v2\/pages\/11635","targetHints":{"allow":["GET"]}}],"collection":[{"href":"https:\/\/asc.academicianstudies.com\/en\/wp-json\/wp\/v2\/pages"}],"about":[{"href":"https:\/\/asc.academicianstudies.com\/en\/wp-json\/wp\/v2\/types\/page"}],"author":[{"embeddable":true,"href":"https:\/\/asc.academicianstudies.com\/en\/wp-json\/wp\/v2\/users\/1"}],"replies":[{"embeddable":true,"href":"https:\/\/asc.academicianstudies.com\/en\/wp-json\/wp\/v2\/comments?post=11635"}],"version-history":[{"count":0,"href":"https:\/\/asc.academicianstudies.com\/en\/wp-json\/wp\/v2\/pages\/11635\/revisions"}],"wp:attachment":[{"href":"https:\/\/asc.academicianstudies.com\/en\/wp-json\/wp\/v2\/media?parent=11635"}],"curies":[{"name":"wp","href":"https:\/\/api.w.org\/{rel}","templated":true}]}}