{"id":12507,"date":"2022-09-22T10:23:22","date_gmt":"2022-09-22T10:23:22","guid":{"rendered":"https:\/\/asc.academicianstudies.com\/?page_id=12507"},"modified":"2025-10-11T19:41:18","modified_gmt":"2025-10-11T19:41:18","slug":"asc-2022-sipring","status":"publish","type":"page","link":"https:\/\/asc.academicianstudies.com\/en\/asc-2022-sipring\/","title":{"rendered":"ASC-2022\/SPRING"},"content":{"rendered":"<div data-elementor-type=\"wp-page\" data-elementor-id=\"12507\" class=\"elementor elementor-12507\">\n\t\t\t\t\t\t<section class=\"elementor-section elementor-top-section elementor-element elementor-element-d18a4bc elementor-section-full_width elementor-section-height-default elementor-section-height-default\" data-id=\"d18a4bc\" data-element_type=\"section\" data-e-type=\"section\" data-settings=\"{&quot;background_background&quot;:&quot;classic&quot;}\">\n\t\t\t\t\t\t<div class=\"elementor-container elementor-column-gap-no\">\n\t\t\t\t\t<div class=\"elementor-column elementor-col-100 elementor-top-column elementor-element elementor-element-96da5c2\" data-id=\"96da5c2\" data-element_type=\"column\" data-e-type=\"column\">\n\t\t\t<div class=\"elementor-widget-wrap elementor-element-populated\">\n\t\t\t\t\t\t<div class=\"elementor-element elementor-element-461197a elementor-widget elementor-widget-spacer\" data-id=\"461197a\" data-element_type=\"widget\" data-e-type=\"widget\" data-settings=\"{&quot;ekit_we_effect_on&quot;:&quot;none&quot;}\" data-widget_type=\"spacer.default\">\n\t\t\t\t<div class=\"elementor-widget-container\">\n\t\t\t\t\t\t\t<div class=\"elementor-spacer\">\n\t\t\t<div class=\"elementor-spacer-inner\"><\/div>\n\t\t<\/div>\n\t\t\t\t\t\t<\/div>\n\t\t\t\t<\/div>\n\t\t\t\t<div class=\"elementor-element elementor-element-d329713 elementor-widget elementor-widget-heading\" data-id=\"d329713\" data-element_type=\"widget\" data-e-type=\"widget\" data-settings=\"{&quot;ekit_we_effect_on&quot;:&quot;none&quot;}\" data-widget_type=\"heading.default\">\n\t\t\t\t<div class=\"elementor-widget-container\">\n\t\t\t\t\t<h1 class=\"elementor-heading-title elementor-size-default\">ASC-2022 \/ Spring<\/h1>\t\t\t\t<\/div>\n\t\t\t\t<\/div>\n\t\t\t\t<div class=\"elementor-element elementor-element-ee6da0e elementor-widget elementor-widget-spacer\" data-id=\"ee6da0e\" data-element_type=\"widget\" data-e-type=\"widget\" data-settings=\"{&quot;ekit_we_effect_on&quot;:&quot;none&quot;}\" data-widget_type=\"spacer.default\">\n\t\t\t\t<div class=\"elementor-widget-container\">\n\t\t\t\t\t\t\t<div class=\"elementor-spacer\">\n\t\t\t<div class=\"elementor-spacer-inner\"><\/div>\n\t\t<\/div>\n\t\t\t\t\t\t<\/div>\n\t\t\t\t<\/div>\n\t\t\t\t\t<\/div>\n\t\t<\/div>\n\t\t\t\t\t<\/div>\n\t\t<\/section>\n\t\t\t\t<section class=\"elementor-section elementor-top-section elementor-element elementor-element-5515ef0 elementor-section-boxed elementor-section-height-default elementor-section-height-default\" data-id=\"5515ef0\" data-element_type=\"section\" data-e-type=\"section\">\n\t\t\t\t\t\t<div class=\"elementor-container elementor-column-gap-default\">\n\t\t\t\t\t<div class=\"elementor-column elementor-col-100 elementor-top-column elementor-element elementor-element-c5e9cc8\" data-id=\"c5e9cc8\" data-element_type=\"column\" data-e-type=\"column\">\n\t\t\t<div class=\"elementor-widget-wrap elementor-element-populated\">\n\t\t\t\t\t\t<div class=\"elementor-element elementor-element-f49f72c elementor-widget elementor-widget-spacer\" data-id=\"f49f72c\" data-element_type=\"widget\" data-e-type=\"widget\" data-settings=\"{&quot;ekit_we_effect_on&quot;:&quot;none&quot;}\" data-widget_type=\"spacer.default\">\n\t\t\t\t<div class=\"elementor-widget-container\">\n\t\t\t\t\t\t\t<div class=\"elementor-spacer\">\n\t\t\t<div class=\"elementor-spacer-inner\"><\/div>\n\t\t<\/div>\n\t\t\t\t\t\t<\/div>\n\t\t\t\t<\/div>\n\t\t\t\t\t<\/div>\n\t\t<\/div>\n\t\t\t\t\t<\/div>\n\t\t<\/section>\n\t\t\t\t<section class=\"elementor-section elementor-top-section elementor-element elementor-element-a43ef21 elementor-section-boxed elementor-section-height-default elementor-section-height-default\" data-id=\"a43ef21\" data-element_type=\"section\" data-e-type=\"section\">\n\t\t\t\t\t\t<div class=\"elementor-container elementor-column-gap-default\">\n\t\t\t\t\t<div class=\"elementor-column elementor-col-66 elementor-top-column elementor-element elementor-element-936f25a\" data-id=\"936f25a\" data-element_type=\"column\" data-e-type=\"column\">\n\t\t\t<div class=\"elementor-widget-wrap elementor-element-populated\">\n\t\t\t\t\t\t<div class=\"elementor-element elementor-element-dc11cdd elementor-widget elementor-widget-heading\" data-id=\"dc11cdd\" data-element_type=\"widget\" data-e-type=\"widget\" data-settings=\"{&quot;ekit_we_effect_on&quot;:&quot;none&quot;}\" data-widget_type=\"heading.default\">\n\t\t\t\t<div class=\"elementor-widget-container\">\n\t\t\t\t\t<h2 class=\"elementor-heading-title elementor-size-default\">ASC-2022 \/ Spring<\/h2>\t\t\t\t<\/div>\n\t\t\t\t<\/div>\n\t\t\t\t<div class=\"elementor-element elementor-element-5faf03c elementor-widget elementor-widget-image\" data-id=\"5faf03c\" data-element_type=\"widget\" data-e-type=\"widget\" data-settings=\"{&quot;ekit_we_effect_on&quot;:&quot;none&quot;}\" data-widget_type=\"image.default\">\n\t\t\t\t<div class=\"elementor-widget-container\">\n\t\t\t\t\t\t\t\t\t\t\t\t\t\t\t<img fetchpriority=\"high\" decoding=\"async\" width=\"214\" height=\"300\" src=\"https:\/\/asc.academicianstudies.com\/wp-content\/uploads\/2024\/02\/asc2022spring-214x300.png\" class=\"attachment-medium size-medium wp-image-14449\" alt=\"\" srcset=\"https:\/\/asc.academicianstudies.com\/wp-content\/uploads\/2024\/02\/asc2022spring-214x300.png 214w, https:\/\/asc.academicianstudies.com\/wp-content\/uploads\/2024\/02\/asc2022spring-9x12.png 9w, https:\/\/asc.academicianstudies.com\/wp-content\/uploads\/2024\/02\/asc2022spring.png 527w\" sizes=\"(max-width: 214px) 100vw, 214px\" \/>\t\t\t\t\t\t\t\t\t\t\t\t\t\t\t<\/div>\n\t\t\t\t<\/div>\n\t\t\t\t<div class=\"elementor-element elementor-element-e428b88 elementor-widget elementor-widget-text-editor\" data-id=\"e428b88\" data-element_type=\"widget\" data-e-type=\"widget\" data-settings=\"{&quot;ekit_we_effect_on&quot;:&quot;none&quot;}\" data-widget_type=\"text-editor.default\">\n\t\t\t\t<div class=\"elementor-widget-container\">\n\t\t\t\t\t\t\t\t\t<p>Our congress received 320 submissions, and 263 papers were accepted. Among these, 94 papers were in Turkish and 169 were in English. Our congress was attended by 454 authors from 17 different countries. The breakdown of participants is as follows: 146 from Turkey, 2 from Afghanistan, 1 from Azerbaijan, 1 from Bangladesh, 10 from China, 10 from the Turkish Republic of Northern Cyprus, 1 from Egypt, 55 from India, 43 from Indonesia, 2 from Iraq, 1 from Japan, 6 from Kyrgyzstan, 129 from Malaysia, 5 from Nigeria, 2 from Oman, 36 from Pakistan, 1 from Poland, and 2 from Saudi Arabia. The foreign participant rate is 68%.<\/p>\n<p>You can find the opening speeches through the link below;<\/p>\n<p><a href=\"https:\/\/www.youtube.com\/watch?v=sBPyq-GDV1M&amp;t=1946s\">https:\/\/www.youtube.com\/watch?v=sBPyq-GDV1M&amp;t=1946s<\/a><\/p>\t\t\t\t\t\t\t\t<\/div>\n\t\t\t\t<\/div>\n\t\t\t\t<div class=\"elementor-element elementor-element-19ef4aec elementor-widget elementor-widget-text-editor\" data-id=\"19ef4aec\" data-element_type=\"widget\" data-e-type=\"widget\" data-settings=\"{&quot;ekit_we_effect_on&quot;:&quot;none&quot;}\" data-widget_type=\"text-editor.default\">\n\t\t\t\t<div class=\"elementor-widget-container\">\n\t\t\t\t\t\t\t\t\t<div class=\"wp-block-file\"><a href=\"https:\/\/academicplatform.net\/login\/signin?event=asc\">You can download your ASC-2022\/FALL Participation Certificate from the Paper Submission Page.<\/a><a class=\"wp-block-file__button\" href=\"https:\/\/academicplatform.net\/login\/signin?event=asc\">Login<\/a><\/div>\n<div class=\"wp-block-file\"><a href=\"https:\/\/academicplatform.net\/programme\/view\/asc2022spring\">You can access the ASC-2022\/FALL Congress Program from the link below! <\/a><a class=\"wp-block-file__button\" href=\"https:\/\/kariyerarastirmalari.org\/ASC3.html\">ASC-2022\/ Fall Program<\/a><\/div>\n<p><\/p>\n<div class=\"wp-block-file\"><a href=\"https:\/\/asc.academicianstudies.com\/wp-content\/uploads\/2022\/09\/academicianstudies-03.pdf\">ASC-2022\/FALL Abstract Booklet<\/a><a class=\"wp-block-file__button\" href=\"https:\/\/asc.academicianstudies.com\/wp-content\/uploads\/2022\/04\/academicianstudies-03-1.pdf\" download=\"\">Download<\/a><\/div>\n<p><\/p>\n<div class=\"wp-block-file\"><a href=\"https:\/\/asc.academicianstudies.com\/wp-content\/uploads\/2025\/10\/ISBN_9786258048711.pdf\">ASC-2022\/SPRING Full Text Booklet<\/a><a class=\"wp-block-file__button\" href=\"https:\/\/asc.academicianstudies.com\/wp-content\/uploads\/2025\/10\/ISBN_9786258048711.pdf\" download=\"\">Download<\/a><\/div>\n<div>\n<div class=\"wp-block-file\"><a href=\"https:\/\/publications.holistence.com\/degisim-uyum?search=degi%C5%9Fim\">Change&amp;Adatation<\/a><a class=\"wp-block-file__button\" href=\"https:\/\/publications.holistence.com\/degisim-uyum?search=degi%C5%9Fim\" download=\"\">Download<\/a><\/div>\n<p><\/p>\n<\/div>\n<p><\/p>\n<p><\/p>\t\t\t\t\t\t\t\t<\/div>\n\t\t\t\t<\/div>\n\t\t\t\t\t<\/div>\n\t\t<\/div>\n\t\t\t\t<div class=\"elementor-column elementor-col-33 elementor-top-column elementor-element elementor-element-06d5106\" data-id=\"06d5106\" data-element_type=\"column\" data-e-type=\"column\">\n\t\t\t<div class=\"elementor-widget-wrap elementor-element-populated\">\n\t\t\t\t\t\t<div class=\"elementor-element elementor-element-0e2f763 elementor-widget elementor-widget-heading\" data-id=\"0e2f763\" data-element_type=\"widget\" data-e-type=\"widget\" data-settings=\"{&quot;ekit_we_effect_on&quot;:&quot;none&quot;}\" data-widget_type=\"heading.default\">\n\t\t\t\t<div class=\"elementor-widget-container\">\n\t\t\t\t\t<h2 class=\"elementor-heading-title elementor-size-default\">Pictures from the congress.<\/h2>\t\t\t\t<\/div>\n\t\t\t\t<\/div>\n\t\t\t\t<div class=\"elementor-element elementor-element-1f94bf6 elementor-widget elementor-widget-image\" data-id=\"1f94bf6\" data-element_type=\"widget\" data-e-type=\"widget\" data-settings=\"{&quot;ekit_we_effect_on&quot;:&quot;none&quot;}\" data-widget_type=\"image.default\">\n\t\t\t\t<div class=\"elementor-widget-container\">\n\t\t\t\t\t\t\t\t\t\t\t\t\t\t\t<img decoding=\"async\" width=\"800\" height=\"962\" src=\"https:\/\/asc.academicianstudies.com\/wp-content\/uploads\/2024\/02\/asc2022spring1-852x1024.png\" class=\"attachment-large size-large wp-image-14453\" alt=\"\" srcset=\"https:\/\/asc.academicianstudies.com\/wp-content\/uploads\/2024\/02\/asc2022spring1-852x1024.png 852w, https:\/\/asc.academicianstudies.com\/wp-content\/uploads\/2024\/02\/asc2022spring1-250x300.png 250w, https:\/\/asc.academicianstudies.com\/wp-content\/uploads\/2024\/02\/asc2022spring1-768x923.png 768w, https:\/\/asc.academicianstudies.com\/wp-content\/uploads\/2024\/02\/asc2022spring1-10x12.png 10w, https:\/\/asc.academicianstudies.com\/wp-content\/uploads\/2024\/02\/asc2022spring1.png 868w\" sizes=\"(max-width: 800px) 100vw, 800px\" \/>\t\t\t\t\t\t\t\t\t\t\t\t\t\t\t<\/div>\n\t\t\t\t<\/div>\n\t\t\t\t<div class=\"elementor-element elementor-element-cebe7f8 elementor-widget elementor-widget-image\" data-id=\"cebe7f8\" data-element_type=\"widget\" data-e-type=\"widget\" data-settings=\"{&quot;ekit_we_effect_on&quot;:&quot;none&quot;}\" data-widget_type=\"image.default\">\n\t\t\t\t<div class=\"elementor-widget-container\">\n\t\t\t\t\t\t\t\t\t\t\t\t\t\t\t<img decoding=\"async\" width=\"767\" height=\"1024\" src=\"https:\/\/asc.academicianstudies.com\/wp-content\/uploads\/2024\/02\/asc2022spring2-767x1024.png\" class=\"attachment-large size-large wp-image-14454\" alt=\"\" srcset=\"https:\/\/asc.academicianstudies.com\/wp-content\/uploads\/2024\/02\/asc2022spring2-767x1024.png 767w, https:\/\/asc.academicianstudies.com\/wp-content\/uploads\/2024\/02\/asc2022spring2-225x300.png 225w, https:\/\/asc.academicianstudies.com\/wp-content\/uploads\/2024\/02\/asc2022spring2-768x1026.png 768w, https:\/\/asc.academicianstudies.com\/wp-content\/uploads\/2024\/02\/asc2022spring2-9x12.png 9w, https:\/\/asc.academicianstudies.com\/wp-content\/uploads\/2024\/02\/asc2022spring2.png 945w\" sizes=\"(max-width: 767px) 100vw, 767px\" \/>\t\t\t\t\t\t\t\t\t\t\t\t\t\t\t<\/div>\n\t\t\t\t<\/div>\n\t\t\t\t<div class=\"elementor-element elementor-element-e445076 elementor-widget elementor-widget-image\" data-id=\"e445076\" data-element_type=\"widget\" data-e-type=\"widget\" data-settings=\"{&quot;ekit_we_effect_on&quot;:&quot;none&quot;}\" data-widget_type=\"image.default\">\n\t\t\t\t<div class=\"elementor-widget-container\">\n\t\t\t\t\t\t\t\t\t\t\t\t\t\t\t<img loading=\"lazy\" decoding=\"async\" width=\"800\" height=\"800\" src=\"https:\/\/asc.academicianstudies.com\/wp-content\/uploads\/2024\/02\/asc2022spring3.png\" class=\"attachment-large size-large wp-image-14455\" alt=\"\" srcset=\"https:\/\/asc.academicianstudies.com\/wp-content\/uploads\/2024\/02\/asc2022spring3.png 945w, https:\/\/asc.academicianstudies.com\/wp-content\/uploads\/2024\/02\/asc2022spring3-300x300.png 300w, https:\/\/asc.academicianstudies.com\/wp-content\/uploads\/2024\/02\/asc2022spring3-150x150.png 150w, https:\/\/asc.academicianstudies.com\/wp-content\/uploads\/2024\/02\/asc2022spring3-768x768.png 768w, https:\/\/asc.academicianstudies.com\/wp-content\/uploads\/2024\/02\/asc2022spring3-12x12.png 12w\" sizes=\"(max-width: 800px) 100vw, 800px\" \/>\t\t\t\t\t\t\t\t\t\t\t\t\t\t\t<\/div>\n\t\t\t\t<\/div>\n\t\t\t\t<div class=\"elementor-element elementor-element-93c5dc8 elementor-widget elementor-widget-image\" data-id=\"93c5dc8\" data-element_type=\"widget\" data-e-type=\"widget\" data-settings=\"{&quot;ekit_we_effect_on&quot;:&quot;none&quot;}\" data-widget_type=\"image.default\">\n\t\t\t\t<div class=\"elementor-widget-container\">\n\t\t\t\t\t\t\t\t\t\t\t\t\t\t\t<img loading=\"lazy\" decoding=\"async\" width=\"800\" height=\"800\" src=\"https:\/\/asc.academicianstudies.com\/wp-content\/uploads\/2024\/02\/asc2022spring4.png\" class=\"attachment-large size-large wp-image-14456\" alt=\"\" srcset=\"https:\/\/asc.academicianstudies.com\/wp-content\/uploads\/2024\/02\/asc2022spring4.png 945w, https:\/\/asc.academicianstudies.com\/wp-content\/uploads\/2024\/02\/asc2022spring4-300x300.png 300w, https:\/\/asc.academicianstudies.com\/wp-content\/uploads\/2024\/02\/asc2022spring4-150x150.png 150w, https:\/\/asc.academicianstudies.com\/wp-content\/uploads\/2024\/02\/asc2022spring4-768x768.png 768w, https:\/\/asc.academicianstudies.com\/wp-content\/uploads\/2024\/02\/asc2022spring4-12x12.png 12w\" sizes=\"(max-width: 800px) 100vw, 800px\" \/>\t\t\t\t\t\t\t\t\t\t\t\t\t\t\t<\/div>\n\t\t\t\t<\/div>\n\t\t\t\t\t<\/div>\n\t\t<\/div>\n\t\t\t\t\t<\/div>\n\t\t<\/section>\n\t\t\t\t<section class=\"elementor-section elementor-top-section elementor-element elementor-element-3636da7d elementor-section-boxed elementor-section-height-default elementor-section-height-default\" data-id=\"3636da7d\" data-element_type=\"section\" data-e-type=\"section\">\n\t\t\t\t\t\t<div class=\"elementor-container elementor-column-gap-default\">\n\t\t\t\t\t<div class=\"elementor-column elementor-col-100 elementor-top-column elementor-element elementor-element-6a7df44a\" data-id=\"6a7df44a\" data-element_type=\"column\" data-e-type=\"column\">\n\t\t\t<div class=\"elementor-widget-wrap\">\n\t\t\t\t\t\t\t<\/div>\n\t\t<\/div>\n\t\t\t\t\t<\/div>\n\t\t<\/section>\n\t\t\t\t<\/div>","protected":false},"excerpt":{"rendered":"<p>ASC-2022 \/ Bahar ASC-2022 \/ Bahar Kongremize 320 bildiri ile ba\u015fvurulmu\u015f ve 263 bildiri kabul edilmi\u015ftir. Bildirilerin 94&#8217;\u00fc T\u00fcrk\u00e7e, 169&#8217;u \u0130ngilizce&#8217;dir. Kongremize 17 farkl\u0131 \u00fclkeden 454 yazar kat\u0131lm\u0131\u015ft\u0131r. Kat\u0131l\u0131mc\u0131lar\u0131n 146&#8217;s\u0131 T\u00fcrkiye&#8217;den 2 Afganistan&#8217;dan 1 Azerbaycan&#8217;dan 1 Banglade\u015f&#8217;ten 10 \u00c7in&#8217;den 10 Kuzey K\u0131br\u0131s T\u00fcrk Cumhuriyeti&#8217;nden 1 M\u0131s\u0131r&#8217;dan 55 Hindistan&#8217;dan 43 Endonezya&#8217;dan 2 Irak&#8217;tan 1 Japonya&#8217;dan 6 [&hellip;]<\/p>\n","protected":false},"author":1,"featured_media":0,"parent":0,"menu_order":0,"comment_status":"closed","ping_status":"closed","template":"elementor_header_footer","meta":{"footnotes":""},"class_list":["post-12507","page","type-page","status-publish","hentry"],"_links":{"self":[{"href":"https:\/\/asc.academicianstudies.com\/en\/wp-json\/wp\/v2\/pages\/12507","targetHints":{"allow":["GET"]}}],"collection":[{"href":"https:\/\/asc.academicianstudies.com\/en\/wp-json\/wp\/v2\/pages"}],"about":[{"href":"https:\/\/asc.academicianstudies.com\/en\/wp-json\/wp\/v2\/types\/page"}],"author":[{"embeddable":true,"href":"https:\/\/asc.academicianstudies.com\/en\/wp-json\/wp\/v2\/users\/1"}],"replies":[{"embeddable":true,"href":"https:\/\/asc.academicianstudies.com\/en\/wp-json\/wp\/v2\/comments?post=12507"}],"version-history":[{"count":6,"href":"https:\/\/asc.academicianstudies.com\/en\/wp-json\/wp\/v2\/pages\/12507\/revisions"}],"predecessor-version":[{"id":16966,"href":"https:\/\/asc.academicianstudies.com\/en\/wp-json\/wp\/v2\/pages\/12507\/revisions\/16966"}],"wp:attachment":[{"href":"https:\/\/asc.academicianstudies.com\/en\/wp-json\/wp\/v2\/media?parent=12507"}],"curies":[{"name":"wp","href":"https:\/\/api.w.org\/{rel}","templated":true}]}}