{"id":13227,"date":"2023-02-01T19:06:58","date_gmt":"2023-02-01T19:06:58","guid":{"rendered":"https:\/\/asc.academicianstudies.com\/?page_id=13227"},"modified":"2025-02-22T19:46:25","modified_gmt":"2025-02-22T19:46:25","slug":"asc-2022-fall","status":"publish","type":"page","link":"https:\/\/asc.academicianstudies.com\/en\/asc-2022-fall\/","title":{"rendered":"ASC-2022\/FALL"},"content":{"rendered":"<div data-elementor-type=\"wp-page\" data-elementor-id=\"13227\" class=\"elementor elementor-13227\">\n\t\t\t\t\t\t<section class=\"elementor-section elementor-top-section elementor-element elementor-element-7950f39 elementor-section-full_width elementor-section-height-default elementor-section-height-default\" data-id=\"7950f39\" data-element_type=\"section\" data-e-type=\"section\" data-settings=\"{&quot;background_background&quot;:&quot;classic&quot;}\">\n\t\t\t\t\t\t<div class=\"elementor-container elementor-column-gap-default\">\n\t\t\t\t\t<div class=\"elementor-column elementor-col-100 elementor-top-column elementor-element elementor-element-9bf224f\" data-id=\"9bf224f\" data-element_type=\"column\" data-e-type=\"column\">\n\t\t\t<div class=\"elementor-widget-wrap elementor-element-populated\">\n\t\t\t\t\t\t<div class=\"elementor-element elementor-element-82311fa elementor-widget elementor-widget-spacer\" data-id=\"82311fa\" data-element_type=\"widget\" data-e-type=\"widget\" data-settings=\"{&quot;ekit_we_effect_on&quot;:&quot;none&quot;}\" data-widget_type=\"spacer.default\">\n\t\t\t\t<div class=\"elementor-widget-container\">\n\t\t\t\t\t\t\t<div class=\"elementor-spacer\">\n\t\t\t<div class=\"elementor-spacer-inner\"><\/div>\n\t\t<\/div>\n\t\t\t\t\t\t<\/div>\n\t\t\t\t<\/div>\n\t\t\t\t<div class=\"elementor-element elementor-element-1a0f464 elementor-widget elementor-widget-heading\" data-id=\"1a0f464\" data-element_type=\"widget\" data-e-type=\"widget\" data-settings=\"{&quot;ekit_we_effect_on&quot;:&quot;none&quot;}\" data-widget_type=\"heading.default\">\n\t\t\t\t<div class=\"elementor-widget-container\">\n\t\t\t\t\t<h1 class=\"elementor-heading-title elementor-size-default\">ASC-2022 \/ Fall<\/h1>\t\t\t\t<\/div>\n\t\t\t\t<\/div>\n\t\t\t\t<div class=\"elementor-element elementor-element-a17836a elementor-widget elementor-widget-spacer\" data-id=\"a17836a\" data-element_type=\"widget\" data-e-type=\"widget\" data-settings=\"{&quot;ekit_we_effect_on&quot;:&quot;none&quot;}\" data-widget_type=\"spacer.default\">\n\t\t\t\t<div class=\"elementor-widget-container\">\n\t\t\t\t\t\t\t<div class=\"elementor-spacer\">\n\t\t\t<div class=\"elementor-spacer-inner\"><\/div>\n\t\t<\/div>\n\t\t\t\t\t\t<\/div>\n\t\t\t\t<\/div>\n\t\t\t\t\t<\/div>\n\t\t<\/div>\n\t\t\t\t\t<\/div>\n\t\t<\/section>\n\t\t\t\t<section class=\"elementor-section elementor-top-section elementor-element elementor-element-9bce20b elementor-section-boxed elementor-section-height-default elementor-section-height-default\" data-id=\"9bce20b\" data-element_type=\"section\" data-e-type=\"section\">\n\t\t\t\t\t\t<div class=\"elementor-container elementor-column-gap-default\">\n\t\t\t\t\t<div class=\"elementor-column elementor-col-100 elementor-top-column elementor-element elementor-element-87ce87a\" data-id=\"87ce87a\" data-element_type=\"column\" data-e-type=\"column\">\n\t\t\t<div class=\"elementor-widget-wrap elementor-element-populated\">\n\t\t\t\t\t\t<div class=\"elementor-element elementor-element-9ec2558 elementor-widget elementor-widget-spacer\" data-id=\"9ec2558\" data-element_type=\"widget\" data-e-type=\"widget\" data-settings=\"{&quot;ekit_we_effect_on&quot;:&quot;none&quot;}\" data-widget_type=\"spacer.default\">\n\t\t\t\t<div class=\"elementor-widget-container\">\n\t\t\t\t\t\t\t<div class=\"elementor-spacer\">\n\t\t\t<div class=\"elementor-spacer-inner\"><\/div>\n\t\t<\/div>\n\t\t\t\t\t\t<\/div>\n\t\t\t\t<\/div>\n\t\t\t\t\t<\/div>\n\t\t<\/div>\n\t\t\t\t\t<\/div>\n\t\t<\/section>\n\t\t\t\t<section class=\"elementor-section elementor-top-section elementor-element elementor-element-b5568e3 elementor-section-boxed elementor-section-height-default elementor-section-height-default\" data-id=\"b5568e3\" data-element_type=\"section\" data-e-type=\"section\">\n\t\t\t\t\t\t<div class=\"elementor-container elementor-column-gap-default\">\n\t\t\t\t\t<div class=\"elementor-column elementor-col-66 elementor-top-column elementor-element elementor-element-150dfba\" data-id=\"150dfba\" data-element_type=\"column\" data-e-type=\"column\">\n\t\t\t<div class=\"elementor-widget-wrap elementor-element-populated\">\n\t\t\t\t\t\t<div class=\"elementor-element elementor-element-3c03e60 elementor-widget elementor-widget-heading\" data-id=\"3c03e60\" data-element_type=\"widget\" data-e-type=\"widget\" data-settings=\"{&quot;ekit_we_effect_on&quot;:&quot;none&quot;}\" data-widget_type=\"heading.default\">\n\t\t\t\t<div class=\"elementor-widget-container\">\n\t\t\t\t\t<h2 class=\"elementor-heading-title elementor-size-default\">ASC-2022 \/ Fall<\/h2>\t\t\t\t<\/div>\n\t\t\t\t<\/div>\n\t\t\t\t<div class=\"elementor-element elementor-element-565cec6 elementor-widget elementor-widget-image\" data-id=\"565cec6\" data-element_type=\"widget\" data-e-type=\"widget\" data-settings=\"{&quot;ekit_we_effect_on&quot;:&quot;none&quot;}\" data-widget_type=\"image.default\">\n\t\t\t\t<div class=\"elementor-widget-container\">\n\t\t\t\t\t\t\t\t\t\t\t\t\t\t\t<img fetchpriority=\"high\" decoding=\"async\" width=\"215\" height=\"300\" src=\"https:\/\/asc.academicianstudies.com\/wp-content\/uploads\/2024\/02\/2022fall-215x300.png\" class=\"attachment-medium size-medium wp-image-14463\" alt=\"\" srcset=\"https:\/\/asc.academicianstudies.com\/wp-content\/uploads\/2024\/02\/2022fall-215x300.png 215w, https:\/\/asc.academicianstudies.com\/wp-content\/uploads\/2024\/02\/2022fall-9x12.png 9w, https:\/\/asc.academicianstudies.com\/wp-content\/uploads\/2024\/02\/2022fall.png 404w\" sizes=\"(max-width: 215px) 100vw, 215px\" \/>\t\t\t\t\t\t\t\t\t\t\t\t\t\t\t<\/div>\n\t\t\t\t<\/div>\n\t\t\t\t<div class=\"elementor-element elementor-element-16b7796 elementor-widget elementor-widget-text-editor\" data-id=\"16b7796\" data-element_type=\"widget\" data-e-type=\"widget\" data-settings=\"{&quot;ekit_we_effect_on&quot;:&quot;none&quot;}\" data-widget_type=\"text-editor.default\">\n\t\t\t\t<div class=\"elementor-widget-container\">\n\t\t\t\t\t\t\t\t\t<p>In our 4th congress held in Poland, we addressed the topic of shaping the future. Numerous esteemed academics and businesspeople from Turkey have participated in person at our congress.<\/p>\n<p>Our congress received 181 submissions, and 107 papers were accepted. Of these, 24 papers were in Turkish and 83 in English. The congress was attended by 221 authors from 13 different countries. The distribution of participants was as follows: 46 from Turkey, 1 from Poland, 53 from Zaire, 3 from Bangladesh, 1 from China, 3 from the Turkish Republic of Northern Cyprus, 4 from India, 8 from Kyrgyzstan, 75 from Malaysia, 1 from the United Kingdom, 1 American from the USA, 21 from Pakistan, 2 from Uzbekistan, and 1 from Bulgaria. The foreign participant rate is 80%.<\/p>\t\t\t\t\t\t\t\t<\/div>\n\t\t\t\t<\/div>\n\t\t\t\t<div class=\"elementor-element elementor-element-19ef4aec elementor-widget elementor-widget-text-editor\" data-id=\"19ef4aec\" data-element_type=\"widget\" data-e-type=\"widget\" data-settings=\"{&quot;ekit_we_effect_on&quot;:&quot;none&quot;}\" data-widget_type=\"text-editor.default\">\n\t\t\t\t<div class=\"elementor-widget-container\">\n\t\t\t\t\t\t\t\t\t<div class=\"wp-block-file\"><a href=\"https:\/\/academicplatform.net\/login\/signin?event=asc\">You can download your ASC-2022\/FALL Participation Certificate from the Paper Submission Page.<\/a><a class=\"wp-block-file__button\" href=\"https:\/\/academicplatform.net\/login\/signin?event=asc\">Login<\/a><\/div>\n<div class=\"wp-block-file\"><a href=\"https:\/\/academicplatform.net\/programme\/view\/asc2022fall\">You can access the ASC-2022\/FALL Congress Program from the link below! <\/a><a class=\"wp-block-file__button\" href=\"https:\/\/academicplatform.net\/programme\/view\/asc2022fall\">ASC-2022\/ Fall Program<\/a><\/div>\n<p><\/p>\n<div class=\"wp-block-file\"><a href=\"https:\/\/asc.academicianstudies.com\/wp-content\/uploads\/2023\/10\/ASC-2022-OZETLER-E-KITAP.pdf\">ASC-2022\/FALL Abstract Booklet<\/a><a class=\"wp-block-file__button\" href=\"https:\/\/asc.academicianstudies.com\/wp-content\/uploads\/2023\/10\/ASC-2022-OZETLER-E-KITAP.pdf\" download=\"\">Download<\/a><\/div>\n<p><\/p>\n<div class=\"wp-block-file\" style=\"text-align: left;\"><a href=\"https:\/\/asc.academicianstudies.com\/wp-content\/uploads\/2023\/10\/Poland.pdf\">ASC-2022\/FALL Full Text Booklet<\/a><a class=\"wp-block-file__button\" href=\"https:\/\/asc.academicianstudies.com\/wp-content\/uploads\/2023\/10\/Poland.pdf\" download=\"\">Download<\/a><\/div>\n<div>\n<div class=\"wp-block-file\">\u00a0<\/div>\n<p><\/p>\n<\/div>\n<p><\/p>\n<p><\/p>\t\t\t\t\t\t\t\t<\/div>\n\t\t\t\t<\/div>\n\t\t\t\t\t<\/div>\n\t\t<\/div>\n\t\t\t\t<div class=\"elementor-column elementor-col-33 elementor-top-column elementor-element elementor-element-65186d7\" data-id=\"65186d7\" data-element_type=\"column\" data-e-type=\"column\">\n\t\t\t<div class=\"elementor-widget-wrap elementor-element-populated\">\n\t\t\t\t\t\t<div class=\"elementor-element elementor-element-423893d elementor-widget elementor-widget-heading\" data-id=\"423893d\" data-element_type=\"widget\" data-e-type=\"widget\" data-settings=\"{&quot;ekit_we_effect_on&quot;:&quot;none&quot;}\" data-widget_type=\"heading.default\">\n\t\t\t\t<div class=\"elementor-widget-container\">\n\t\t\t\t\t<h2 class=\"elementor-heading-title elementor-size-default\">Pictures from the congress.<\/h2>\t\t\t\t<\/div>\n\t\t\t\t<\/div>\n\t\t\t\t<div class=\"elementor-element elementor-element-c095aeb elementor-widget elementor-widget-image\" data-id=\"c095aeb\" data-element_type=\"widget\" data-e-type=\"widget\" data-settings=\"{&quot;ekit_we_effect_on&quot;:&quot;none&quot;}\" data-widget_type=\"image.default\">\n\t\t\t\t<div class=\"elementor-widget-container\">\n\t\t\t\t\t\t\t\t\t\t\t\t\t\t\t<img decoding=\"async\" width=\"800\" height=\"450\" src=\"https:\/\/asc.academicianstudies.com\/wp-content\/uploads\/2024\/02\/2022fall1.png\" class=\"attachment-large size-large wp-image-14467\" alt=\"\" srcset=\"https:\/\/asc.academicianstudies.com\/wp-content\/uploads\/2024\/02\/2022fall1.png 945w, https:\/\/asc.academicianstudies.com\/wp-content\/uploads\/2024\/02\/2022fall1-300x169.png 300w, https:\/\/asc.academicianstudies.com\/wp-content\/uploads\/2024\/02\/2022fall1-768x432.png 768w, https:\/\/asc.academicianstudies.com\/wp-content\/uploads\/2024\/02\/2022fall1-18x10.png 18w\" sizes=\"(max-width: 800px) 100vw, 800px\" \/>\t\t\t\t\t\t\t\t\t\t\t\t\t\t\t<\/div>\n\t\t\t\t<\/div>\n\t\t\t\t<div class=\"elementor-element elementor-element-96efa37 elementor-widget elementor-widget-image\" data-id=\"96efa37\" data-element_type=\"widget\" data-e-type=\"widget\" data-settings=\"{&quot;ekit_we_effect_on&quot;:&quot;none&quot;}\" data-widget_type=\"image.default\">\n\t\t\t\t<div class=\"elementor-widget-container\">\n\t\t\t\t\t\t\t\t\t\t\t\t\t\t\t<img decoding=\"async\" width=\"800\" height=\"601\" src=\"https:\/\/asc.academicianstudies.com\/wp-content\/uploads\/2024\/02\/2022fall3.png\" class=\"attachment-large size-large wp-image-14469\" alt=\"\" srcset=\"https:\/\/asc.academicianstudies.com\/wp-content\/uploads\/2024\/02\/2022fall3.png 945w, https:\/\/asc.academicianstudies.com\/wp-content\/uploads\/2024\/02\/2022fall3-300x225.png 300w, https:\/\/asc.academicianstudies.com\/wp-content\/uploads\/2024\/02\/2022fall3-768x577.png 768w, https:\/\/asc.academicianstudies.com\/wp-content\/uploads\/2024\/02\/2022fall3-16x12.png 16w\" sizes=\"(max-width: 800px) 100vw, 800px\" \/>\t\t\t\t\t\t\t\t\t\t\t\t\t\t\t<\/div>\n\t\t\t\t<\/div>\n\t\t\t\t<div class=\"elementor-element elementor-element-8646521 elementor-widget elementor-widget-image\" data-id=\"8646521\" data-element_type=\"widget\" data-e-type=\"widget\" data-settings=\"{&quot;ekit_we_effect_on&quot;:&quot;none&quot;}\" data-widget_type=\"image.default\">\n\t\t\t\t<div class=\"elementor-widget-container\">\n\t\t\t\t\t\t\t\t\t\t\t\t\t\t\t<img loading=\"lazy\" decoding=\"async\" width=\"800\" height=\"737\" src=\"https:\/\/asc.academicianstudies.com\/wp-content\/uploads\/2024\/02\/2022fall4.png\" class=\"attachment-large size-large wp-image-14470\" alt=\"\" srcset=\"https:\/\/asc.academicianstudies.com\/wp-content\/uploads\/2024\/02\/2022fall4.png 870w, https:\/\/asc.academicianstudies.com\/wp-content\/uploads\/2024\/02\/2022fall4-300x277.png 300w, https:\/\/asc.academicianstudies.com\/wp-content\/uploads\/2024\/02\/2022fall4-768x708.png 768w, https:\/\/asc.academicianstudies.com\/wp-content\/uploads\/2024\/02\/2022fall4-13x12.png 13w\" sizes=\"(max-width: 800px) 100vw, 800px\" \/>\t\t\t\t\t\t\t\t\t\t\t\t\t\t\t<\/div>\n\t\t\t\t<\/div>\n\t\t\t\t<div class=\"elementor-element elementor-element-129b2d0 elementor-widget elementor-widget-image\" data-id=\"129b2d0\" data-element_type=\"widget\" data-e-type=\"widget\" data-settings=\"{&quot;ekit_we_effect_on&quot;:&quot;none&quot;}\" data-widget_type=\"image.default\">\n\t\t\t\t<div class=\"elementor-widget-container\">\n\t\t\t\t\t\t\t\t\t\t\t\t\t\t\t<img loading=\"lazy\" decoding=\"async\" width=\"800\" height=\"370\" src=\"https:\/\/asc.academicianstudies.com\/wp-content\/uploads\/2024\/02\/2022fall5.png\" class=\"attachment-large size-large wp-image-14471\" alt=\"\" srcset=\"https:\/\/asc.academicianstudies.com\/wp-content\/uploads\/2024\/02\/2022fall5.png 945w, https:\/\/asc.academicianstudies.com\/wp-content\/uploads\/2024\/02\/2022fall5-300x139.png 300w, https:\/\/asc.academicianstudies.com\/wp-content\/uploads\/2024\/02\/2022fall5-768x355.png 768w, https:\/\/asc.academicianstudies.com\/wp-content\/uploads\/2024\/02\/2022fall5-18x8.png 18w\" sizes=\"(max-width: 800px) 100vw, 800px\" \/>\t\t\t\t\t\t\t\t\t\t\t\t\t\t\t<\/div>\n\t\t\t\t<\/div>\n\t\t\t\t\t<\/div>\n\t\t<\/div>\n\t\t\t\t\t<\/div>\n\t\t<\/section>\n\t\t\t\t<section class=\"elementor-section elementor-top-section elementor-element elementor-element-3636da7d elementor-section-boxed elementor-section-height-default elementor-section-height-default\" data-id=\"3636da7d\" data-element_type=\"section\" data-e-type=\"section\">\n\t\t\t\t\t\t<div class=\"elementor-container elementor-column-gap-default\">\n\t\t\t\t\t<div class=\"elementor-column elementor-col-100 elementor-top-column elementor-element elementor-element-6a7df44a\" data-id=\"6a7df44a\" data-element_type=\"column\" data-e-type=\"column\">\n\t\t\t<div class=\"elementor-widget-wrap\">\n\t\t\t\t\t\t\t<\/div>\n\t\t<\/div>\n\t\t\t\t\t<\/div>\n\t\t<\/section>\n\t\t\t\t<\/div>","protected":false},"excerpt":{"rendered":"<p>ASC-2022 \/ Sonbahar ASC-2022 \/ Sonbahar 4. kongremizde Polonya&#8217;da gelece\u011fi \u015fekillendirme konusunu ele ald\u0131k. Kongremize T\u00fcrkiye&#8217;den \u00e7ok say\u0131da de\u011ferli akademisyen ve i\u015f adam\u0131 y\u00fcz y\u00fcze kat\u0131l\u0131m g\u00f6stermi\u015ftir. Kongremize 181 bildiri ile ba\u015fvurulmu\u015f ve 107 bildiri kabul edilmi\u015ftir. Bildirilerin 24&#8217;\u00fc T\u00fcrk\u00e7e, 83&#8217;\u00fc \u0130ngilizce&#8217;dir. Kongremize 13 farkl\u0131 \u00fclkeden 221 yazar kat\u0131lm\u0131\u015ft\u0131r. Kat\u0131l\u0131mc\u0131lar\u0131n 46&#8217;s\u0131 T\u00fcrkiye&#8217;den 1&#8217;i Polonya&#8217;dan, 53&#8217;\u00fc [&hellip;]<\/p>\n","protected":false},"author":1,"featured_media":0,"parent":0,"menu_order":0,"comment_status":"closed","ping_status":"closed","template":"elementor_header_footer","meta":{"footnotes":""},"class_list":["post-13227","page","type-page","status-publish","hentry"],"_links":{"self":[{"href":"https:\/\/asc.academicianstudies.com\/en\/wp-json\/wp\/v2\/pages\/13227","targetHints":{"allow":["GET"]}}],"collection":[{"href":"https:\/\/asc.academicianstudies.com\/en\/wp-json\/wp\/v2\/pages"}],"about":[{"href":"https:\/\/asc.academicianstudies.com\/en\/wp-json\/wp\/v2\/types\/page"}],"author":[{"embeddable":true,"href":"https:\/\/asc.academicianstudies.com\/en\/wp-json\/wp\/v2\/users\/1"}],"replies":[{"embeddable":true,"href":"https:\/\/asc.academicianstudies.com\/en\/wp-json\/wp\/v2\/comments?post=13227"}],"version-history":[{"count":0,"href":"https:\/\/asc.academicianstudies.com\/en\/wp-json\/wp\/v2\/pages\/13227\/revisions"}],"wp:attachment":[{"href":"https:\/\/asc.academicianstudies.com\/en\/wp-json\/wp\/v2\/media?parent=13227"}],"curies":[{"name":"wp","href":"https:\/\/api.w.org\/{rel}","templated":true}]}}