{"id":14006,"date":"2024-01-04T07:41:11","date_gmt":"2024-01-04T07:41:11","guid":{"rendered":"https:\/\/asc.academicianstudies.com\/?page_id=14006"},"modified":"2025-02-22T19:43:49","modified_gmt":"2025-02-22T19:43:49","slug":"asc-2023-fall","status":"publish","type":"page","link":"https:\/\/asc.academicianstudies.com\/en\/asc-2023-fall\/","title":{"rendered":"ASC-2023\/Fall"},"content":{"rendered":"<div data-elementor-type=\"wp-page\" data-elementor-id=\"14006\" class=\"elementor elementor-14006\">\n\t\t\t\t\t\t<section class=\"elementor-section elementor-top-section elementor-element elementor-element-ea37cb9 elementor-section-full_width elementor-section-height-default elementor-section-height-default\" data-id=\"ea37cb9\" data-element_type=\"section\" data-e-type=\"section\" data-settings=\"{&quot;background_background&quot;:&quot;classic&quot;}\">\n\t\t\t\t\t\t<div class=\"elementor-container elementor-column-gap-no\">\n\t\t\t\t\t<div class=\"elementor-column elementor-col-100 elementor-top-column elementor-element elementor-element-753958f\" data-id=\"753958f\" data-element_type=\"column\" data-e-type=\"column\">\n\t\t\t<div class=\"elementor-widget-wrap elementor-element-populated\">\n\t\t\t\t\t\t<div class=\"elementor-element elementor-element-b34019b elementor-widget elementor-widget-spacer\" data-id=\"b34019b\" data-element_type=\"widget\" data-e-type=\"widget\" data-settings=\"{&quot;ekit_we_effect_on&quot;:&quot;none&quot;}\" data-widget_type=\"spacer.default\">\n\t\t\t\t<div class=\"elementor-widget-container\">\n\t\t\t\t\t\t\t<div class=\"elementor-spacer\">\n\t\t\t<div class=\"elementor-spacer-inner\"><\/div>\n\t\t<\/div>\n\t\t\t\t\t\t<\/div>\n\t\t\t\t<\/div>\n\t\t\t\t<div class=\"elementor-element elementor-element-a18d5b6 elementor-widget elementor-widget-heading\" data-id=\"a18d5b6\" data-element_type=\"widget\" data-e-type=\"widget\" data-settings=\"{&quot;ekit_we_effect_on&quot;:&quot;none&quot;}\" data-widget_type=\"heading.default\">\n\t\t\t\t<div class=\"elementor-widget-container\">\n\t\t\t\t\t<h1 class=\"elementor-heading-title elementor-size-default\">ASC-2023 \/ Fall<\/h1>\t\t\t\t<\/div>\n\t\t\t\t<\/div>\n\t\t\t\t<div class=\"elementor-element elementor-element-bf8b007 elementor-widget elementor-widget-spacer\" data-id=\"bf8b007\" data-element_type=\"widget\" data-e-type=\"widget\" data-settings=\"{&quot;ekit_we_effect_on&quot;:&quot;none&quot;}\" data-widget_type=\"spacer.default\">\n\t\t\t\t<div class=\"elementor-widget-container\">\n\t\t\t\t\t\t\t<div class=\"elementor-spacer\">\n\t\t\t<div class=\"elementor-spacer-inner\"><\/div>\n\t\t<\/div>\n\t\t\t\t\t\t<\/div>\n\t\t\t\t<\/div>\n\t\t\t\t\t<\/div>\n\t\t<\/div>\n\t\t\t\t\t<\/div>\n\t\t<\/section>\n\t\t\t\t<section class=\"elementor-section elementor-top-section elementor-element elementor-element-3229a82 elementor-section-boxed elementor-section-height-default elementor-section-height-default\" data-id=\"3229a82\" data-element_type=\"section\" data-e-type=\"section\">\n\t\t\t\t\t\t<div class=\"elementor-container elementor-column-gap-default\">\n\t\t\t\t\t<div class=\"elementor-column elementor-col-66 elementor-top-column elementor-element elementor-element-26d0e39\" data-id=\"26d0e39\" data-element_type=\"column\" data-e-type=\"column\">\n\t\t\t<div class=\"elementor-widget-wrap elementor-element-populated\">\n\t\t\t\t\t\t<div class=\"elementor-element elementor-element-a417ba1 elementor-widget elementor-widget-spacer\" data-id=\"a417ba1\" data-element_type=\"widget\" data-e-type=\"widget\" data-settings=\"{&quot;ekit_we_effect_on&quot;:&quot;none&quot;}\" data-widget_type=\"spacer.default\">\n\t\t\t\t<div class=\"elementor-widget-container\">\n\t\t\t\t\t\t\t<div class=\"elementor-spacer\">\n\t\t\t<div class=\"elementor-spacer-inner\"><\/div>\n\t\t<\/div>\n\t\t\t\t\t\t<\/div>\n\t\t\t\t<\/div>\n\t\t\t\t<div class=\"elementor-element elementor-element-1dfbb45 elementor-widget elementor-widget-heading\" data-id=\"1dfbb45\" data-element_type=\"widget\" data-e-type=\"widget\" data-settings=\"{&quot;ekit_we_effect_on&quot;:&quot;none&quot;}\" data-widget_type=\"heading.default\">\n\t\t\t\t<div class=\"elementor-widget-container\">\n\t\t\t\t\t<h2 class=\"elementor-heading-title elementor-size-default\">ASC-2023 \/ Fall<\/h2>\t\t\t\t<\/div>\n\t\t\t\t<\/div>\n\t\t\t\t<div class=\"elementor-element elementor-element-62f42d7 elementor-widget elementor-widget-image\" data-id=\"62f42d7\" data-element_type=\"widget\" data-e-type=\"widget\" data-settings=\"{&quot;ekit_we_effect_on&quot;:&quot;none&quot;}\" data-widget_type=\"image.default\">\n\t\t\t\t<div class=\"elementor-widget-container\">\n\t\t\t\t\t\t\t\t\t\t\t\t\t\t\t<img fetchpriority=\"high\" decoding=\"async\" width=\"214\" height=\"300\" src=\"https:\/\/asc.academicianstudies.com\/wp-content\/uploads\/2024\/02\/2023fall-214x300.png\" class=\"attachment-medium size-medium wp-image-14501\" alt=\"\" srcset=\"https:\/\/asc.academicianstudies.com\/wp-content\/uploads\/2024\/02\/2023fall-214x300.png 214w, https:\/\/asc.academicianstudies.com\/wp-content\/uploads\/2024\/02\/2023fall-9x12.png 9w, https:\/\/asc.academicianstudies.com\/wp-content\/uploads\/2024\/02\/2023fall.png 449w\" sizes=\"(max-width: 214px) 100vw, 214px\" \/>\t\t\t\t\t\t\t\t\t\t\t\t\t\t\t<\/div>\n\t\t\t\t<\/div>\n\t\t\t\t<div class=\"elementor-element elementor-element-7192f72 elementor-widget elementor-widget-text-editor\" data-id=\"7192f72\" data-element_type=\"widget\" data-e-type=\"widget\" data-settings=\"{&quot;ekit_we_effect_on&quot;:&quot;none&quot;}\" data-widget_type=\"text-editor.default\">\n\t\t\t\t<div class=\"elementor-widget-container\">\n\t\t\t\t\t\t\t\t\t<p>The 6th Academic Studies Congress was hosted by Bing\u00f6l University. The congress was attended by 269 academics from 10 countries, including 89 academics from T\u00fcrkiye. A total of 184 papers were accepted and presented, with 45 of them being presented in-person. Countries contributing to the congress included Pakistan, Malaysia, T\u00fcrkiye, Democratic Congo, Slovakia, United States of America, Uzbekistan, Burkina Faso, India, Nigeria, and Ukraine.<\/p>\t\t\t\t\t\t\t\t<\/div>\n\t\t\t\t<\/div>\n\t\t\t\t<div class=\"elementor-element elementor-element-19ef4aec elementor-widget elementor-widget-text-editor\" data-id=\"19ef4aec\" data-element_type=\"widget\" data-e-type=\"widget\" data-settings=\"{&quot;ekit_we_effect_on&quot;:&quot;none&quot;}\" data-widget_type=\"text-editor.default\">\n\t\t\t\t<div class=\"elementor-widget-container\">\n\t\t\t\t\t\t\t\t\t<div class=\"wp-block-file\"><a href=\"https:\/\/asc.academicianstudies.com\/bingolprogramme.xlsx\">You can access the ASC-2023\/FALL Congress Program from the link below! <\/a><a class=\"wp-block-file__button\" href=\"https:\/\/asc.academicianstudies.com\/bingolprogramme.xlsx\">ASC-2023\/ Fall Program<\/a><\/div>\n<div>\u00a0<\/div>\n<p><\/p>\n<div class=\"wp-block-file\"><a href=\"https:\/\/asc.academicianstudies.com\/wp-content\/uploads\/2024\/01\/ASC2023-Fall-Abstract-Book.pdf\">ASC-2023\/FALL Abstract Book<\/a><a class=\"wp-block-file__button\" href=\"https:\/\/asc.academicianstudies.com\/wp-content\/uploads\/2024\/01\/ASC2023-Fall-Abstract-Book.pdf\" download=\"\">Download<\/a><\/div>\n<div>\u00a0<\/div>\n<p><\/p>\n<div class=\"wp-block-file\" style=\"text-align: left;\"><a href=\"https:\/\/asc.academicianstudies.com\/wp-content\/uploads\/2024\/01\/ASC2023-Fall-ASC-Full-Text-Booklet.pdf\">ASC-2023\/FALL Full Text Booklet<\/a><a class=\"wp-block-file__button\" href=\"https:\/\/asc.academicianstudies.com\/wp-content\/uploads\/2024\/01\/ASC2023-Fall-ASC-Full-Text-Booklet.pdf\" download=\"\">Download<\/a><\/div>\n<div>\n<div class=\"wp-block-file\">\u00a0<\/div>\n<p><\/p>\n<\/div>\n<p><\/p>\n<p><\/p>\t\t\t\t\t\t\t\t<\/div>\n\t\t\t\t<\/div>\n\t\t\t\t\t<\/div>\n\t\t<\/div>\n\t\t\t\t<div class=\"elementor-column elementor-col-33 elementor-top-column elementor-element elementor-element-0deaed5\" data-id=\"0deaed5\" data-element_type=\"column\" data-e-type=\"column\">\n\t\t\t<div class=\"elementor-widget-wrap elementor-element-populated\">\n\t\t\t\t\t\t<div class=\"elementor-element elementor-element-9f06ea7 elementor-widget elementor-widget-spacer\" data-id=\"9f06ea7\" data-element_type=\"widget\" data-e-type=\"widget\" data-settings=\"{&quot;ekit_we_effect_on&quot;:&quot;none&quot;}\" data-widget_type=\"spacer.default\">\n\t\t\t\t<div class=\"elementor-widget-container\">\n\t\t\t\t\t\t\t<div class=\"elementor-spacer\">\n\t\t\t<div class=\"elementor-spacer-inner\"><\/div>\n\t\t<\/div>\n\t\t\t\t\t\t<\/div>\n\t\t\t\t<\/div>\n\t\t\t\t<div class=\"elementor-element elementor-element-d9729e3 elementor-widget elementor-widget-heading\" data-id=\"d9729e3\" data-element_type=\"widget\" data-e-type=\"widget\" data-settings=\"{&quot;ekit_we_effect_on&quot;:&quot;none&quot;}\" data-widget_type=\"heading.default\">\n\t\t\t\t<div class=\"elementor-widget-container\">\n\t\t\t\t\t<h2 class=\"elementor-heading-title elementor-size-default\">Pictures from the congress.<\/h2>\t\t\t\t<\/div>\n\t\t\t\t<\/div>\n\t\t\t\t<div class=\"elementor-element elementor-element-e99d736 elementor-widget elementor-widget-image\" data-id=\"e99d736\" data-element_type=\"widget\" data-e-type=\"widget\" data-settings=\"{&quot;ekit_we_effect_on&quot;:&quot;none&quot;}\" data-widget_type=\"image.default\">\n\t\t\t\t<div class=\"elementor-widget-container\">\n\t\t\t\t\t\t\t\t\t\t\t\t\t\t\t<img decoding=\"async\" width=\"800\" height=\"566\" src=\"https:\/\/asc.academicianstudies.com\/wp-content\/uploads\/2024\/02\/2023fall2.png\" class=\"attachment-large size-large wp-image-14502\" alt=\"\" srcset=\"https:\/\/asc.academicianstudies.com\/wp-content\/uploads\/2024\/02\/2023fall2.png 945w, https:\/\/asc.academicianstudies.com\/wp-content\/uploads\/2024\/02\/2023fall2-300x212.png 300w, https:\/\/asc.academicianstudies.com\/wp-content\/uploads\/2024\/02\/2023fall2-768x543.png 768w, https:\/\/asc.academicianstudies.com\/wp-content\/uploads\/2024\/02\/2023fall2-18x12.png 18w\" sizes=\"(max-width: 800px) 100vw, 800px\" \/>\t\t\t\t\t\t\t\t\t\t\t\t\t\t\t<\/div>\n\t\t\t\t<\/div>\n\t\t\t\t<div class=\"elementor-element elementor-element-b669bde elementor-widget elementor-widget-image\" data-id=\"b669bde\" data-element_type=\"widget\" data-e-type=\"widget\" data-settings=\"{&quot;ekit_we_effect_on&quot;:&quot;none&quot;}\" data-widget_type=\"image.default\">\n\t\t\t\t<div class=\"elementor-widget-container\">\n\t\t\t\t\t\t\t\t\t\t\t\t\t\t\t<img decoding=\"async\" width=\"800\" height=\"534\" src=\"https:\/\/asc.academicianstudies.com\/wp-content\/uploads\/2024\/02\/2023fall4.png\" class=\"attachment-large size-large wp-image-14503\" alt=\"\" srcset=\"https:\/\/asc.academicianstudies.com\/wp-content\/uploads\/2024\/02\/2023fall4.png 945w, https:\/\/asc.academicianstudies.com\/wp-content\/uploads\/2024\/02\/2023fall4-300x200.png 300w, https:\/\/asc.academicianstudies.com\/wp-content\/uploads\/2024\/02\/2023fall4-768x513.png 768w, https:\/\/asc.academicianstudies.com\/wp-content\/uploads\/2024\/02\/2023fall4-18x12.png 18w\" sizes=\"(max-width: 800px) 100vw, 800px\" \/>\t\t\t\t\t\t\t\t\t\t\t\t\t\t\t<\/div>\n\t\t\t\t<\/div>\n\t\t\t\t<div class=\"elementor-element elementor-element-6391b9e elementor-widget elementor-widget-image\" data-id=\"6391b9e\" data-element_type=\"widget\" data-e-type=\"widget\" data-settings=\"{&quot;ekit_we_effect_on&quot;:&quot;none&quot;}\" data-widget_type=\"image.default\">\n\t\t\t\t<div class=\"elementor-widget-container\">\n\t\t\t\t\t\t\t\t\t\t\t\t\t\t\t<img loading=\"lazy\" decoding=\"async\" width=\"550\" height=\"979\" src=\"https:\/\/asc.academicianstudies.com\/wp-content\/uploads\/2024\/02\/2023fall1.png\" class=\"attachment-large size-large wp-image-14504\" alt=\"\" srcset=\"https:\/\/asc.academicianstudies.com\/wp-content\/uploads\/2024\/02\/2023fall1.png 550w, https:\/\/asc.academicianstudies.com\/wp-content\/uploads\/2024\/02\/2023fall1-169x300.png 169w, https:\/\/asc.academicianstudies.com\/wp-content\/uploads\/2024\/02\/2023fall1-7x12.png 7w\" sizes=\"(max-width: 550px) 100vw, 550px\" \/>\t\t\t\t\t\t\t\t\t\t\t\t\t\t\t<\/div>\n\t\t\t\t<\/div>\n\t\t\t\t\t<\/div>\n\t\t<\/div>\n\t\t\t\t\t<\/div>\n\t\t<\/section>\n\t\t\t\t<section class=\"elementor-section elementor-top-section elementor-element elementor-element-3636da7d elementor-section-boxed elementor-section-height-default elementor-section-height-default\" data-id=\"3636da7d\" data-element_type=\"section\" data-e-type=\"section\">\n\t\t\t\t\t\t<div class=\"elementor-container elementor-column-gap-default\">\n\t\t\t\t\t<div class=\"elementor-column elementor-col-100 elementor-top-column elementor-element elementor-element-6a7df44a\" data-id=\"6a7df44a\" data-element_type=\"column\" data-e-type=\"column\">\n\t\t\t<div class=\"elementor-widget-wrap\">\n\t\t\t\t\t\t\t<\/div>\n\t\t<\/div>\n\t\t\t\t\t<\/div>\n\t\t<\/section>\n\t\t\t\t<\/div>","protected":false},"excerpt":{"rendered":"<p>ASC-2023 \/ Sonbahar ASC-2023 \/ Sonbahar VI Akademik \u00c7al\u0131\u015fmalar kongresi Bing\u00f6l \u00dcniversitesi ev sahipli\u011finde d\u00fczenlenmi\u015ftir. Kongreye 10 \u00fclkeden 269 akademisyen kat\u0131lm\u0131\u015ft\u0131r. T\u00fcrkiye\u2019den ise 89 akademisyen kat\u0131lm\u0131\u015ft\u0131r.\u00a0 45\u2019I y\u00fczy\u00fcze olmak \u00fczere 184 bildiri Kabul edilip sunulmu\u015ftur. Kongreye katk\u0131 sa\u011flayan \u00fclkeler; Pakistan, Malaysia, T\u00fcrkiye, Democratic Congo, Slovakia, United States of America, Uzbekistan, Burkina Faso, India, Nigeria,Ukraine ASC-2023\/FALL [&hellip;]<\/p>\n","protected":false},"author":1,"featured_media":0,"parent":0,"menu_order":0,"comment_status":"closed","ping_status":"closed","template":"elementor_header_footer","meta":{"footnotes":""},"class_list":["post-14006","page","type-page","status-publish","hentry"],"_links":{"self":[{"href":"https:\/\/asc.academicianstudies.com\/en\/wp-json\/wp\/v2\/pages\/14006","targetHints":{"allow":["GET"]}}],"collection":[{"href":"https:\/\/asc.academicianstudies.com\/en\/wp-json\/wp\/v2\/pages"}],"about":[{"href":"https:\/\/asc.academicianstudies.com\/en\/wp-json\/wp\/v2\/types\/page"}],"author":[{"embeddable":true,"href":"https:\/\/asc.academicianstudies.com\/en\/wp-json\/wp\/v2\/users\/1"}],"replies":[{"embeddable":true,"href":"https:\/\/asc.academicianstudies.com\/en\/wp-json\/wp\/v2\/comments?post=14006"}],"version-history":[{"count":0,"href":"https:\/\/asc.academicianstudies.com\/en\/wp-json\/wp\/v2\/pages\/14006\/revisions"}],"wp:attachment":[{"href":"https:\/\/asc.academicianstudies.com\/en\/wp-json\/wp\/v2\/media?parent=14006"}],"curies":[{"name":"wp","href":"https:\/\/api.w.org\/{rel}","templated":true}]}}