{"id":1476,"date":"2021-02-08T09:57:13","date_gmt":"2021-02-08T09:57:13","guid":{"rendered":"https:\/\/asc.academicianstudies.com\/?page_id=1476"},"modified":"2025-02-18T14:10:45","modified_gmt":"2025-02-18T14:10:45","slug":"yazim-kurallari","status":"publish","type":"page","link":"https:\/\/asc.academicianstudies.com\/en\/yazim-kurallari\/","title":{"rendered":"Writing Rules"},"content":{"rendered":"<div data-elementor-type=\"wp-page\" data-elementor-id=\"1476\" class=\"elementor elementor-1476\">\n\t\t\t\t\t\t<section class=\"elementor-section elementor-top-section elementor-element elementor-element-61074bb elementor-section-stretched elementor-section-boxed elementor-section-height-default elementor-section-height-default\" data-id=\"61074bb\" data-element_type=\"section\" data-e-type=\"section\" data-settings=\"{&quot;stretch_section&quot;:&quot;section-stretched&quot;}\">\n\t\t\t\t\t\t<div class=\"elementor-container elementor-column-gap-no\">\n\t\t\t\t\t<div class=\"elementor-column elementor-col-100 elementor-top-column elementor-element elementor-element-4367b0b\" data-id=\"4367b0b\" data-element_type=\"column\" data-e-type=\"column\">\n\t\t\t<div class=\"elementor-widget-wrap elementor-element-populated\">\n\t\t\t\t\t\t<div class=\"elementor-element elementor-element-3b244c2 elementor-widget elementor-widget-spacer\" data-id=\"3b244c2\" data-element_type=\"widget\" data-e-type=\"widget\" data-settings=\"{&quot;ekit_we_effect_on&quot;:&quot;none&quot;}\" data-widget_type=\"spacer.default\">\n\t\t\t\t<div class=\"elementor-widget-container\">\n\t\t\t\t\t\t\t<div class=\"elementor-spacer\">\n\t\t\t<div class=\"elementor-spacer-inner\"><\/div>\n\t\t<\/div>\n\t\t\t\t\t\t<\/div>\n\t\t\t\t<\/div>\n\t\t\t\t<div class=\"elementor-element elementor-element-7322b06 elementor-widget elementor-widget-heading\" data-id=\"7322b06\" data-element_type=\"widget\" data-e-type=\"widget\" data-settings=\"{&quot;ekit_we_effect_on&quot;:&quot;none&quot;}\" data-widget_type=\"heading.default\">\n\t\t\t\t<div class=\"elementor-widget-container\">\n\t\t\t\t\t<h3 class=\"elementor-heading-title elementor-size-default\">Paper Submission Guidelines<\/h3>\t\t\t\t<\/div>\n\t\t\t\t<\/div>\n\t\t\t\t<div class=\"elementor-element elementor-element-1b07454 elementor-widget elementor-widget-text-editor\" data-id=\"1b07454\" data-element_type=\"widget\" data-e-type=\"widget\" data-settings=\"{&quot;ekit_we_effect_on&quot;:&quot;none&quot;}\" data-widget_type=\"text-editor.default\">\n\t\t\t\t<div class=\"elementor-widget-container\">\n\t\t\t\t\t\t\t\t\t<p><strong><em>In order to ensure that the papers submitted to our congress meet scientific standards and are eligible for indexing in the Web of Science, certain guidelines are implemented. Authors are required to fully adhere to these guidelines during the paper preparation process. Below is a summary of the key elements to consider when writing papers:<\/em><\/strong><\/p>\t\t\t\t\t\t\t\t<\/div>\n\t\t\t\t<\/div>\n\t\t\t\t<div class=\"elementor-element elementor-element-c18d981 elementor-widget elementor-widget-text-editor\" data-id=\"c18d981\" data-element_type=\"widget\" data-e-type=\"widget\" data-settings=\"{&quot;ekit_we_effect_on&quot;:&quot;none&quot;}\" data-widget_type=\"text-editor.default\">\n\t\t\t\t<div class=\"elementor-widget-container\">\n\t\t\t\t\t\t\t\t\t<ol><li><strong><em>Preparation of Papers<\/em><em>:<\/em><\/strong><\/li><\/ol><ul><li style=\"list-style-type: none;\"><ul><li class=\" translation-block\">The congress languages are Turkish and English, and papers in both languages are accepted.<\/li><li class=\" translation-block\">Papers should be prepared in the <a href=\"https:\/\/asc.academicianstudies.com\/wp-content\/uploads\/2025\/01\/2.-ING-GENISLETMIS-OZET-SABLON.docx\" target=\"_self\"><strong>extended abstract<\/strong><\/a>  or <a href=\"https:\/\/asc.academicianstudies.com\/wp-content\/uploads\/2025\/01\/Fulltext_En.docx\" target=\"_self\"><strong> full-text <\/strong> <\/a> format specified within the congress guidelines.<\/li><li><strong><em>For papers written in Turkish, it is mandatory to include an English title, abstract, and keywords to enhance international accessibility.<\/em><\/strong><\/li><li class=\" translation-block\">It is recommended to use professional language editing services to minimize grammatical and spelling errors in English abstracts. Optionally, our congress offers professional English editing services. You can send your abstracts for this service to <a href=\"mailto:academicianstudies@gmail.com\" target=\"_self\">academicianstudies@gmail.com\u00a0<\/a><\/em><em><\/li><\/ul><\/li><\/ul>\t\t\t\t\t\t\t\t<\/div>\n\t\t\t\t<\/div>\n\t\t\t\t<div class=\"elementor-element elementor-element-4595296 elementor-widget elementor-widget-text-editor\" data-id=\"4595296\" data-element_type=\"widget\" data-e-type=\"widget\" data-settings=\"{&quot;ekit_we_effect_on&quot;:&quot;none&quot;}\" data-widget_type=\"text-editor.default\">\n\t\t\t\t<div class=\"elementor-widget-container\">\n\t\t\t\t\t\t\t\t\t<p style=\"padding-left: 40px;\"><strong><em>2. Format of Papers<\/em><em>:<\/em><\/strong><\/p><ul><li style=\"list-style-type: none;\"><ul><li><strong><em>Papers must be prepared in accordance with the specified templates.<\/em><\/strong><\/li><li><strong><em>\u00a0Details regarding format and layout are provided in the template below.<\/em><\/strong><\/li><li><strong><em>Length of Papers:<\/em><\/strong><\/li><\/ul><\/li><\/ul><ol><li style=\"list-style-type: none;\"><ul><li style=\"list-style-type: none;\"><ol><li class=\" translation-block\"><a href=\"https:\/\/asc.academicianstudies.com\/wp-content\/uploads\/2025\/01\/2.-ExtendedAbstractTemplate.docx\" target=\"_self\"><strong><em>Extended Abstract<\/em><\/strong><\/a><em>: Should be between 500-1500 words. Extended abstracts should cover the study's purpose, methodology, main findings, and unique contributions.<\/em><\/li><li class=\" translation-block\"><a href=\"https:\/\/asc.academicianstudies.com\/wp-content\/uploads\/2025\/01\/2.-Fulltext_template.docx\" target=\"_self\"><strong><em> Full-Text Papers<\/em><\/strong><\/a><em>:  Should include the abstract, main text, tables, figures, references, and appendices, with a total length of at least 2000 words.<\/em><\/li><\/ol><\/li><\/ul><\/li><\/ol>\t\t\t\t\t\t\t\t<\/div>\n\t\t\t\t<\/div>\n\t\t\t\t<div class=\"elementor-element elementor-element-aa0427a elementor-widget elementor-widget-text-editor\" data-id=\"aa0427a\" data-element_type=\"widget\" data-e-type=\"widget\" data-settings=\"{&quot;ekit_we_effect_on&quot;:&quot;none&quot;}\" data-widget_type=\"text-editor.default\">\n\t\t\t\t<div class=\"elementor-widget-container\">\n\t\t\t\t\t\t\t\t\t<p style=\"padding-left: 40px;\"><strong><em>3. Review Process:<\/em><em>:<\/em><\/strong><\/p><ul><li style=\"list-style-type: none;\"><ul><li class=\" translation-block\"><em>Submitted papers will undergo <strong> a double-blind peer review <\/strong> process. Therefore, authors should not include <strong> their names, titles, affiliations, or contact information <\/strong>in the initial file uploaded to the system. Author information will be added to the accepted papers after the review process is completed.<\/em><\/li><li><strong><em>Papers will be evaluated based on originality, scientific contribution, methodological adequacy, presentation of findings, and writing quality.<\/em><\/strong><\/li><li><strong><em>Papers accepted by reviewers will be presented at the congress and published in accordance with the congress publication options.<\/em><\/strong><\/li><\/ul><\/li><\/ul>\t\t\t\t\t\t\t\t<\/div>\n\t\t\t\t<\/div>\n\t\t\t\t<div class=\"elementor-element elementor-element-7b7f79c elementor-widget elementor-widget-text-editor\" data-id=\"7b7f79c\" data-element_type=\"widget\" data-e-type=\"widget\" data-settings=\"{&quot;ekit_we_effect_on&quot;:&quot;none&quot;}\" data-widget_type=\"text-editor.default\">\n\t\t\t\t<div class=\"elementor-widget-container\">\n\t\t\t\t\t\t\t\t\t<p style=\"padding-left: 40px;\"><strong><em>4. Acceptance Notification<\/em><\/strong><\/p><ul><li class=\" translation-block\">After the review process is completed, an official <strong>\"Acceptance Notification\"<\/strong> will be sent to the authors' email addresses for the accepted papers.<\/li><li><strong><em>The acceptance notification confirms that the paper is eligible for presentation at the congress and can benefit from publication opportunities.<\/em><\/strong><\/li><li><strong><em>Authors of accepted papers must present their work at the congress, and if they wish to publish their paper in the proceedings book, it will be included with a DOI number.<\/em><\/strong><\/li><\/ul>\t\t\t\t\t\t\t\t<\/div>\n\t\t\t\t<\/div>\n\t\t\t\t<div class=\"elementor-element elementor-element-4cc0ad4 elementor-widget elementor-widget-text-editor\" data-id=\"4cc0ad4\" data-element_type=\"widget\" data-e-type=\"widget\" data-settings=\"{&quot;ekit_we_effect_on&quot;:&quot;none&quot;}\" data-widget_type=\"text-editor.default\">\n\t\t\t\t<div class=\"elementor-widget-container\">\n\t\t\t\t\t\t\t\t\t<p style=\"padding-left: 40px;\"><strong><em>5. Presentation Preparation <\/em><\/strong><\/p><ul><li><strong><em>Accepted papers will be presented at the congress, either online or in person.<\/em><\/strong><\/li><li class=\" translation-block\"><strong>Presentation Time<\/strong>: Each presentation will be allocated 15 minutes for the talk and 5 minutes for questions and answers, making a total of 20 minutes.<\/li><li class=\" translation-block\">Presentation files (PowerPoint or PDF) must be submitted to the technical team <strong>at least 2 hours <\/strong> before the congress.<\/li><li class=\" translation-block\">Presentations should be prepared in a <strong>16:9 aspect ratio<\/strong>. Images must have high resolution (at least 300 DPI), and text should be large enough to be readable from the back rows.<\/li><li><strong><em>Teknik uyumlulu\u011fu sa\u011flamak amac\u0131yla kongrede kullan\u0131lacak sunum \u015fablonunu a\u015fa\u011f\u0131daki ba\u011flant\u0131dan indirebilirsiniz:<br \/><a href=\"https:\/\/asc.academicianstudies.com\/wp-content\/uploads\/2025\/01\/ING-SUNUM-SABLONU.pptx\"><span style=\"color: #0000ff;\">PowerPoint Presentation Template (PPTX)<\/span><\/a><\/em><\/strong><\/li><\/ul>\t\t\t\t\t\t\t\t<\/div>\n\t\t\t\t<\/div>\n\t\t\t\t<div class=\"elementor-element elementor-element-021b414 elementor-widget elementor-widget-text-editor\" data-id=\"021b414\" data-element_type=\"widget\" data-e-type=\"widget\" data-settings=\"{&quot;ekit_we_effect_on&quot;:&quot;none&quot;}\" data-widget_type=\"text-editor.default\">\n\t\t\t\t<div class=\"elementor-widget-container\">\n\t\t\t\t\t\t\t\t\t<p style=\"padding-left: 40px;\"><strong><em>6. Additional Documents and Templates:<\/em><em>:<\/em><\/strong><\/p><p style=\"padding-left: 40px;\"><strong><em>For more information and detailed guidelines, please review the following documents:<\/em><\/strong><\/p><ul><li class=\" translation-block\"><span style=\"color: #0000ff\"><a style=\"color: #0000ff\" href=\"https:\/\/asc.academicianstudies.com\/wp-content\/uploads\/2025\/01\/1.-PSG.pdf\" target=\"_self\"><strong><em>Guidelines for Abstract Submission (PDF)<\/em><\/strong><\/a><\/span><em>: Contains all the detailed rules that must be followed when preparing abstracts.<\/em><\/li><li class=\" translation-block\"><span style=\"color: #0000ff\"><strong><em><a style=\"color: #0000ff\" href=\"https:\/\/asc.academicianstudies.com\/wp-content\/uploads\/2025\/01\/2.-TGPSP.pdf\" target=\"_self\">Technical Guide for Abstract Submission Process<\/a><\/em><\/strong><\/span><em>: Includes technical information on submitting abstracts through the system and managing the process.<\/em><\/li><\/ul><p><strong><em>Adhering to the above rules is essential for the smooth acceptance and publication of your paper. If you have any questions, please feel free to contact us:<\/em><\/strong><\/p><ul><li><strong>E-Mail:\u00a0<a href=\"mailto:academicianstudies@gmail.com\">academicianstudies@gmail.com<\/a><\/strong><\/li><li><strong>Phone:\u00a0+90 544 347 14 87<\/strong><\/li><\/ul>\t\t\t\t\t\t\t\t<\/div>\n\t\t\t\t<\/div>\n\t\t\t\t<div class=\"elementor-element elementor-element-4969898 elementor-widget elementor-widget-spacer\" data-id=\"4969898\" data-element_type=\"widget\" data-e-type=\"widget\" data-settings=\"{&quot;ekit_we_effect_on&quot;:&quot;none&quot;}\" data-widget_type=\"spacer.default\">\n\t\t\t\t<div class=\"elementor-widget-container\">\n\t\t\t\t\t\t\t<div class=\"elementor-spacer\">\n\t\t\t<div class=\"elementor-spacer-inner\"><\/div>\n\t\t<\/div>\n\t\t\t\t\t\t<\/div>\n\t\t\t\t<\/div>\n\t\t\t\t\t<\/div>\n\t\t<\/div>\n\t\t\t\t\t<\/div>\n\t\t<\/section>\n\t\t\t\t<\/div>","protected":false},"excerpt":{"rendered":"<p>Bildiri Yaz\u0131m Kurallar\u0131 Kongremize g\u00f6nderilecek bildirilerin bilimsel standartlara uygun olarak haz\u0131rlanmas\u0131 ve Web of Science indeksinde taranabilmesi amac\u0131yla belirli kurallar uygulanmaktad\u0131r. Yazarlar\u0131n, bildiri haz\u0131rl\u0131k s\u00fcrecinde bu kurallara tam olarak uymas\u0131 gerekmektedir. A\u015fa\u011f\u0131da bildirilerin yaz\u0131m\u0131nda dikkat edilmesi gereken temel unsurlar \u00f6zetlenmi\u015ftir: Bildirilerin Haz\u0131rlanmas\u0131: Kongre dili\u00a0T\u00fcrk\u00e7e ve \u0130ngilizce\u00a0olup, her iki dilde bildiriler kabul edilmektedir. Bildiriler, kongre kapsam\u0131nda [&hellip;]<\/p>\n","protected":false},"author":1,"featured_media":0,"parent":0,"menu_order":0,"comment_status":"closed","ping_status":"closed","template":"template\/full-width-template.php","meta":{"footnotes":""},"class_list":["post-1476","page","type-page","status-publish","hentry"],"_links":{"self":[{"href":"https:\/\/asc.academicianstudies.com\/en\/wp-json\/wp\/v2\/pages\/1476","targetHints":{"allow":["GET"]}}],"collection":[{"href":"https:\/\/asc.academicianstudies.com\/en\/wp-json\/wp\/v2\/pages"}],"about":[{"href":"https:\/\/asc.academicianstudies.com\/en\/wp-json\/wp\/v2\/types\/page"}],"author":[{"embeddable":true,"href":"https:\/\/asc.academicianstudies.com\/en\/wp-json\/wp\/v2\/users\/1"}],"replies":[{"embeddable":true,"href":"https:\/\/asc.academicianstudies.com\/en\/wp-json\/wp\/v2\/comments?post=1476"}],"version-history":[{"count":0,"href":"https:\/\/asc.academicianstudies.com\/en\/wp-json\/wp\/v2\/pages\/1476\/revisions"}],"wp:attachment":[{"href":"https:\/\/asc.academicianstudies.com\/en\/wp-json\/wp\/v2\/media?parent=1476"}],"curies":[{"name":"wp","href":"https:\/\/api.w.org\/{rel}","templated":true}]}}