{"id":16493,"date":"2025-07-01T10:57:00","date_gmt":"2025-07-01T10:57:00","guid":{"rendered":"https:\/\/asc.academicianstudies.com\/?page_id=16493"},"modified":"2025-09-13T20:53:57","modified_gmt":"2025-09-13T20:53:57","slug":"asc-2025-spring","status":"publish","type":"page","link":"https:\/\/asc.academicianstudies.com\/en\/asc-2025-spring\/","title":{"rendered":"ASC-2025\/Spring"},"content":{"rendered":"<div data-elementor-type=\"wp-page\" data-elementor-id=\"16493\" class=\"elementor elementor-16493\">\n\t\t\t\t\t\t<section class=\"elementor-section elementor-top-section elementor-element elementor-element-9f178be elementor-section-full_width elementor-section-height-default elementor-section-height-default\" data-id=\"9f178be\" data-element_type=\"section\" data-e-type=\"section\" data-settings=\"{&quot;background_background&quot;:&quot;classic&quot;}\">\n\t\t\t\t\t\t\t<div class=\"elementor-background-overlay\"><\/div>\n\t\t\t\t\t\t\t<div class=\"elementor-container elementor-column-gap-default\">\n\t\t\t\t\t<div class=\"elementor-column elementor-col-100 elementor-top-column elementor-element elementor-element-93264c6\" data-id=\"93264c6\" data-element_type=\"column\" data-e-type=\"column\">\n\t\t\t<div class=\"elementor-widget-wrap elementor-element-populated\">\n\t\t\t\t\t\t<div class=\"elementor-element elementor-element-46c77fa elementor-widget elementor-widget-spacer\" data-id=\"46c77fa\" data-element_type=\"widget\" data-e-type=\"widget\" data-settings=\"{&quot;ekit_we_effect_on&quot;:&quot;none&quot;}\" data-widget_type=\"spacer.default\">\n\t\t\t\t<div class=\"elementor-widget-container\">\n\t\t\t\t\t\t\t<div class=\"elementor-spacer\">\n\t\t\t<div class=\"elementor-spacer-inner\"><\/div>\n\t\t<\/div>\n\t\t\t\t\t\t<\/div>\n\t\t\t\t<\/div>\n\t\t\t\t\t<\/div>\n\t\t<\/div>\n\t\t\t\t\t<\/div>\n\t\t<\/section>\n\t\t\t\t<section class=\"elementor-section elementor-top-section elementor-element elementor-element-9fd1422 elementor-section-boxed elementor-section-height-default elementor-section-height-default\" data-id=\"9fd1422\" data-element_type=\"section\" data-e-type=\"section\">\n\t\t\t\t\t\t<div class=\"elementor-container elementor-column-gap-default\">\n\t\t\t\t\t<div class=\"elementor-column elementor-col-66 elementor-top-column elementor-element elementor-element-6608eb9\" data-id=\"6608eb9\" data-element_type=\"column\" data-e-type=\"column\">\n\t\t\t<div class=\"elementor-widget-wrap elementor-element-populated\">\n\t\t\t\t\t\t<div class=\"elementor-element elementor-element-90a8eeb elementor-widget elementor-widget-spacer\" data-id=\"90a8eeb\" data-element_type=\"widget\" data-e-type=\"widget\" data-settings=\"{&quot;ekit_we_effect_on&quot;:&quot;none&quot;}\" data-widget_type=\"spacer.default\">\n\t\t\t\t<div class=\"elementor-widget-container\">\n\t\t\t\t\t\t\t<div class=\"elementor-spacer\">\n\t\t\t<div class=\"elementor-spacer-inner\"><\/div>\n\t\t<\/div>\n\t\t\t\t\t\t<\/div>\n\t\t\t\t<\/div>\n\t\t\t\t<div class=\"elementor-element elementor-element-380ef23 elementor-widget elementor-widget-heading\" data-id=\"380ef23\" data-element_type=\"widget\" data-e-type=\"widget\" data-settings=\"{&quot;ekit_we_effect_on&quot;:&quot;none&quot;}\" data-widget_type=\"heading.default\">\n\t\t\t\t<div class=\"elementor-widget-container\">\n\t\t\t\t\t<h2 class=\"elementor-heading-title elementor-size-default\">ASC-2025 \/ Spring<\/h2>\t\t\t\t<\/div>\n\t\t\t\t<\/div>\n\t\t\t\t<div class=\"elementor-element elementor-element-892d873 elementor-widget elementor-widget-image\" data-id=\"892d873\" data-element_type=\"widget\" data-e-type=\"widget\" data-settings=\"{&quot;ekit_we_effect_on&quot;:&quot;none&quot;}\" data-widget_type=\"image.default\">\n\t\t\t\t<div class=\"elementor-widget-container\">\n\t\t\t\t\t\t\t\t\t\t\t\t\t\t\t<img fetchpriority=\"high\" decoding=\"async\" width=\"214\" height=\"300\" src=\"https:\/\/asc.academicianstudies.com\/wp-content\/uploads\/2025\/05\/asc2025afisen-214x300.png\" class=\"attachment-medium size-medium wp-image-16451\" alt=\"\" srcset=\"https:\/\/asc.academicianstudies.com\/wp-content\/uploads\/2025\/05\/asc2025afisen-214x300.png 214w, https:\/\/asc.academicianstudies.com\/wp-content\/uploads\/2025\/05\/asc2025afisen-731x1024.png 731w, https:\/\/asc.academicianstudies.com\/wp-content\/uploads\/2025\/05\/asc2025afisen-768x1075.png 768w, https:\/\/asc.academicianstudies.com\/wp-content\/uploads\/2025\/05\/asc2025afisen-1097x1536.png 1097w, https:\/\/asc.academicianstudies.com\/wp-content\/uploads\/2025\/05\/asc2025afisen-1463x2048.png 1463w, https:\/\/asc.academicianstudies.com\/wp-content\/uploads\/2025\/05\/asc2025afisen-9x12.png 9w, https:\/\/asc.academicianstudies.com\/wp-content\/uploads\/2025\/05\/asc2025afisen-scaled.png 1829w\" sizes=\"(max-width: 214px) 100vw, 214px\" \/>\t\t\t\t\t\t\t\t\t\t\t\t\t\t\t<\/div>\n\t\t\t\t<\/div>\n\t\t\t\t<div class=\"elementor-element elementor-element-1336d7a elementor-widget elementor-widget-text-editor\" data-id=\"1336d7a\" data-element_type=\"widget\" data-e-type=\"widget\" data-settings=\"{&quot;ekit_we_effect_on&quot;:&quot;none&quot;}\" data-widget_type=\"text-editor.default\">\n\t\t\t\t<div class=\"elementor-widget-container\">\n\t\t\t\t\t\t\t\t\t<p>The 9th Academic Studies Congress was hosted by Istanbul Gedik University.\u00a0 \u00a0<\/p>\n<p>\u00a0<\/p>\t\t\t\t\t\t\t\t<\/div>\n\t\t\t\t<\/div>\n\t\t\t\t<div class=\"elementor-element elementor-element-19ef4aec elementor-widget elementor-widget-text-editor\" data-id=\"19ef4aec\" data-element_type=\"widget\" data-e-type=\"widget\" data-settings=\"{&quot;ekit_we_effect_on&quot;:&quot;none&quot;}\" data-widget_type=\"text-editor.default\">\n\t\t\t\t<div class=\"elementor-widget-container\">\n\t\t\t\t\t\t\t\t\t<div class=\"wp-block-file translation-block\"><a href=\"https:\/\/drive.google.com\/drive\/folders\/1ydN1NqXkx8DucNbArDZ8UJhKOsG89ABJ?usp=sharing\" target=\"_self\">Download Your ASC-2025\/SPRING Certificate of Participation Here<\/a><a class=\"wp-block-file__button\" href=\"https:\/\/drive.google.com\/drive\/folders\/1ydN1NqXkx8DucNbArDZ8UJhKOsG89ABJ?usp=sharing\" target=\"_self\">Enter<\/a><\/div>\n<div class=\"wp-block-file translation-block\"><a href=\"https:\/\/asc.academicianstudies.com\/wp-content\/uploads\/2025\/05\/program-Bahar-kongresi-27.pdf\" target=\"_self\">You can access the ASC-2025\/SPRING Congress Program from the link below! <\/a><a class=\"wp-block-file__button\" href=\"https:\/\/asc.academicianstudies.com\/wp-content\/uploads\/2025\/05\/program-Bahar-kongresi-27.pdf\" target=\"_self\">ASC-2025\/ Spring Program<\/a><\/div>\n<p><\/p>\n<div class=\"wp-block-file translation-block\"><a href=\"https:\/\/asc.academicianstudies.com\/wp-content\/uploads\/2025\/07\/IX.-ASC.-2025-Spring-CONGRESS-Proceeding-Book.pdf\" target=\"_self\">ASC-2025\/SPRING Abstracts Booklet<\/a><a class=\"wp-block-file__button\" href=\"https:\/\/asc.academicianstudies.com\/wp-content\/uploads\/2025\/07\/IX.-ASC.-2025-Spring-CONGRESS-Proceeding-Book.pdf\" target=\"_self\">Download<\/a><\/div>\n<p><\/p>\n<div class=\"wp-block-file\"><span style=\"color: #ffffff;\"><a href=\"https:\/\/asc.academicianstudies.com\/wp-content\/uploads\/2025\/09\/ASC-Tam-metin-13.09.pdf\">ASC-2025\/SPRING Tam Metin Kitab\u0131 <\/a><a class=\"wp-block-file__button\" href=\"https:\/\/asc.academicianstudies.com\/wp-content\/uploads\/2025\/09\/ASC-Tam-metin-13.09.pdf\" download=\"\">Download<\/a>dir<\/span><\/div>\n<div>\n<div class=\"wp-block-file\">\u00a0<\/div>\n<p><\/p>\n<\/div>\n<p><\/p>\n<p><\/p>\t\t\t\t\t\t\t\t<\/div>\n\t\t\t\t<\/div>\n\t\t\t\t\t<\/div>\n\t\t<\/div>\n\t\t\t\t<div class=\"elementor-column elementor-col-33 elementor-top-column elementor-element elementor-element-96dd8de\" data-id=\"96dd8de\" data-element_type=\"column\" data-e-type=\"column\">\n\t\t\t<div class=\"elementor-widget-wrap elementor-element-populated\">\n\t\t\t\t\t\t<div class=\"elementor-element elementor-element-7d040e9 elementor-widget elementor-widget-spacer\" data-id=\"7d040e9\" data-element_type=\"widget\" data-e-type=\"widget\" data-settings=\"{&quot;ekit_we_effect_on&quot;:&quot;none&quot;}\" data-widget_type=\"spacer.default\">\n\t\t\t\t<div class=\"elementor-widget-container\">\n\t\t\t\t\t\t\t<div class=\"elementor-spacer\">\n\t\t\t<div class=\"elementor-spacer-inner\"><\/div>\n\t\t<\/div>\n\t\t\t\t\t\t<\/div>\n\t\t\t\t<\/div>\n\t\t\t\t<div class=\"elementor-element elementor-element-417fc7c elementor-widget elementor-widget-heading\" data-id=\"417fc7c\" data-element_type=\"widget\" data-e-type=\"widget\" data-settings=\"{&quot;ekit_we_effect_on&quot;:&quot;none&quot;}\" data-widget_type=\"heading.default\">\n\t\t\t\t<div class=\"elementor-widget-container\">\n\t\t\t\t\t<h2 class=\"elementor-heading-title elementor-size-default\">Pictures from the congress.<\/h2>\t\t\t\t<\/div>\n\t\t\t\t<\/div>\n\t\t\t\t<div class=\"elementor-element elementor-element-e281c0a elementor-widget elementor-widget-image\" data-id=\"e281c0a\" data-element_type=\"widget\" data-e-type=\"widget\" data-settings=\"{&quot;ekit_we_effect_on&quot;:&quot;none&quot;}\" data-widget_type=\"image.default\">\n\t\t\t\t<div class=\"elementor-widget-container\">\n\t\t\t\t\t\t\t\t\t\t\t\t\t\t\t<img decoding=\"async\" width=\"576\" height=\"1024\" src=\"https:\/\/asc.academicianstudies.com\/wp-content\/uploads\/2025\/07\/gedik1-576x1024.jpeg\" class=\"attachment-large size-large wp-image-16507\" alt=\"\" srcset=\"https:\/\/asc.academicianstudies.com\/wp-content\/uploads\/2025\/07\/gedik1-576x1024.jpeg 576w, https:\/\/asc.academicianstudies.com\/wp-content\/uploads\/2025\/07\/gedik1-169x300.jpeg 169w, https:\/\/asc.academicianstudies.com\/wp-content\/uploads\/2025\/07\/gedik1-768x1365.jpeg 768w, https:\/\/asc.academicianstudies.com\/wp-content\/uploads\/2025\/07\/gedik1-864x1536.jpeg 864w, https:\/\/asc.academicianstudies.com\/wp-content\/uploads\/2025\/07\/gedik1-7x12.jpeg 7w, https:\/\/asc.academicianstudies.com\/wp-content\/uploads\/2025\/07\/gedik1.jpeg 900w\" sizes=\"(max-width: 576px) 100vw, 576px\" \/>\t\t\t\t\t\t\t\t\t\t\t\t\t\t\t<\/div>\n\t\t\t\t<\/div>\n\t\t\t\t<div class=\"elementor-element elementor-element-7042619 elementor-widget elementor-widget-image\" data-id=\"7042619\" data-element_type=\"widget\" data-e-type=\"widget\" data-settings=\"{&quot;ekit_we_effect_on&quot;:&quot;none&quot;}\" data-widget_type=\"image.default\">\n\t\t\t\t<div class=\"elementor-widget-container\">\n\t\t\t\t\t\t\t\t\t\t\t\t\t\t\t<img decoding=\"async\" width=\"800\" height=\"533\" src=\"https:\/\/asc.academicianstudies.com\/wp-content\/uploads\/2025\/07\/gedik10-1024x682.jpeg\" class=\"attachment-large size-large wp-image-16506\" alt=\"\" srcset=\"https:\/\/asc.academicianstudies.com\/wp-content\/uploads\/2025\/07\/gedik10-1024x682.jpeg 1024w, https:\/\/asc.academicianstudies.com\/wp-content\/uploads\/2025\/07\/gedik10-300x200.jpeg 300w, https:\/\/asc.academicianstudies.com\/wp-content\/uploads\/2025\/07\/gedik10-768x512.jpeg 768w, https:\/\/asc.academicianstudies.com\/wp-content\/uploads\/2025\/07\/gedik10-1536x1023.jpeg 1536w, https:\/\/asc.academicianstudies.com\/wp-content\/uploads\/2025\/07\/gedik10-18x12.jpeg 18w, https:\/\/asc.academicianstudies.com\/wp-content\/uploads\/2025\/07\/gedik10.jpeg 1600w\" sizes=\"(max-width: 800px) 100vw, 800px\" \/>\t\t\t\t\t\t\t\t\t\t\t\t\t\t\t<\/div>\n\t\t\t\t<\/div>\n\t\t\t\t<div class=\"elementor-element elementor-element-8eea843 elementor-widget elementor-widget-image\" data-id=\"8eea843\" data-element_type=\"widget\" data-e-type=\"widget\" data-settings=\"{&quot;ekit_we_effect_on&quot;:&quot;none&quot;}\" data-widget_type=\"image.default\">\n\t\t\t\t<div class=\"elementor-widget-container\">\n\t\t\t\t\t\t\t\t\t\t\t\t\t\t\t<img loading=\"lazy\" decoding=\"async\" width=\"800\" height=\"533\" src=\"https:\/\/asc.academicianstudies.com\/wp-content\/uploads\/2025\/07\/gedik8-1024x682.jpeg\" class=\"attachment-large size-large wp-image-16504\" alt=\"\" srcset=\"https:\/\/asc.academicianstudies.com\/wp-content\/uploads\/2025\/07\/gedik8-1024x682.jpeg 1024w, https:\/\/asc.academicianstudies.com\/wp-content\/uploads\/2025\/07\/gedik8-300x200.jpeg 300w, https:\/\/asc.academicianstudies.com\/wp-content\/uploads\/2025\/07\/gedik8-768x512.jpeg 768w, https:\/\/asc.academicianstudies.com\/wp-content\/uploads\/2025\/07\/gedik8-1536x1023.jpeg 1536w, https:\/\/asc.academicianstudies.com\/wp-content\/uploads\/2025\/07\/gedik8-18x12.jpeg 18w, https:\/\/asc.academicianstudies.com\/wp-content\/uploads\/2025\/07\/gedik8.jpeg 1600w\" sizes=\"(max-width: 800px) 100vw, 800px\" \/>\t\t\t\t\t\t\t\t\t\t\t\t\t\t\t<\/div>\n\t\t\t\t<\/div>\n\t\t\t\t<div class=\"elementor-element elementor-element-f393f96 elementor-widget elementor-widget-image\" data-id=\"f393f96\" data-element_type=\"widget\" data-e-type=\"widget\" data-settings=\"{&quot;ekit_we_effect_on&quot;:&quot;none&quot;}\" data-widget_type=\"image.default\">\n\t\t\t\t<div class=\"elementor-widget-container\">\n\t\t\t\t\t\t\t\t\t\t\t\t\t\t\t<img loading=\"lazy\" decoding=\"async\" width=\"800\" height=\"533\" src=\"https:\/\/asc.academicianstudies.com\/wp-content\/uploads\/2025\/07\/gedik5-1024x682.jpeg\" class=\"attachment-large size-large wp-image-16501\" alt=\"\" srcset=\"https:\/\/asc.academicianstudies.com\/wp-content\/uploads\/2025\/07\/gedik5-1024x682.jpeg 1024w, https:\/\/asc.academicianstudies.com\/wp-content\/uploads\/2025\/07\/gedik5-300x200.jpeg 300w, https:\/\/asc.academicianstudies.com\/wp-content\/uploads\/2025\/07\/gedik5-768x512.jpeg 768w, https:\/\/asc.academicianstudies.com\/wp-content\/uploads\/2025\/07\/gedik5-1536x1023.jpeg 1536w, https:\/\/asc.academicianstudies.com\/wp-content\/uploads\/2025\/07\/gedik5-18x12.jpeg 18w, https:\/\/asc.academicianstudies.com\/wp-content\/uploads\/2025\/07\/gedik5.jpeg 1600w\" sizes=\"(max-width: 800px) 100vw, 800px\" \/>\t\t\t\t\t\t\t\t\t\t\t\t\t\t\t<\/div>\n\t\t\t\t<\/div>\n\t\t\t\t<div class=\"elementor-element elementor-element-db572b4 elementor-widget elementor-widget-image\" data-id=\"db572b4\" data-element_type=\"widget\" data-e-type=\"widget\" data-settings=\"{&quot;ekit_we_effect_on&quot;:&quot;none&quot;}\" data-widget_type=\"image.default\">\n\t\t\t\t<div class=\"elementor-widget-container\">\n\t\t\t\t\t\t\t\t\t\t\t\t\t\t\t<img loading=\"lazy\" decoding=\"async\" width=\"800\" height=\"600\" src=\"https:\/\/asc.academicianstudies.com\/wp-content\/uploads\/2025\/07\/gedik3-1024x768.jpeg\" class=\"attachment-large size-large wp-image-16499\" alt=\"\" srcset=\"https:\/\/asc.academicianstudies.com\/wp-content\/uploads\/2025\/07\/gedik3-1024x768.jpeg 1024w, https:\/\/asc.academicianstudies.com\/wp-content\/uploads\/2025\/07\/gedik3-300x225.jpeg 300w, https:\/\/asc.academicianstudies.com\/wp-content\/uploads\/2025\/07\/gedik3-768x576.jpeg 768w, https:\/\/asc.academicianstudies.com\/wp-content\/uploads\/2025\/07\/gedik3-1536x1152.jpeg 1536w, https:\/\/asc.academicianstudies.com\/wp-content\/uploads\/2025\/07\/gedik3-16x12.jpeg 16w, https:\/\/asc.academicianstudies.com\/wp-content\/uploads\/2025\/07\/gedik3.jpeg 1600w\" sizes=\"(max-width: 800px) 100vw, 800px\" \/>\t\t\t\t\t\t\t\t\t\t\t\t\t\t\t<\/div>\n\t\t\t\t<\/div>\n\t\t\t\t<div class=\"elementor-element elementor-element-a96121b elementor-widget elementor-widget-image\" data-id=\"a96121b\" data-element_type=\"widget\" data-e-type=\"widget\" data-settings=\"{&quot;ekit_we_effect_on&quot;:&quot;none&quot;}\" data-widget_type=\"image.default\">\n\t\t\t\t<div class=\"elementor-widget-container\">\n\t\t\t\t\t\t\t\t\t\t\t\t\t\t\t<img loading=\"lazy\" decoding=\"async\" width=\"800\" height=\"600\" src=\"https:\/\/asc.academicianstudies.com\/wp-content\/uploads\/2025\/07\/gedik4-1024x768.jpeg\" class=\"attachment-large size-large wp-image-16500\" alt=\"\" srcset=\"https:\/\/asc.academicianstudies.com\/wp-content\/uploads\/2025\/07\/gedik4-1024x768.jpeg 1024w, https:\/\/asc.academicianstudies.com\/wp-content\/uploads\/2025\/07\/gedik4-300x225.jpeg 300w, https:\/\/asc.academicianstudies.com\/wp-content\/uploads\/2025\/07\/gedik4-768x576.jpeg 768w, https:\/\/asc.academicianstudies.com\/wp-content\/uploads\/2025\/07\/gedik4-1536x1152.jpeg 1536w, https:\/\/asc.academicianstudies.com\/wp-content\/uploads\/2025\/07\/gedik4-16x12.jpeg 16w, https:\/\/asc.academicianstudies.com\/wp-content\/uploads\/2025\/07\/gedik4.jpeg 1600w\" sizes=\"(max-width: 800px) 100vw, 800px\" \/>\t\t\t\t\t\t\t\t\t\t\t\t\t\t\t<\/div>\n\t\t\t\t<\/div>\n\t\t\t\t\t<\/div>\n\t\t<\/div>\n\t\t\t\t\t<\/div>\n\t\t<\/section>\n\t\t\t\t<section class=\"elementor-section elementor-top-section elementor-element elementor-element-3636da7d elementor-section-boxed elementor-section-height-default elementor-section-height-default\" data-id=\"3636da7d\" data-element_type=\"section\" data-e-type=\"section\">\n\t\t\t\t\t\t<div class=\"elementor-container elementor-column-gap-default\">\n\t\t\t\t\t<div class=\"elementor-column elementor-col-100 elementor-top-column elementor-element elementor-element-6a7df44a\" data-id=\"6a7df44a\" data-element_type=\"column\" data-e-type=\"column\">\n\t\t\t<div class=\"elementor-widget-wrap\">\n\t\t\t\t\t\t\t<\/div>\n\t\t<\/div>\n\t\t\t\t\t<\/div>\n\t\t<\/section>\n\t\t\t\t<\/div>","protected":false},"excerpt":{"rendered":"<p>ASC-2025 \/ Bahar IX. Akademik \u00e7al\u0131\u015fmalar kongresi \u0130stanbul Gedik\u00a0 \u00dcniversitesinin ev sahipli\u011finde ger\u00e7ekle\u015ftirilmi\u015ftir.\u00a0 \u00a0 \u00a0 ASC-2025\/SPRING Kat\u0131l\u0131m Belgenizi Buradan \u0130ndirebilirsinizGiri\u015f ASC-2025\/SPRING Kongre Program\u0131na a\u015fa\u011f\u0131daki linkten eri\u015febilirsiniz! ASC-2025\/ Spring Program Kongreden g\u00f6r\u00fcnt\u00fcler<\/p>","protected":false},"author":1,"featured_media":0,"parent":0,"menu_order":0,"comment_status":"closed","ping_status":"closed","template":"elementor_header_footer","meta":{"footnotes":""},"class_list":["post-16493","page","type-page","status-publish","hentry"],"_links":{"self":[{"href":"https:\/\/asc.academicianstudies.com\/en\/wp-json\/wp\/v2\/pages\/16493","targetHints":{"allow":["GET"]}}],"collection":[{"href":"https:\/\/asc.academicianstudies.com\/en\/wp-json\/wp\/v2\/pages"}],"about":[{"href":"https:\/\/asc.academicianstudies.com\/en\/wp-json\/wp\/v2\/types\/page"}],"author":[{"embeddable":true,"href":"https:\/\/asc.academicianstudies.com\/en\/wp-json\/wp\/v2\/users\/1"}],"replies":[{"embeddable":true,"href":"https:\/\/asc.academicianstudies.com\/en\/wp-json\/wp\/v2\/comments?post=16493"}],"version-history":[{"count":34,"href":"https:\/\/asc.academicianstudies.com\/en\/wp-json\/wp\/v2\/pages\/16493\/revisions"}],"predecessor-version":[{"id":16925,"href":"https:\/\/asc.academicianstudies.com\/en\/wp-json\/wp\/v2\/pages\/16493\/revisions\/16925"}],"wp:attachment":[{"href":"https:\/\/asc.academicianstudies.com\/en\/wp-json\/wp\/v2\/media?parent=16493"}],"curies":[{"name":"wp","href":"https:\/\/api.w.org\/{rel}","templated":true}]}}