{"id":16990,"date":"2025-11-17T15:28:45","date_gmt":"2025-11-17T15:28:45","guid":{"rendered":"https:\/\/asc.academicianstudies.com\/?page_id=16990"},"modified":"2025-12-29T10:48:53","modified_gmt":"2025-12-29T10:48:53","slug":"asc-2025-fall","status":"publish","type":"page","link":"https:\/\/asc.academicianstudies.com\/en\/asc-2025-fall\/","title":{"rendered":"ASC-2025\/Fall"},"content":{"rendered":"<div data-elementor-type=\"wp-page\" data-elementor-id=\"16990\" class=\"elementor elementor-16990\">\n\t\t\t\t\t\t<section class=\"elementor-section elementor-top-section elementor-element elementor-element-9f178be elementor-section-full_width elementor-section-height-default elementor-section-height-default\" data-id=\"9f178be\" data-element_type=\"section\" data-e-type=\"section\" data-settings=\"{&quot;background_background&quot;:&quot;classic&quot;}\">\n\t\t\t\t\t\t\t<div class=\"elementor-background-overlay\"><\/div>\n\t\t\t\t\t\t\t<div class=\"elementor-container elementor-column-gap-default\">\n\t\t\t\t\t<div class=\"elementor-column elementor-col-100 elementor-top-column elementor-element elementor-element-93264c6\" data-id=\"93264c6\" data-element_type=\"column\" data-e-type=\"column\">\n\t\t\t<div class=\"elementor-widget-wrap elementor-element-populated\">\n\t\t\t\t\t\t<div class=\"elementor-element elementor-element-46c77fa elementor-widget elementor-widget-spacer\" data-id=\"46c77fa\" data-element_type=\"widget\" data-e-type=\"widget\" data-settings=\"{&quot;ekit_we_effect_on&quot;:&quot;none&quot;}\" data-widget_type=\"spacer.default\">\n\t\t\t\t<div class=\"elementor-widget-container\">\n\t\t\t\t\t\t\t<div class=\"elementor-spacer\">\n\t\t\t<div class=\"elementor-spacer-inner\"><\/div>\n\t\t<\/div>\n\t\t\t\t\t\t<\/div>\n\t\t\t\t<\/div>\n\t\t\t\t\t<\/div>\n\t\t<\/div>\n\t\t\t\t\t<\/div>\n\t\t<\/section>\n\t\t\t\t<section class=\"elementor-section elementor-top-section elementor-element elementor-element-9fd1422 elementor-section-boxed elementor-section-height-default elementor-section-height-default\" data-id=\"9fd1422\" data-element_type=\"section\" data-e-type=\"section\">\n\t\t\t\t\t\t<div class=\"elementor-container elementor-column-gap-default\">\n\t\t\t\t\t<div class=\"elementor-column elementor-col-66 elementor-top-column elementor-element elementor-element-6608eb9\" data-id=\"6608eb9\" data-element_type=\"column\" data-e-type=\"column\">\n\t\t\t<div class=\"elementor-widget-wrap elementor-element-populated\">\n\t\t\t\t\t\t<div class=\"elementor-element elementor-element-90a8eeb elementor-widget elementor-widget-spacer\" data-id=\"90a8eeb\" data-element_type=\"widget\" data-e-type=\"widget\" data-settings=\"{&quot;ekit_we_effect_on&quot;:&quot;none&quot;}\" data-widget_type=\"spacer.default\">\n\t\t\t\t<div class=\"elementor-widget-container\">\n\t\t\t\t\t\t\t<div class=\"elementor-spacer\">\n\t\t\t<div class=\"elementor-spacer-inner\"><\/div>\n\t\t<\/div>\n\t\t\t\t\t\t<\/div>\n\t\t\t\t<\/div>\n\t\t\t\t<div class=\"elementor-element elementor-element-380ef23 elementor-widget elementor-widget-heading\" data-id=\"380ef23\" data-element_type=\"widget\" data-e-type=\"widget\" data-settings=\"{&quot;ekit_we_effect_on&quot;:&quot;none&quot;}\" data-widget_type=\"heading.default\">\n\t\t\t\t<div class=\"elementor-widget-container\">\n\t\t\t\t\t<h2 class=\"elementor-heading-title elementor-size-default\">ASC-2025 \/ G\u00fcz<\/h2>\t\t\t\t<\/div>\n\t\t\t\t<\/div>\n\t\t\t\t<div class=\"elementor-element elementor-element-892d873 elementor-widget elementor-widget-image\" data-id=\"892d873\" data-element_type=\"widget\" data-e-type=\"widget\" data-settings=\"{&quot;ekit_we_effect_on&quot;:&quot;none&quot;}\" data-widget_type=\"image.default\">\n\t\t\t\t<div class=\"elementor-widget-container\">\n\t\t\t\t\t\t\t\t\t\t\t\t\t\t\t<img fetchpriority=\"high\" decoding=\"async\" width=\"214\" height=\"300\" src=\"https:\/\/asc.academicianstudies.com\/wp-content\/uploads\/2025\/07\/Faisalabad2025EN-2-214x300.jpg\" class=\"attachment-medium size-medium wp-image-16889\" alt=\"\" srcset=\"https:\/\/asc.academicianstudies.com\/wp-content\/uploads\/2025\/07\/Faisalabad2025EN-2-214x300.jpg 214w, https:\/\/asc.academicianstudies.com\/wp-content\/uploads\/2025\/07\/Faisalabad2025EN-2-731x1024.jpg 731w, https:\/\/asc.academicianstudies.com\/wp-content\/uploads\/2025\/07\/Faisalabad2025EN-2-768x1075.jpg 768w, https:\/\/asc.academicianstudies.com\/wp-content\/uploads\/2025\/07\/Faisalabad2025EN-2-1097x1536.jpg 1097w, https:\/\/asc.academicianstudies.com\/wp-content\/uploads\/2025\/07\/Faisalabad2025EN-2-1463x2048.jpg 1463w, https:\/\/asc.academicianstudies.com\/wp-content\/uploads\/2025\/07\/Faisalabad2025EN-2-9x12.jpg 9w, https:\/\/asc.academicianstudies.com\/wp-content\/uploads\/2025\/07\/Faisalabad2025EN-2-scaled.jpg 1829w\" sizes=\"(max-width: 214px) 100vw, 214px\" \/>\t\t\t\t\t\t\t\t\t\t\t\t\t\t\t<\/div>\n\t\t\t\t<\/div>\n\t\t\t\t<div class=\"elementor-element elementor-element-1336d7a elementor-widget elementor-widget-text-editor\" data-id=\"1336d7a\" data-element_type=\"widget\" data-e-type=\"widget\" data-settings=\"{&quot;ekit_we_effect_on&quot;:&quot;none&quot;}\" data-widget_type=\"text-editor.default\">\n\t\t\t\t<div class=\"elementor-widget-container\">\n\t\t\t\t\t\t\t\t\t<p>X. Akademik \u00e7al\u0131\u015fmalar kongresi Pakistan\u0131n Faysalabad \u015fehrinde The University of Faisalabad sahipli\u011finde ger\u00e7ekle\u015ftirilmi\u015ftir.\u00a0 \u00a0<\/p>\n<p>\u00a0<\/p>\t\t\t\t\t\t\t\t<\/div>\n\t\t\t\t<\/div>\n\t\t\t\t<div class=\"elementor-element elementor-element-19ef4aec elementor-widget elementor-widget-text-editor\" data-id=\"19ef4aec\" data-element_type=\"widget\" data-e-type=\"widget\" data-settings=\"{&quot;ekit_we_effect_on&quot;:&quot;none&quot;}\" data-widget_type=\"text-editor.default\">\n\t\t\t\t<div class=\"elementor-widget-container\">\n\t\t\t\t\t\t\t\t\t<div class=\"wp-block-file\"><a href=\"https:\/\/drive.google.com\/drive\/u\/1\/folders\/1WXEU2GYv7lSouCktWIELPXAEXPEpkL-0\">ASC-2025\/FALL Kat\u0131l\u0131m Belgenizi Buradan \u0130ndirebilirsiniz<\/a><a class=\"wp-block-file__button\" href=\"https:\/\/drive.google.com\/drive\/u\/1\/folders\/1WXEU2GYv7lSouCktWIELPXAEXPEpkL-0\">Login<\/a><\/div>\n<div class=\"wp-block-file\"><a href=\"https:\/\/asc.academicianstudies.com\/wp-content\/uploads\/2025\/10\/X-ASC-GUZ-PROGRAM-14.10_.pdf\">ASC-2025\/FALL Kongre Program\u0131na a\u015fa\u011f\u0131daki linkten eri\u015febilirsiniz! <\/a><a class=\"wp-block-file__button\" href=\"https:\/\/asc.academicianstudies.com\/wp-content\/uploads\/2025\/10\/X-ASC-GUZ-PROGRAM-14.10_.pdf\">ASC-2025\/ Fall Program<\/a><\/div>\n<p><\/p>\n<div class=\"wp-block-file\"><a href=\"https:\/\/asc.academicianstudies.com\/wp-content\/uploads\/2025\/12\/X-ASC-ABSTRACT-BOOK-1.pdf\">ASC-2025\/FALL \u00d6zet Kitap\u00e7\u0131\u011f\u0131<\/a><a class=\"wp-block-file__button\" href=\"https:\/\/asc.academicianstudies.com\/wp-content\/uploads\/2025\/12\/X-ASC-ABSTRACT-BOOK-1.pdf\" download=\"\">Download<\/a><\/div>\n<p><\/p>\n<div class=\"wp-block-file\"><span style=\"color: #ffffff;\"><a href=\"https:\/\/asc.academicianstudies.com\/wp-content\/uploads\/2025\/12\/ASC-Tam-metin-Kongre-23.pdf\">ASC-2025\/FALL Tam Metin Kitab\u0131 <\/a><a class=\"wp-block-file__button\" href=\"https:\/\/asc.academicianstudies.com\/wp-content\/uploads\/2025\/12\/ASC-Tam-metin-Kongre-23.pdf\" download=\"\">Download<\/a>dir<\/span><\/div>\n<div>\n<div class=\"wp-block-file\">\u00a0<\/div>\n<p><\/p>\n<\/div>\n<p><\/p>\n<p><\/p>\t\t\t\t\t\t\t\t<\/div>\n\t\t\t\t<\/div>\n\t\t\t\t\t<\/div>\n\t\t<\/div>\n\t\t\t\t<div class=\"elementor-column elementor-col-33 elementor-top-column elementor-element elementor-element-96dd8de\" data-id=\"96dd8de\" data-element_type=\"column\" data-e-type=\"column\">\n\t\t\t<div class=\"elementor-widget-wrap elementor-element-populated\">\n\t\t\t\t\t\t<div class=\"elementor-element elementor-element-7d040e9 elementor-widget elementor-widget-spacer\" data-id=\"7d040e9\" data-element_type=\"widget\" data-e-type=\"widget\" data-settings=\"{&quot;ekit_we_effect_on&quot;:&quot;none&quot;}\" data-widget_type=\"spacer.default\">\n\t\t\t\t<div class=\"elementor-widget-container\">\n\t\t\t\t\t\t\t<div class=\"elementor-spacer\">\n\t\t\t<div class=\"elementor-spacer-inner\"><\/div>\n\t\t<\/div>\n\t\t\t\t\t\t<\/div>\n\t\t\t\t<\/div>\n\t\t\t\t<div class=\"elementor-element elementor-element-417fc7c elementor-widget elementor-widget-heading\" data-id=\"417fc7c\" data-element_type=\"widget\" data-e-type=\"widget\" data-settings=\"{&quot;ekit_we_effect_on&quot;:&quot;none&quot;}\" data-widget_type=\"heading.default\">\n\t\t\t\t<div class=\"elementor-widget-container\">\n\t\t\t\t\t<h2 class=\"elementor-heading-title elementor-size-default\">Pictures from the congress.<\/h2>\t\t\t\t<\/div>\n\t\t\t\t<\/div>\n\t\t\t\t<div class=\"elementor-element elementor-element-e281c0a elementor-widget elementor-widget-image\" data-id=\"e281c0a\" data-element_type=\"widget\" data-e-type=\"widget\" data-settings=\"{&quot;ekit_we_effect_on&quot;:&quot;none&quot;}\" data-widget_type=\"image.default\">\n\t\t\t\t<div class=\"elementor-widget-container\">\n\t\t\t\t\t\t\t\t\t\t\t\t\t\t\t<img decoding=\"async\" width=\"800\" height=\"647\" src=\"https:\/\/asc.academicianstudies.com\/wp-content\/uploads\/2025\/11\/pak1-1024x828.jpeg\" class=\"attachment-large size-large wp-image-16995\" alt=\"\" srcset=\"https:\/\/asc.academicianstudies.com\/wp-content\/uploads\/2025\/11\/pak1-1024x828.jpeg 1024w, https:\/\/asc.academicianstudies.com\/wp-content\/uploads\/2025\/11\/pak1-300x242.jpeg 300w, https:\/\/asc.academicianstudies.com\/wp-content\/uploads\/2025\/11\/pak1-768x621.jpeg 768w, https:\/\/asc.academicianstudies.com\/wp-content\/uploads\/2025\/11\/pak1-1536x1241.jpeg 1536w, https:\/\/asc.academicianstudies.com\/wp-content\/uploads\/2025\/11\/pak1-15x12.jpeg 15w, https:\/\/asc.academicianstudies.com\/wp-content\/uploads\/2025\/11\/pak1.jpeg 2048w\" sizes=\"(max-width: 800px) 100vw, 800px\" \/>\t\t\t\t\t\t\t\t\t\t\t\t\t\t\t<\/div>\n\t\t\t\t<\/div>\n\t\t\t\t<div class=\"elementor-element elementor-element-7042619 elementor-widget elementor-widget-image\" data-id=\"7042619\" data-element_type=\"widget\" data-e-type=\"widget\" data-settings=\"{&quot;ekit_we_effect_on&quot;:&quot;none&quot;}\" data-widget_type=\"image.default\">\n\t\t\t\t<div class=\"elementor-widget-container\">\n\t\t\t\t\t\t\t\t\t\t\t\t\t\t\t<img decoding=\"async\" width=\"800\" height=\"600\" src=\"https:\/\/asc.academicianstudies.com\/wp-content\/uploads\/2025\/11\/pak2-1024x768.jpeg\" class=\"attachment-large size-large wp-image-16996\" alt=\"\" srcset=\"https:\/\/asc.academicianstudies.com\/wp-content\/uploads\/2025\/11\/pak2-1024x768.jpeg 1024w, https:\/\/asc.academicianstudies.com\/wp-content\/uploads\/2025\/11\/pak2-300x225.jpeg 300w, https:\/\/asc.academicianstudies.com\/wp-content\/uploads\/2025\/11\/pak2-768x576.jpeg 768w, https:\/\/asc.academicianstudies.com\/wp-content\/uploads\/2025\/11\/pak2-1536x1152.jpeg 1536w, https:\/\/asc.academicianstudies.com\/wp-content\/uploads\/2025\/11\/pak2-16x12.jpeg 16w, https:\/\/asc.academicianstudies.com\/wp-content\/uploads\/2025\/11\/pak2.jpeg 2048w\" sizes=\"(max-width: 800px) 100vw, 800px\" \/>\t\t\t\t\t\t\t\t\t\t\t\t\t\t\t<\/div>\n\t\t\t\t<\/div>\n\t\t\t\t<div class=\"elementor-element elementor-element-8eea843 elementor-widget elementor-widget-image\" data-id=\"8eea843\" data-element_type=\"widget\" data-e-type=\"widget\" data-settings=\"{&quot;ekit_we_effect_on&quot;:&quot;none&quot;}\" data-widget_type=\"image.default\">\n\t\t\t\t<div class=\"elementor-widget-container\">\n\t\t\t\t\t\t\t\t\t\t\t\t\t\t\t<img loading=\"lazy\" decoding=\"async\" width=\"800\" height=\"600\" src=\"https:\/\/asc.academicianstudies.com\/wp-content\/uploads\/2025\/11\/pak6-1024x768.jpeg\" class=\"attachment-large size-large wp-image-17000\" alt=\"\" srcset=\"https:\/\/asc.academicianstudies.com\/wp-content\/uploads\/2025\/11\/pak6-1024x768.jpeg 1024w, https:\/\/asc.academicianstudies.com\/wp-content\/uploads\/2025\/11\/pak6-300x225.jpeg 300w, https:\/\/asc.academicianstudies.com\/wp-content\/uploads\/2025\/11\/pak6-768x576.jpeg 768w, https:\/\/asc.academicianstudies.com\/wp-content\/uploads\/2025\/11\/pak6-1536x1152.jpeg 1536w, https:\/\/asc.academicianstudies.com\/wp-content\/uploads\/2025\/11\/pak6-16x12.jpeg 16w, https:\/\/asc.academicianstudies.com\/wp-content\/uploads\/2025\/11\/pak6.jpeg 1600w\" sizes=\"(max-width: 800px) 100vw, 800px\" \/>\t\t\t\t\t\t\t\t\t\t\t\t\t\t\t<\/div>\n\t\t\t\t<\/div>\n\t\t\t\t<div class=\"elementor-element elementor-element-f393f96 elementor-widget elementor-widget-image\" data-id=\"f393f96\" data-element_type=\"widget\" data-e-type=\"widget\" data-settings=\"{&quot;ekit_we_effect_on&quot;:&quot;none&quot;}\" data-widget_type=\"image.default\">\n\t\t\t\t<div class=\"elementor-widget-container\">\n\t\t\t\t\t\t\t\t\t\t\t\t\t\t\t<img loading=\"lazy\" decoding=\"async\" width=\"800\" height=\"450\" src=\"https:\/\/asc.academicianstudies.com\/wp-content\/uploads\/2025\/11\/pak8-1024x576.jpeg\" class=\"attachment-large size-large wp-image-17002\" alt=\"\" srcset=\"https:\/\/asc.academicianstudies.com\/wp-content\/uploads\/2025\/11\/pak8-1024x576.jpeg 1024w, https:\/\/asc.academicianstudies.com\/wp-content\/uploads\/2025\/11\/pak8-300x169.jpeg 300w, https:\/\/asc.academicianstudies.com\/wp-content\/uploads\/2025\/11\/pak8-768x432.jpeg 768w, https:\/\/asc.academicianstudies.com\/wp-content\/uploads\/2025\/11\/pak8-1536x864.jpeg 1536w, https:\/\/asc.academicianstudies.com\/wp-content\/uploads\/2025\/11\/pak8-18x10.jpeg 18w, https:\/\/asc.academicianstudies.com\/wp-content\/uploads\/2025\/11\/pak8.jpeg 2048w\" sizes=\"(max-width: 800px) 100vw, 800px\" \/>\t\t\t\t\t\t\t\t\t\t\t\t\t\t\t<\/div>\n\t\t\t\t<\/div>\n\t\t\t\t<div class=\"elementor-element elementor-element-db572b4 elementor-widget elementor-widget-image\" data-id=\"db572b4\" data-element_type=\"widget\" data-e-type=\"widget\" data-settings=\"{&quot;ekit_we_effect_on&quot;:&quot;none&quot;}\" data-widget_type=\"image.default\">\n\t\t\t\t<div class=\"elementor-widget-container\">\n\t\t\t\t\t\t\t\t\t\t\t\t\t\t\t<img loading=\"lazy\" decoding=\"async\" width=\"768\" height=\"1024\" src=\"https:\/\/asc.academicianstudies.com\/wp-content\/uploads\/2025\/11\/pak7-768x1024.jpeg\" class=\"attachment-large size-large wp-image-17001\" alt=\"\" srcset=\"https:\/\/asc.academicianstudies.com\/wp-content\/uploads\/2025\/11\/pak7-768x1024.jpeg 768w, https:\/\/asc.academicianstudies.com\/wp-content\/uploads\/2025\/11\/pak7-225x300.jpeg 225w, https:\/\/asc.academicianstudies.com\/wp-content\/uploads\/2025\/11\/pak7-1152x1536.jpeg 1152w, https:\/\/asc.academicianstudies.com\/wp-content\/uploads\/2025\/11\/pak7-9x12.jpeg 9w, https:\/\/asc.academicianstudies.com\/wp-content\/uploads\/2025\/11\/pak7.jpeg 1200w\" sizes=\"(max-width: 768px) 100vw, 768px\" \/>\t\t\t\t\t\t\t\t\t\t\t\t\t\t\t<\/div>\n\t\t\t\t<\/div>\n\t\t\t\t<div class=\"elementor-element elementor-element-a96121b elementor-widget elementor-widget-image\" data-id=\"a96121b\" data-element_type=\"widget\" data-e-type=\"widget\" data-settings=\"{&quot;ekit_we_effect_on&quot;:&quot;none&quot;}\" data-widget_type=\"image.default\">\n\t\t\t\t<div class=\"elementor-widget-container\">\n\t\t\t\t\t\t\t\t\t\t\t\t\t\t\t<img loading=\"lazy\" decoding=\"async\" width=\"768\" height=\"1024\" src=\"https:\/\/asc.academicianstudies.com\/wp-content\/uploads\/2025\/11\/pak4-768x1024.jpeg\" class=\"attachment-large size-large wp-image-16998\" alt=\"\" srcset=\"https:\/\/asc.academicianstudies.com\/wp-content\/uploads\/2025\/11\/pak4-768x1024.jpeg 768w, https:\/\/asc.academicianstudies.com\/wp-content\/uploads\/2025\/11\/pak4-225x300.jpeg 225w, https:\/\/asc.academicianstudies.com\/wp-content\/uploads\/2025\/11\/pak4-1152x1536.jpeg 1152w, https:\/\/asc.academicianstudies.com\/wp-content\/uploads\/2025\/11\/pak4-9x12.jpeg 9w, https:\/\/asc.academicianstudies.com\/wp-content\/uploads\/2025\/11\/pak4.jpeg 1200w\" sizes=\"(max-width: 768px) 100vw, 768px\" \/>\t\t\t\t\t\t\t\t\t\t\t\t\t\t\t<\/div>\n\t\t\t\t<\/div>\n\t\t\t\t<div class=\"elementor-element elementor-element-bfd0c10 elementor-widget elementor-widget-image\" data-id=\"bfd0c10\" data-element_type=\"widget\" data-e-type=\"widget\" data-settings=\"{&quot;ekit_we_effect_on&quot;:&quot;none&quot;}\" data-widget_type=\"image.default\">\n\t\t\t\t<div class=\"elementor-widget-container\">\n\t\t\t\t\t\t\t\t\t\t\t\t\t\t\t<img loading=\"lazy\" decoding=\"async\" width=\"768\" height=\"1024\" src=\"https:\/\/asc.academicianstudies.com\/wp-content\/uploads\/2025\/11\/pak5-768x1024.jpeg\" class=\"attachment-large size-large wp-image-16999\" alt=\"\" srcset=\"https:\/\/asc.academicianstudies.com\/wp-content\/uploads\/2025\/11\/pak5-768x1024.jpeg 768w, https:\/\/asc.academicianstudies.com\/wp-content\/uploads\/2025\/11\/pak5-225x300.jpeg 225w, https:\/\/asc.academicianstudies.com\/wp-content\/uploads\/2025\/11\/pak5-1152x1536.jpeg 1152w, https:\/\/asc.academicianstudies.com\/wp-content\/uploads\/2025\/11\/pak5-9x12.jpeg 9w, https:\/\/asc.academicianstudies.com\/wp-content\/uploads\/2025\/11\/pak5.jpeg 1200w\" sizes=\"(max-width: 768px) 100vw, 768px\" \/>\t\t\t\t\t\t\t\t\t\t\t\t\t\t\t<\/div>\n\t\t\t\t<\/div>\n\t\t\t\t<div class=\"elementor-element elementor-element-5295061 elementor-widget elementor-widget-image\" data-id=\"5295061\" data-element_type=\"widget\" data-e-type=\"widget\" data-settings=\"{&quot;ekit_we_effect_on&quot;:&quot;none&quot;}\" data-widget_type=\"image.default\">\n\t\t\t\t<div class=\"elementor-widget-container\">\n\t\t\t\t\t\t\t\t\t\t\t\t\t\t\t<img loading=\"lazy\" decoding=\"async\" width=\"768\" height=\"1024\" src=\"https:\/\/asc.academicianstudies.com\/wp-content\/uploads\/2025\/11\/pak3-768x1024.jpeg\" class=\"attachment-large size-large wp-image-16997\" alt=\"\" srcset=\"https:\/\/asc.academicianstudies.com\/wp-content\/uploads\/2025\/11\/pak3-768x1024.jpeg 768w, https:\/\/asc.academicianstudies.com\/wp-content\/uploads\/2025\/11\/pak3-225x300.jpeg 225w, https:\/\/asc.academicianstudies.com\/wp-content\/uploads\/2025\/11\/pak3-1152x1536.jpeg 1152w, https:\/\/asc.academicianstudies.com\/wp-content\/uploads\/2025\/11\/pak3-9x12.jpeg 9w, https:\/\/asc.academicianstudies.com\/wp-content\/uploads\/2025\/11\/pak3.jpeg 1200w\" sizes=\"(max-width: 768px) 100vw, 768px\" \/>\t\t\t\t\t\t\t\t\t\t\t\t\t\t\t<\/div>\n\t\t\t\t<\/div>\n\t\t\t\t\t<\/div>\n\t\t<\/div>\n\t\t\t\t\t<\/div>\n\t\t<\/section>\n\t\t\t\t<section class=\"elementor-section elementor-top-section elementor-element elementor-element-3636da7d elementor-section-boxed elementor-section-height-default elementor-section-height-default\" data-id=\"3636da7d\" data-element_type=\"section\" data-e-type=\"section\">\n\t\t\t\t\t\t<div class=\"elementor-container elementor-column-gap-default\">\n\t\t\t\t\t<div class=\"elementor-column elementor-col-100 elementor-top-column elementor-element elementor-element-6a7df44a\" data-id=\"6a7df44a\" data-element_type=\"column\" data-e-type=\"column\">\n\t\t\t<div class=\"elementor-widget-wrap\">\n\t\t\t\t\t\t\t<\/div>\n\t\t<\/div>\n\t\t\t\t\t<\/div>\n\t\t<\/section>\n\t\t\t\t<\/div>","protected":false},"excerpt":{"rendered":"<p>ASC-2025 \/ G\u00fcz X. Akademik \u00e7al\u0131\u015fmalar kongresi Pakistan\u0131n Faysalabad \u015fehrinde The University of Faisalabad sahipli\u011finde ger\u00e7ekle\u015ftirilmi\u015ftir.\u00a0 \u00a0 \u00a0 ASC-2025\/FALL Kat\u0131l\u0131m Belgenizi Buradan \u0130ndirebilirsinizGiri\u015f ASC-2025\/FALL Kongre Program\u0131na a\u015fa\u011f\u0131daki linkten eri\u015febilirsiniz! ASC-2025\/ Fall Program Kongreden g\u00f6r\u00fcnt\u00fcler<\/p>","protected":false},"author":1,"featured_media":0,"parent":0,"menu_order":0,"comment_status":"closed","ping_status":"closed","template":"elementor_header_footer","meta":{"footnotes":""},"class_list":["post-16990","page","type-page","status-publish","hentry"],"_links":{"self":[{"href":"https:\/\/asc.academicianstudies.com\/en\/wp-json\/wp\/v2\/pages\/16990","targetHints":{"allow":["GET"]}}],"collection":[{"href":"https:\/\/asc.academicianstudies.com\/en\/wp-json\/wp\/v2\/pages"}],"about":[{"href":"https:\/\/asc.academicianstudies.com\/en\/wp-json\/wp\/v2\/types\/page"}],"author":[{"embeddable":true,"href":"https:\/\/asc.academicianstudies.com\/en\/wp-json\/wp\/v2\/users\/1"}],"replies":[{"embeddable":true,"href":"https:\/\/asc.academicianstudies.com\/en\/wp-json\/wp\/v2\/comments?post=16990"}],"version-history":[{"count":34,"href":"https:\/\/asc.academicianstudies.com\/en\/wp-json\/wp\/v2\/pages\/16990\/revisions"}],"predecessor-version":[{"id":17235,"href":"https:\/\/asc.academicianstudies.com\/en\/wp-json\/wp\/v2\/pages\/16990\/revisions\/17235"}],"wp:attachment":[{"href":"https:\/\/asc.academicianstudies.com\/en\/wp-json\/wp\/v2\/media?parent=16990"}],"curies":[{"name":"wp","href":"https:\/\/api.w.org\/{rel}","templated":true}]}}