{"id":17610,"date":"2025-07-01T10:57:00","date_gmt":"2025-07-01T10:57:00","guid":{"rendered":"https:\/\/asc.academicianstudies.com\/?page_id=17610"},"modified":"2026-05-05T19:16:27","modified_gmt":"2026-05-05T19:16:27","slug":"asc-2026-spring-2","status":"publish","type":"page","link":"https:\/\/asc.academicianstudies.com\/en\/asc-2026-spring-2\/","title":{"rendered":"ASC-2026\/Spring"},"content":{"rendered":"<div data-elementor-type=\"wp-page\" data-elementor-id=\"17610\" class=\"elementor elementor-17610\">\n\t\t\t\t\t\t<section class=\"elementor-section elementor-top-section elementor-element elementor-element-9f178be elementor-section-full_width elementor-section-height-default elementor-section-height-default\" data-id=\"9f178be\" data-element_type=\"section\" data-e-type=\"section\" data-settings=\"{&quot;background_background&quot;:&quot;classic&quot;}\">\n\t\t\t\t\t\t\t<div class=\"elementor-background-overlay\"><\/div>\n\t\t\t\t\t\t\t<div class=\"elementor-container elementor-column-gap-default\">\n\t\t\t\t\t<div class=\"elementor-column elementor-col-100 elementor-top-column elementor-element elementor-element-93264c6\" data-id=\"93264c6\" data-element_type=\"column\" data-e-type=\"column\">\n\t\t\t<div class=\"elementor-widget-wrap elementor-element-populated\">\n\t\t\t\t\t\t<div class=\"elementor-element elementor-element-46c77fa elementor-widget elementor-widget-spacer\" data-id=\"46c77fa\" data-element_type=\"widget\" data-e-type=\"widget\" data-settings=\"{&quot;ekit_we_effect_on&quot;:&quot;none&quot;}\" data-widget_type=\"spacer.default\">\n\t\t\t\t<div class=\"elementor-widget-container\">\n\t\t\t\t\t\t\t<div class=\"elementor-spacer\">\n\t\t\t<div class=\"elementor-spacer-inner\"><\/div>\n\t\t<\/div>\n\t\t\t\t\t\t<\/div>\n\t\t\t\t<\/div>\n\t\t\t\t\t<\/div>\n\t\t<\/div>\n\t\t\t\t\t<\/div>\n\t\t<\/section>\n\t\t\t\t<section class=\"elementor-section elementor-top-section elementor-element elementor-element-9fd1422 elementor-section-boxed elementor-section-height-default elementor-section-height-default\" data-id=\"9fd1422\" data-element_type=\"section\" data-e-type=\"section\">\n\t\t\t\t\t\t<div class=\"elementor-container elementor-column-gap-default\">\n\t\t\t\t\t<div class=\"elementor-column elementor-col-66 elementor-top-column elementor-element elementor-element-6608eb9\" data-id=\"6608eb9\" data-element_type=\"column\" data-e-type=\"column\">\n\t\t\t<div class=\"elementor-widget-wrap elementor-element-populated\">\n\t\t\t\t\t\t<div class=\"elementor-element elementor-element-90a8eeb elementor-widget elementor-widget-spacer\" data-id=\"90a8eeb\" data-element_type=\"widget\" data-e-type=\"widget\" data-settings=\"{&quot;ekit_we_effect_on&quot;:&quot;none&quot;}\" data-widget_type=\"spacer.default\">\n\t\t\t\t<div class=\"elementor-widget-container\">\n\t\t\t\t\t\t\t<div class=\"elementor-spacer\">\n\t\t\t<div class=\"elementor-spacer-inner\"><\/div>\n\t\t<\/div>\n\t\t\t\t\t\t<\/div>\n\t\t\t\t<\/div>\n\t\t\t\t<div class=\"elementor-element elementor-element-380ef23 elementor-widget elementor-widget-heading\" data-id=\"380ef23\" data-element_type=\"widget\" data-e-type=\"widget\" data-settings=\"{&quot;ekit_we_effect_on&quot;:&quot;none&quot;}\" data-widget_type=\"heading.default\">\n\t\t\t\t<div class=\"elementor-widget-container\">\n\t\t\t\t\t<h2 class=\"elementor-heading-title elementor-size-default\">ASC-2026 \/ Spring<\/h2>\t\t\t\t<\/div>\n\t\t\t\t<\/div>\n\t\t\t\t<div class=\"elementor-element elementor-element-892d873 elementor-widget elementor-widget-image\" data-id=\"892d873\" data-element_type=\"widget\" data-e-type=\"widget\" data-settings=\"{&quot;ekit_we_effect_on&quot;:&quot;none&quot;}\" data-widget_type=\"image.default\">\n\t\t\t\t<div class=\"elementor-widget-container\">\n\t\t\t\t\t\t\t\t\t\t\t\t\t\t\t<img fetchpriority=\"high\" decoding=\"async\" width=\"214\" height=\"300\" src=\"https:\/\/asc.academicianstudies.com\/wp-content\/uploads\/2026\/03\/afistr-1-214x300.jpeg\" class=\"attachment-medium size-medium wp-image-17484\" alt=\"\" srcset=\"https:\/\/asc.academicianstudies.com\/wp-content\/uploads\/2026\/03\/afistr-1-214x300.jpeg 214w, https:\/\/asc.academicianstudies.com\/wp-content\/uploads\/2026\/03\/afistr-1-731x1024.jpeg 731w, https:\/\/asc.academicianstudies.com\/wp-content\/uploads\/2026\/03\/afistr-1-768x1076.jpeg 768w, https:\/\/asc.academicianstudies.com\/wp-content\/uploads\/2026\/03\/afistr-1-1096x1536.jpeg 1096w, https:\/\/asc.academicianstudies.com\/wp-content\/uploads\/2026\/03\/afistr-1-9x12.jpeg 9w, https:\/\/asc.academicianstudies.com\/wp-content\/uploads\/2026\/03\/afistr-1.jpeg 1142w\" sizes=\"(max-width: 214px) 100vw, 214px\" \/>\t\t\t\t\t\t\t\t\t\t\t\t\t\t\t<\/div>\n\t\t\t\t<\/div>\n\t\t\t\t<div class=\"elementor-element elementor-element-1336d7a elementor-widget elementor-widget-text-editor\" data-id=\"1336d7a\" data-element_type=\"widget\" data-e-type=\"widget\" data-settings=\"{&quot;ekit_we_effect_on&quot;:&quot;none&quot;}\" data-widget_type=\"text-editor.default\">\n\t\t\t\t<div class=\"elementor-widget-container\">\n\t\t\t\t\t\t\t\t\t<p>XI. Akademik \u00e7al\u0131\u015fmalar kongresi \u00c7a\u011f \u00dcniversitesinin ev sahipli\u011finde ger\u00e7ekle\u015ftirilmi\u015ftir.\u00a0 \u00a0<\/p>\n<p>\u00a0<\/p>\t\t\t\t\t\t\t\t<\/div>\n\t\t\t\t<\/div>\n\t\t\t\t<div class=\"elementor-element elementor-element-19ef4aec elementor-widget elementor-widget-text-editor\" data-id=\"19ef4aec\" data-element_type=\"widget\" data-e-type=\"widget\" data-settings=\"{&quot;ekit_we_effect_on&quot;:&quot;none&quot;}\" data-widget_type=\"text-editor.default\">\n\t\t\t\t<div class=\"elementor-widget-container\">\n\t\t\t\t\t\t\t\t\t<div class=\"wp-block-file\"><a href=\"#\">ASC-2026\/SPRING Kat\u0131l\u0131m Belgenizi Buradan \u0130ndirebilirsiniz<\/a><a class=\"wp-block-file__button\" href=\"#\">Download<\/a><\/div>\n<div class=\"wp-block-file\"><a href=\"https:\/\/asc.academicianstudies.com\/wp-content\/uploads\/2026\/04\/program-XI-ASC-2026-8.pdf\">ASC-2026\/SPRING Kongre Program\u0131na a\u015fa\u011f\u0131daki linkten eri\u015febilirsiniz!<\/a> <a class=\"wp-block-file__button\" href=\"https:\/\/asc.academicianstudies.com\/wp-content\/uploads\/2026\/04\/program-XI-ASC-2026-8.pdf\">ASC-2026\/ Spring Program<\/a><\/div>\n<p><\/p>\n<div class=\"wp-block-file\"><a href=\"#\">ASC-2026\/SPRING \u00d6zet Kitap\u00e7\u0131\u011f\u0131<\/a><a class=\"wp-block-file__button\" href=\"#\" download=\"\">Download<\/a><\/div>\n<p><\/p>\n<div class=\"wp-block-file\"><span style=\"color: #ffffff;\"><a href=\"#\">ASC-2026\/SPRING Tam Metin Kitab\u0131 <\/a><a class=\"wp-block-file__button\" href=\"#\" download=\"\">Download<\/a>dir<\/span><\/div>\n<div>\n<div class=\"wp-block-file\">\u00a0<\/div>\n<p><\/p>\n<\/div>\n<p><\/p>\n<p><\/p>\t\t\t\t\t\t\t\t<\/div>\n\t\t\t\t<\/div>\n\t\t\t\t\t<\/div>\n\t\t<\/div>\n\t\t\t\t<div class=\"elementor-column elementor-col-33 elementor-top-column elementor-element elementor-element-96dd8de\" data-id=\"96dd8de\" data-element_type=\"column\" data-e-type=\"column\">\n\t\t\t<div class=\"elementor-widget-wrap elementor-element-populated\">\n\t\t\t\t\t\t<div class=\"elementor-element elementor-element-7d040e9 elementor-widget elementor-widget-spacer\" data-id=\"7d040e9\" data-element_type=\"widget\" data-e-type=\"widget\" data-settings=\"{&quot;ekit_we_effect_on&quot;:&quot;none&quot;}\" data-widget_type=\"spacer.default\">\n\t\t\t\t<div class=\"elementor-widget-container\">\n\t\t\t\t\t\t\t<div class=\"elementor-spacer\">\n\t\t\t<div class=\"elementor-spacer-inner\"><\/div>\n\t\t<\/div>\n\t\t\t\t\t\t<\/div>\n\t\t\t\t<\/div>\n\t\t\t\t<div class=\"elementor-element elementor-element-417fc7c elementor-widget elementor-widget-heading\" data-id=\"417fc7c\" data-element_type=\"widget\" data-e-type=\"widget\" data-settings=\"{&quot;ekit_we_effect_on&quot;:&quot;none&quot;}\" data-widget_type=\"heading.default\">\n\t\t\t\t<div class=\"elementor-widget-container\">\n\t\t\t\t\t<h2 class=\"elementor-heading-title elementor-size-default\">Pictures from the congress.<\/h2>\t\t\t\t<\/div>\n\t\t\t\t<\/div>\n\t\t\t\t<div class=\"elementor-element elementor-element-e281c0a elementor-widget elementor-widget-image\" data-id=\"e281c0a\" data-element_type=\"widget\" data-e-type=\"widget\" data-settings=\"{&quot;ekit_we_effect_on&quot;:&quot;none&quot;}\" data-widget_type=\"image.default\">\n\t\t\t\t<div class=\"elementor-widget-container\">\n\t\t\t\t\t\t\t\t\t\t\t\t\t\t\t<img decoding=\"async\" width=\"800\" height=\"534\" src=\"https:\/\/asc.academicianstudies.com\/wp-content\/uploads\/2026\/05\/DSC_4773-1024x683.jpg\" class=\"attachment-large size-large wp-image-17619\" alt=\"\" srcset=\"https:\/\/asc.academicianstudies.com\/wp-content\/uploads\/2026\/05\/DSC_4773-1024x683.jpg 1024w, https:\/\/asc.academicianstudies.com\/wp-content\/uploads\/2026\/05\/DSC_4773-300x200.jpg 300w, https:\/\/asc.academicianstudies.com\/wp-content\/uploads\/2026\/05\/DSC_4773-768x512.jpg 768w, https:\/\/asc.academicianstudies.com\/wp-content\/uploads\/2026\/05\/DSC_4773-1536x1025.jpg 1536w, https:\/\/asc.academicianstudies.com\/wp-content\/uploads\/2026\/05\/DSC_4773-2048x1367.jpg 2048w, https:\/\/asc.academicianstudies.com\/wp-content\/uploads\/2026\/05\/DSC_4773-18x12.jpg 18w\" sizes=\"(max-width: 800px) 100vw, 800px\" \/>\t\t\t\t\t\t\t\t\t\t\t\t\t\t\t<\/div>\n\t\t\t\t<\/div>\n\t\t\t\t<div class=\"elementor-element elementor-element-7042619 elementor-widget elementor-widget-image\" data-id=\"7042619\" data-element_type=\"widget\" data-e-type=\"widget\" data-settings=\"{&quot;ekit_we_effect_on&quot;:&quot;none&quot;}\" data-widget_type=\"image.default\">\n\t\t\t\t<div class=\"elementor-widget-container\">\n\t\t\t\t\t\t\t\t\t\t\t\t\t\t\t<img decoding=\"async\" width=\"800\" height=\"371\" src=\"https:\/\/asc.academicianstudies.com\/wp-content\/uploads\/2026\/05\/DSC_4748.jpg\" class=\"attachment-large size-large wp-image-17620\" alt=\"\" srcset=\"https:\/\/asc.academicianstudies.com\/wp-content\/uploads\/2026\/05\/DSC_4748.jpg 1023w, https:\/\/asc.academicianstudies.com\/wp-content\/uploads\/2026\/05\/DSC_4748-300x139.jpg 300w, https:\/\/asc.academicianstudies.com\/wp-content\/uploads\/2026\/05\/DSC_4748-768x357.jpg 768w, https:\/\/asc.academicianstudies.com\/wp-content\/uploads\/2026\/05\/DSC_4748-18x8.jpg 18w\" sizes=\"(max-width: 800px) 100vw, 800px\" \/>\t\t\t\t\t\t\t\t\t\t\t\t\t\t\t<\/div>\n\t\t\t\t<\/div>\n\t\t\t\t<div class=\"elementor-element elementor-element-8eea843 elementor-widget elementor-widget-image\" data-id=\"8eea843\" data-element_type=\"widget\" data-e-type=\"widget\" data-settings=\"{&quot;ekit_we_effect_on&quot;:&quot;none&quot;}\" data-widget_type=\"image.default\">\n\t\t\t\t<div class=\"elementor-widget-container\">\n\t\t\t\t\t\t\t\t\t\t\t\t\t\t\t<img loading=\"lazy\" decoding=\"async\" width=\"800\" height=\"534\" src=\"https:\/\/asc.academicianstudies.com\/wp-content\/uploads\/2026\/05\/DSC_4692-1024x683.jpg\" class=\"attachment-large size-large wp-image-17621\" alt=\"\" srcset=\"https:\/\/asc.academicianstudies.com\/wp-content\/uploads\/2026\/05\/DSC_4692-1024x683.jpg 1024w, https:\/\/asc.academicianstudies.com\/wp-content\/uploads\/2026\/05\/DSC_4692-300x200.jpg 300w, https:\/\/asc.academicianstudies.com\/wp-content\/uploads\/2026\/05\/DSC_4692-768x512.jpg 768w, https:\/\/asc.academicianstudies.com\/wp-content\/uploads\/2026\/05\/DSC_4692-1536x1025.jpg 1536w, https:\/\/asc.academicianstudies.com\/wp-content\/uploads\/2026\/05\/DSC_4692-2048x1367.jpg 2048w, https:\/\/asc.academicianstudies.com\/wp-content\/uploads\/2026\/05\/DSC_4692-18x12.jpg 18w\" sizes=\"(max-width: 800px) 100vw, 800px\" \/>\t\t\t\t\t\t\t\t\t\t\t\t\t\t\t<\/div>\n\t\t\t\t<\/div>\n\t\t\t\t<div class=\"elementor-element elementor-element-f393f96 elementor-widget elementor-widget-image\" data-id=\"f393f96\" data-element_type=\"widget\" data-e-type=\"widget\" data-settings=\"{&quot;ekit_we_effect_on&quot;:&quot;none&quot;}\" data-widget_type=\"image.default\">\n\t\t\t\t<div class=\"elementor-widget-container\">\n\t\t\t\t\t\t\t\t\t\t\t\t\t\t\t<img loading=\"lazy\" decoding=\"async\" width=\"800\" height=\"534\" src=\"https:\/\/asc.academicianstudies.com\/wp-content\/uploads\/2026\/05\/DSC_4639-1024x683.jpg\" class=\"attachment-large size-large wp-image-17622\" alt=\"\" srcset=\"https:\/\/asc.academicianstudies.com\/wp-content\/uploads\/2026\/05\/DSC_4639-1024x683.jpg 1024w, https:\/\/asc.academicianstudies.com\/wp-content\/uploads\/2026\/05\/DSC_4639-300x200.jpg 300w, https:\/\/asc.academicianstudies.com\/wp-content\/uploads\/2026\/05\/DSC_4639-768x512.jpg 768w, https:\/\/asc.academicianstudies.com\/wp-content\/uploads\/2026\/05\/DSC_4639-1536x1025.jpg 1536w, https:\/\/asc.academicianstudies.com\/wp-content\/uploads\/2026\/05\/DSC_4639-2048x1367.jpg 2048w, https:\/\/asc.academicianstudies.com\/wp-content\/uploads\/2026\/05\/DSC_4639-18x12.jpg 18w\" sizes=\"(max-width: 800px) 100vw, 800px\" \/>\t\t\t\t\t\t\t\t\t\t\t\t\t\t\t<\/div>\n\t\t\t\t<\/div>\n\t\t\t\t<div class=\"elementor-element elementor-element-db572b4 elementor-widget elementor-widget-image\" data-id=\"db572b4\" data-element_type=\"widget\" data-e-type=\"widget\" data-settings=\"{&quot;ekit_we_effect_on&quot;:&quot;none&quot;}\" data-widget_type=\"image.default\">\n\t\t\t\t<div class=\"elementor-widget-container\">\n\t\t\t\t\t\t\t\t\t\t\t\t\t\t\t<img loading=\"lazy\" decoding=\"async\" width=\"800\" height=\"534\" src=\"https:\/\/asc.academicianstudies.com\/wp-content\/uploads\/2026\/05\/DSC_4606-1024x683.jpg\" class=\"attachment-large size-large wp-image-17623\" alt=\"\" srcset=\"https:\/\/asc.academicianstudies.com\/wp-content\/uploads\/2026\/05\/DSC_4606-1024x683.jpg 1024w, https:\/\/asc.academicianstudies.com\/wp-content\/uploads\/2026\/05\/DSC_4606-300x200.jpg 300w, https:\/\/asc.academicianstudies.com\/wp-content\/uploads\/2026\/05\/DSC_4606-768x512.jpg 768w, https:\/\/asc.academicianstudies.com\/wp-content\/uploads\/2026\/05\/DSC_4606-1536x1025.jpg 1536w, https:\/\/asc.academicianstudies.com\/wp-content\/uploads\/2026\/05\/DSC_4606-2048x1367.jpg 2048w, https:\/\/asc.academicianstudies.com\/wp-content\/uploads\/2026\/05\/DSC_4606-18x12.jpg 18w\" sizes=\"(max-width: 800px) 100vw, 800px\" \/>\t\t\t\t\t\t\t\t\t\t\t\t\t\t\t<\/div>\n\t\t\t\t<\/div>\n\t\t\t\t<div class=\"elementor-element elementor-element-a96121b elementor-widget elementor-widget-image\" data-id=\"a96121b\" data-element_type=\"widget\" data-e-type=\"widget\" data-settings=\"{&quot;ekit_we_effect_on&quot;:&quot;none&quot;}\" data-widget_type=\"image.default\">\n\t\t\t\t<div class=\"elementor-widget-container\">\n\t\t\t\t\t\t\t\t\t\t\t\t\t\t\t<img loading=\"lazy\" decoding=\"async\" width=\"800\" height=\"534\" src=\"https:\/\/asc.academicianstudies.com\/wp-content\/uploads\/2026\/05\/DSC_4583-1024x683.jpg\" class=\"attachment-large size-large wp-image-17624\" alt=\"\" srcset=\"https:\/\/asc.academicianstudies.com\/wp-content\/uploads\/2026\/05\/DSC_4583-1024x683.jpg 1024w, https:\/\/asc.academicianstudies.com\/wp-content\/uploads\/2026\/05\/DSC_4583-300x200.jpg 300w, https:\/\/asc.academicianstudies.com\/wp-content\/uploads\/2026\/05\/DSC_4583-768x512.jpg 768w, https:\/\/asc.academicianstudies.com\/wp-content\/uploads\/2026\/05\/DSC_4583-1536x1025.jpg 1536w, https:\/\/asc.academicianstudies.com\/wp-content\/uploads\/2026\/05\/DSC_4583-2048x1367.jpg 2048w, https:\/\/asc.academicianstudies.com\/wp-content\/uploads\/2026\/05\/DSC_4583-18x12.jpg 18w\" sizes=\"(max-width: 800px) 100vw, 800px\" \/>\t\t\t\t\t\t\t\t\t\t\t\t\t\t\t<\/div>\n\t\t\t\t<\/div>\n\t\t\t\t\t<\/div>\n\t\t<\/div>\n\t\t\t\t\t<\/div>\n\t\t<\/section>\n\t\t\t\t<section class=\"elementor-section elementor-top-section elementor-element elementor-element-3636da7d elementor-section-boxed elementor-section-height-default elementor-section-height-default\" data-id=\"3636da7d\" data-element_type=\"section\" data-e-type=\"section\">\n\t\t\t\t\t\t<div class=\"elementor-container elementor-column-gap-default\">\n\t\t\t\t\t<div class=\"elementor-column elementor-col-100 elementor-top-column elementor-element elementor-element-6a7df44a\" data-id=\"6a7df44a\" data-element_type=\"column\" data-e-type=\"column\">\n\t\t\t<div class=\"elementor-widget-wrap\">\n\t\t\t\t\t\t\t<\/div>\n\t\t<\/div>\n\t\t\t\t\t<\/div>\n\t\t<\/section>\n\t\t\t\t<\/div>","protected":false},"excerpt":{"rendered":"<p>ASC-2026 \/ Bahar XI. Akademik \u00e7al\u0131\u015fmalar kongresi \u00c7a\u011f \u00dcniversitesinin ev sahipli\u011finde ger\u00e7ekle\u015ftirilmi\u015ftir.\u00a0 \u00a0 \u00a0 ASC-2026\/SPRING Kat\u0131l\u0131m Belgenizi Buradan \u0130ndirebilirsiniz\u0130ndir ASC-2026\/SPRING Kongre Program\u0131na a\u015fa\u011f\u0131daki linkten eri\u015febilirsiniz! ASC-2026\/ Spring Program Kongreden g\u00f6r\u00fcnt\u00fcler<\/p>","protected":false},"author":1,"featured_media":0,"parent":0,"menu_order":0,"comment_status":"closed","ping_status":"closed","template":"elementor_header_footer","meta":{"footnotes":""},"class_list":["post-17610","page","type-page","status-publish","hentry"],"_links":{"self":[{"href":"https:\/\/asc.academicianstudies.com\/en\/wp-json\/wp\/v2\/pages\/17610","targetHints":{"allow":["GET"]}}],"collection":[{"href":"https:\/\/asc.academicianstudies.com\/en\/wp-json\/wp\/v2\/pages"}],"about":[{"href":"https:\/\/asc.academicianstudies.com\/en\/wp-json\/wp\/v2\/types\/page"}],"author":[{"embeddable":true,"href":"https:\/\/asc.academicianstudies.com\/en\/wp-json\/wp\/v2\/users\/1"}],"replies":[{"embeddable":true,"href":"https:\/\/asc.academicianstudies.com\/en\/wp-json\/wp\/v2\/comments?post=17610"}],"version-history":[{"count":17,"href":"https:\/\/asc.academicianstudies.com\/en\/wp-json\/wp\/v2\/pages\/17610\/revisions"}],"predecessor-version":[{"id":17635,"href":"https:\/\/asc.academicianstudies.com\/en\/wp-json\/wp\/v2\/pages\/17610\/revisions\/17635"}],"wp:attachment":[{"href":"https:\/\/asc.academicianstudies.com\/en\/wp-json\/wp\/v2\/media?parent=17610"}],"curies":[{"name":"wp","href":"https:\/\/api.w.org\/{rel}","templated":true}]}}