{"id":1888,"date":"2021-02-13T13:57:56","date_gmt":"2021-02-13T13:57:56","guid":{"rendered":"https:\/\/asc.academicianstudies.com\/?page_id=1888"},"modified":"2026-01-06T19:38:33","modified_gmt":"2026-01-06T19:38:33","slug":"danisma-kurulu-2","status":"publish","type":"page","link":"https:\/\/asc.academicianstudies.com\/en\/danisma-kurulu-2\/","title":{"rendered":"Advisory Board"},"content":{"rendered":"<div data-elementor-type=\"wp-page\" data-elementor-id=\"1888\" class=\"elementor elementor-1888\">\n\t\t\t\t\t\t<section class=\"elementor-section elementor-top-section elementor-element elementor-element-83dd90d elementor-section-boxed elementor-section-height-default elementor-section-height-default\" data-id=\"83dd90d\" data-element_type=\"section\" data-e-type=\"section\" data-settings=\"{&quot;background_background&quot;:&quot;classic&quot;}\">\n\t\t\t\t\t\t<div class=\"elementor-container elementor-column-gap-default\">\n\t\t\t\t\t<div class=\"elementor-column elementor-col-100 elementor-top-column elementor-element elementor-element-faa6051\" data-id=\"faa6051\" data-element_type=\"column\" data-e-type=\"column\">\n\t\t\t<div class=\"elementor-widget-wrap elementor-element-populated\">\n\t\t\t\t\t\t<div class=\"elementor-element elementor-element-c78f12a elementor-widget elementor-widget-spacer\" data-id=\"c78f12a\" data-element_type=\"widget\" data-e-type=\"widget\" data-settings=\"{&quot;ekit_we_effect_on&quot;:&quot;none&quot;}\" data-widget_type=\"spacer.default\">\n\t\t\t\t<div class=\"elementor-widget-container\">\n\t\t\t\t\t\t\t<div class=\"elementor-spacer\">\n\t\t\t<div class=\"elementor-spacer-inner\"><\/div>\n\t\t<\/div>\n\t\t\t\t\t\t<\/div>\n\t\t\t\t<\/div>\n\t\t\t\t<div class=\"elementor-element elementor-element-bc1fc58 elementor-widget elementor-widget-heading\" data-id=\"bc1fc58\" data-element_type=\"widget\" data-e-type=\"widget\" data-settings=\"{&quot;ekit_we_effect_on&quot;:&quot;none&quot;}\" data-widget_type=\"heading.default\">\n\t\t\t\t<div class=\"elementor-widget-container\">\n\t\t\t\t\t<h1 class=\"elementor-heading-title elementor-size-default\">Advisory Board<\/h1>\t\t\t\t<\/div>\n\t\t\t\t<\/div>\n\t\t\t\t<div class=\"elementor-element elementor-element-bd2e00d elementor-widget elementor-widget-spacer\" data-id=\"bd2e00d\" data-element_type=\"widget\" data-e-type=\"widget\" data-settings=\"{&quot;ekit_we_effect_on&quot;:&quot;none&quot;}\" data-widget_type=\"spacer.default\">\n\t\t\t\t<div class=\"elementor-widget-container\">\n\t\t\t\t\t\t\t<div class=\"elementor-spacer\">\n\t\t\t<div class=\"elementor-spacer-inner\"><\/div>\n\t\t<\/div>\n\t\t\t\t\t\t<\/div>\n\t\t\t\t<\/div>\n\t\t\t\t\t<\/div>\n\t\t<\/div>\n\t\t\t\t\t<\/div>\n\t\t<\/section>\n\t\t\t\t<section class=\"elementor-section elementor-top-section elementor-element elementor-element-9a7c70e elementor-section-boxed elementor-section-height-default elementor-section-height-default\" data-id=\"9a7c70e\" data-element_type=\"section\" data-e-type=\"section\">\n\t\t\t\t\t\t<div class=\"elementor-container elementor-column-gap-default\">\n\t\t\t\t\t<div class=\"elementor-column elementor-col-100 elementor-top-column elementor-element elementor-element-9bceef1\" data-id=\"9bceef1\" data-element_type=\"column\" data-e-type=\"column\">\n\t\t\t<div class=\"elementor-widget-wrap elementor-element-populated\">\n\t\t\t\t\t\t<div class=\"elementor-element elementor-element-b38cabf elementor-widget elementor-widget-spacer\" data-id=\"b38cabf\" data-element_type=\"widget\" data-e-type=\"widget\" data-settings=\"{&quot;ekit_we_effect_on&quot;:&quot;none&quot;}\" data-widget_type=\"spacer.default\">\n\t\t\t\t<div class=\"elementor-widget-container\">\n\t\t\t\t\t\t\t<div class=\"elementor-spacer\">\n\t\t\t<div class=\"elementor-spacer-inner\"><\/div>\n\t\t<\/div>\n\t\t\t\t\t\t<\/div>\n\t\t\t\t<\/div>\n\t\t\t\t\t<\/div>\n\t\t<\/div>\n\t\t\t\t\t<\/div>\n\t\t<\/section>\n\t\t\t\t<section class=\"elementor-section elementor-top-section elementor-element elementor-element-2e20f23 elementor-section-boxed elementor-section-height-default elementor-section-height-default\" data-id=\"2e20f23\" data-element_type=\"section\" data-e-type=\"section\">\n\t\t\t\t\t\t<div class=\"elementor-container elementor-column-gap-default\">\n\t\t\t\t\t<div class=\"elementor-column elementor-col-100 elementor-top-column elementor-element elementor-element-fc3264c\" data-id=\"fc3264c\" data-element_type=\"column\" data-e-type=\"column\">\n\t\t\t<div class=\"elementor-widget-wrap elementor-element-populated\">\n\t\t\t\t\t\t<div class=\"elementor-element elementor-element-ef0eb07 elementor-widget elementor-widget-text-editor\" data-id=\"ef0eb07\" data-element_type=\"widget\" data-e-type=\"widget\" data-settings=\"{&quot;ekit_we_effect_on&quot;:&quot;none&quot;}\" data-widget_type=\"text-editor.default\">\n\t\t\t\t<div class=\"elementor-widget-container\">\n\t\t\t\t\t\t\t\t\t<table width=\"864\"><tbody><tr><td width=\"93\"><p><strong>Title\u00a0<\/strong><\/p><\/td><td width=\"169\"><p><strong>Name Surname\u00a0<\/strong><\/p><\/td><td width=\"406\"><p><strong>Institution\u00a0<\/strong><\/p><\/td><td width=\"186\"><p><strong>Country<\/strong><\/p><\/td><\/tr><tr><td width=\"93\"><p>Prof. Dr.\u00a0<\/p><\/td><td width=\"169\"><p>Azizbek Egamberdiev<\/p><\/td><td width=\"406\"><p>Andijan State University<\/p><\/td><td width=\"186\"><p>Uzbekistan<\/p><\/td><\/tr><tr><td width=\"93\"><p>Prof. Dr.<\/p><\/td><td width=\"169\"><p>Diana Chalil<\/p><\/td><td width=\"406\"><p>Universitas Sumatera Utara<\/p><\/td><td width=\"186\"><p>Indonesia<\/p><\/td><\/tr><tr><td width=\"93\"><p>Prof. Dr.<\/p><\/td><td width=\"169\"><p>Dustin Van Der Haar\u00a0<\/p><\/td><td width=\"406\"><p>University of Johannesburg\u00a0<\/p><\/td><td width=\"186\"><p>South Africa Republic<\/p><\/td><\/tr><tr><td width=\"93\"><p>Prof. Dr.<\/p><\/td><td width=\"169\"><p>Fariz Ahmadov<\/p><\/td><td width=\"406\"><p>Karabakh University<\/p><\/td><td width=\"186\"><p>Azerbaijan<\/p><\/td><\/tr><tr><td width=\"93\"><p>Dr.<\/p><\/td><td width=\"169\"><p>Ghulame Rubbaniy<\/p><\/td><td width=\"406\"><p>University of the West of England<\/p><\/td><td width=\"186\"><p>UK.<\/p><\/td><\/tr><tr><td width=\"93\"><p>Prof. Dr.\u00a0<\/p><\/td><td width=\"169\"><p>G\u00f6khan \u00d6zer<\/p><\/td><td width=\"406\"><p>Kyrgyz &#8211; Turkish Manas University<\/p><\/td><td width=\"186\"><p>Kyrgyzstan<\/p><\/td><\/tr><tr><td width=\"93\"><p>Prof. Dr.\u00a0<\/p><\/td><td width=\"169\"><p>Hasan Bozgeyikli\u00a0<\/p><\/td><td width=\"406\"><p>Sel\u00e7uk University<\/p><\/td><td width=\"186\"><p>Turkey<\/p><\/td><\/tr><tr><td width=\"93\"><p>Prof. Dr.<\/p><\/td><td width=\"169\"><p>Irfan Ahmad Baig<\/p><\/td><td width=\"406\"><p>Muhammad Nawaz Shareef University of Agriculture Multan<\/p><\/td><td width=\"186\"><p>Pakistan<\/p><\/td><\/tr><tr><td width=\"93\"><p>Prof. Dr.\u00a0<\/p><\/td><td width=\"169\"><p>Kamran Munir<\/p><\/td><td width=\"406\"><p>University of the West of England<\/p><\/td><td width=\"186\"><p>UK.<\/p><\/td><\/tr><tr><td width=\"93\"><p>Prof. Dr.\u00a0<\/p><\/td><td width=\"169\"><p>Manzura Yunusova<\/p><\/td><td width=\"406\"><p>Andijan State University<\/p><\/td><td width=\"186\"><p>Uzbekistan<\/p><\/td><\/tr><tr><td width=\"93\"><p>Prof. Dr.<\/p><\/td><td width=\"169\"><p>Matloob Ahmad<\/p><\/td><td width=\"406\"><p>The University of Faisalabad (TUF)<\/p><\/td><td width=\"186\"><p>Pakistan<\/p><\/td><\/tr><tr><td width=\"93\"><p>Prof. Dr.\u00a0<\/p><\/td><td width=\"169\"><p>Mithat Derik<\/p><\/td><td width=\"406\"><p>Sel\u00e7uk University<\/p><\/td><td width=\"186\"><p>Turkey<\/p><\/td><\/tr><tr><td width=\"93\"><p>Prof. Dr.<\/p><\/td><td width=\"169\"><p>Muhammad Ashfaq\u00a0<\/p><\/td><td width=\"406\"><p>The University of Faisalabad (TUF)<\/p><\/td><td width=\"186\"><p>Pakistan<\/p><\/td><\/tr><tr><td width=\"93\"><p>Prof. Dr.<\/p><\/td><td width=\"169\"><p>Mustafa Kan<\/p><\/td><td width=\"406\"><p>Ahi Evran University<\/p><\/td><td width=\"186\"><p>Turkey<\/p><\/td><\/tr><tr><td width=\"93\"><p>Prof. Dr.\u00a0<\/p><\/td><td width=\"169\"><p>Mustafa Kocao\u011flu<\/p><\/td><td width=\"406\"><p>Necmettin Erbakan University<\/p><\/td><td width=\"186\"><p>Turkey<\/p><\/td><\/tr><tr><td width=\"93\"><p>Prof. Dr.<\/p><\/td><td width=\"169\"><p>Saba Tariq<\/p><\/td><td width=\"406\"><p>University of Agriculture (UAF)<\/p><\/td><td width=\"186\"><p>Pakistan<\/p><\/td><\/tr><tr><td width=\"93\"><p>Prof. Dr.<\/p><\/td><td width=\"169\"><p>Sabiha K\u0131l\u0131\u00e7<\/p><\/td><td width=\"406\"><p>Hitit University\u00a0<\/p><\/td><td width=\"186\"><p>Turkey<\/p><\/td><\/tr><tr><td width=\"93\"><p>Prof. Dr.<\/p><\/td><td width=\"169\"><p>Serpil A\u011fcakaya<\/p><\/td><td width=\"406\"><p>S\u00fcleyman Demirel University<\/p><\/td><td width=\"186\"><p>Turkey<\/p><\/td><\/tr><tr><td width=\"93\"><p>Prof. Dr.<\/p><\/td><td width=\"169\"><p>Tanzeela Khalid<\/p><\/td><td width=\"406\"><p>The University of Faisalabad (TUF)<\/p><\/td><td width=\"186\"><p>Pakistan<\/p><\/td><\/tr><tr><td width=\"93\"><p>Prof. Dr.\u00a0<\/p><\/td><td width=\"169\"><p>Ufuk Karadavut\u00a0\u00a0\u00a0<\/p><\/td><td width=\"406\"><p>Karab\u00fck University<\/p><\/td><td width=\"186\"><p>Turkey<\/p><\/td><\/tr><\/tbody><\/table>\t\t\t\t\t\t\t\t<\/div>\n\t\t\t\t<\/div>\n\t\t\t\t\t<\/div>\n\t\t<\/div>\n\t\t\t\t\t<\/div>\n\t\t<\/section>\n\t\t\t\t<\/div>","protected":false},"excerpt":{"rendered":"<p>Dan\u0131\u015fma Kurulu Title\u00a0 Name Surname\u00a0 Institution\u00a0 Country Prof. Dr.\u00a0 Azizbek Egamberdiev Andijan State University Uzbekistan Prof. Dr. Diana Chalil Universitas Sumatera Utara Indonesia Prof. Dr. Dustin Van Der Haar\u00a0 University of Johannesburg\u00a0 South Africa Republic Prof. Dr. Fariz Ahmadov Karabakh University Azerbaijan Dr. Ghulame Rubbaniy University of the West of England UK. Prof. Dr.\u00a0 G\u00f6khan [&hellip;]<\/p>\n","protected":false},"author":1,"featured_media":0,"parent":0,"menu_order":0,"comment_status":"closed","ping_status":"closed","template":"elementor_header_footer","meta":{"footnotes":""},"class_list":["post-1888","page","type-page","status-publish","hentry"],"_links":{"self":[{"href":"https:\/\/asc.academicianstudies.com\/en\/wp-json\/wp\/v2\/pages\/1888","targetHints":{"allow":["GET"]}}],"collection":[{"href":"https:\/\/asc.academicianstudies.com\/en\/wp-json\/wp\/v2\/pages"}],"about":[{"href":"https:\/\/asc.academicianstudies.com\/en\/wp-json\/wp\/v2\/types\/page"}],"author":[{"embeddable":true,"href":"https:\/\/asc.academicianstudies.com\/en\/wp-json\/wp\/v2\/users\/1"}],"replies":[{"embeddable":true,"href":"https:\/\/asc.academicianstudies.com\/en\/wp-json\/wp\/v2\/comments?post=1888"}],"version-history":[{"count":18,"href":"https:\/\/asc.academicianstudies.com\/en\/wp-json\/wp\/v2\/pages\/1888\/revisions"}],"predecessor-version":[{"id":17300,"href":"https:\/\/asc.academicianstudies.com\/en\/wp-json\/wp\/v2\/pages\/1888\/revisions\/17300"}],"wp:attachment":[{"href":"https:\/\/asc.academicianstudies.com\/en\/wp-json\/wp\/v2\/media?parent=1888"}],"curies":[{"name":"wp","href":"https:\/\/api.w.org\/{rel}","templated":true}]}}