{"id":1898,"date":"2021-02-13T14:05:18","date_gmt":"2021-02-13T14:05:18","guid":{"rendered":"https:\/\/asc.academicianstudies.com\/?page_id=1898"},"modified":"2026-04-06T12:58:10","modified_gmt":"2026-04-06T12:58:10","slug":"organizasyon-komitesi-2","status":"publish","type":"page","link":"https:\/\/asc.academicianstudies.com\/en\/organizasyon-komitesi-2\/","title":{"rendered":"Organizing Committee"},"content":{"rendered":"<div data-elementor-type=\"wp-page\" data-elementor-id=\"1898\" class=\"elementor elementor-1898\">\n\t\t\t\t\t\t<section class=\"elementor-section elementor-top-section elementor-element elementor-element-326ee3b elementor-section-boxed elementor-section-height-default elementor-section-height-default\" data-id=\"326ee3b\" data-element_type=\"section\" data-e-type=\"section\" data-settings=\"{&quot;background_background&quot;:&quot;classic&quot;}\">\n\t\t\t\t\t\t<div class=\"elementor-container elementor-column-gap-default\">\n\t\t\t\t\t<div class=\"elementor-column elementor-col-100 elementor-top-column elementor-element elementor-element-ecebb14\" data-id=\"ecebb14\" data-element_type=\"column\" data-e-type=\"column\">\n\t\t\t<div class=\"elementor-widget-wrap elementor-element-populated\">\n\t\t\t\t\t\t<div class=\"elementor-element elementor-element-b43880c elementor-widget elementor-widget-spacer\" data-id=\"b43880c\" data-element_type=\"widget\" data-e-type=\"widget\" data-settings=\"{&quot;ekit_we_effect_on&quot;:&quot;none&quot;}\" data-widget_type=\"spacer.default\">\n\t\t\t\t<div class=\"elementor-widget-container\">\n\t\t\t\t\t\t\t<div class=\"elementor-spacer\">\n\t\t\t<div class=\"elementor-spacer-inner\"><\/div>\n\t\t<\/div>\n\t\t\t\t\t\t<\/div>\n\t\t\t\t<\/div>\n\t\t\t\t<div class=\"elementor-element elementor-element-3fa39b6 elementor-widget elementor-widget-heading\" data-id=\"3fa39b6\" data-element_type=\"widget\" data-e-type=\"widget\" data-settings=\"{&quot;ekit_we_effect_on&quot;:&quot;none&quot;}\" data-widget_type=\"heading.default\">\n\t\t\t\t<div class=\"elementor-widget-container\">\n\t\t\t\t\t<h1 class=\"elementor-heading-title elementor-size-default\">Organizing Committee<\/h1>\t\t\t\t<\/div>\n\t\t\t\t<\/div>\n\t\t\t\t<div class=\"elementor-element elementor-element-5d54ca1 elementor-widget elementor-widget-spacer\" data-id=\"5d54ca1\" data-element_type=\"widget\" data-e-type=\"widget\" data-settings=\"{&quot;ekit_we_effect_on&quot;:&quot;none&quot;}\" data-widget_type=\"spacer.default\">\n\t\t\t\t<div class=\"elementor-widget-container\">\n\t\t\t\t\t\t\t<div class=\"elementor-spacer\">\n\t\t\t<div class=\"elementor-spacer-inner\"><\/div>\n\t\t<\/div>\n\t\t\t\t\t\t<\/div>\n\t\t\t\t<\/div>\n\t\t\t\t\t<\/div>\n\t\t<\/div>\n\t\t\t\t\t<\/div>\n\t\t<\/section>\n\t\t\t\t<section class=\"elementor-section elementor-top-section elementor-element elementor-element-1f2f776 elementor-section-boxed elementor-section-height-default elementor-section-height-default\" data-id=\"1f2f776\" data-element_type=\"section\" data-e-type=\"section\">\n\t\t\t\t\t\t<div class=\"elementor-container elementor-column-gap-default\">\n\t\t\t\t\t<div class=\"elementor-column elementor-col-100 elementor-top-column elementor-element elementor-element-ed4c4c4\" data-id=\"ed4c4c4\" data-element_type=\"column\" data-e-type=\"column\">\n\t\t\t<div class=\"elementor-widget-wrap elementor-element-populated\">\n\t\t\t\t\t\t<div class=\"elementor-element elementor-element-d14d6dd elementor-widget elementor-widget-spacer\" data-id=\"d14d6dd\" data-element_type=\"widget\" data-e-type=\"widget\" data-settings=\"{&quot;ekit_we_effect_on&quot;:&quot;none&quot;}\" data-widget_type=\"spacer.default\">\n\t\t\t\t<div class=\"elementor-widget-container\">\n\t\t\t\t\t\t\t<div class=\"elementor-spacer\">\n\t\t\t<div class=\"elementor-spacer-inner\"><\/div>\n\t\t<\/div>\n\t\t\t\t\t\t<\/div>\n\t\t\t\t<\/div>\n\t\t\t\t\t<\/div>\n\t\t<\/div>\n\t\t\t\t\t<\/div>\n\t\t<\/section>\n\t\t\t\t<section class=\"elementor-section elementor-top-section elementor-element elementor-element-9d207e8 elementor-reverse-tablet elementor-section-boxed elementor-section-height-default elementor-section-height-default\" data-id=\"9d207e8\" data-element_type=\"section\" data-e-type=\"section\">\n\t\t\t\t\t\t<div class=\"elementor-container elementor-column-gap-default\">\n\t\t\t\t\t<div class=\"elementor-column elementor-col-100 elementor-top-column elementor-element elementor-element-f8dde76\" data-id=\"f8dde76\" data-element_type=\"column\" data-e-type=\"column\">\n\t\t\t<div class=\"elementor-widget-wrap elementor-element-populated\">\n\t\t\t\t\t\t<div class=\"elementor-element elementor-element-00a8215 elementor-widget elementor-widget-text-editor\" data-id=\"00a8215\" data-element_type=\"widget\" data-e-type=\"widget\" data-settings=\"{&quot;ekit_we_effect_on&quot;:&quot;none&quot;}\" data-widget_type=\"text-editor.default\">\n\t\t\t\t<div class=\"elementor-widget-container\">\n\t\t\t\t\t\t\t\t\t<table width=\"100%\"><tbody><tr><td width=\"79\"><p><strong>Title<\/strong><\/p><\/td><td width=\"185\"><p><strong>Name Surname<\/strong><\/p><\/td><td width=\"237\"><p><strong>Institution<\/strong><\/p><\/td><td width=\"93\"><p><strong>Country<\/strong><\/p><\/td><\/tr><tr><td width=\"79\"><p>Prof. Dr.<\/p><\/td><td width=\"185\"><p>\u015eirvan Kals\u0131n<\/p><\/td><td width=\"237\"><p>\u00c7a\u011f University<\/p><\/td><td width=\"93\"><p>Turkey<\/p><\/td><\/tr><tr><td width=\"79\"><p>Prof. Dr.<\/p><\/td><td width=\"185\"><p>Muhammad Ashfaq<\/p><\/td><td width=\"237\"><p>The University of Faisalabad (TUF)<\/p><\/td><td width=\"93\"><p>Pakistan<\/p><\/td><\/tr><tr><td width=\"79\"><p>Prof. Dr.<\/p><\/td><td width=\"185\"><p>Tevfik Odman<\/p><\/td><td width=\"237\"><p>\u00c7a\u011f University<\/p><\/td><td width=\"93\"><p>Turkey<\/p><\/td><\/tr><tr><td width=\"79\"><p>Prof. Dr.<\/p><\/td><td width=\"185\"><p>G\u00f6kben Bayramo\u011flu<\/p><\/td><td width=\"237\"><p>Hitit University<\/p><\/td><td width=\"93\"><p>Turkey<\/p><\/td><\/tr><tr><td width=\"79\"><p>Prof. Dr.<\/p><\/td><td width=\"185\"><p>Ufuk Karadavut<\/p><\/td><td width=\"237\"><p>Karab\u00fck University<\/p><\/td><td width=\"93\"><p>Turkey<\/p><\/td><\/tr><tr><td width=\"79\"><p>Assoc. Dr.<\/p><\/td><td width=\"185\"><p>Saadet\u00a0 Sa\u011fta\u015f Tutkunca<\/p><\/td><td width=\"237\"><p>\u00c7a\u011f University<\/p><\/td><td width=\"93\"><p>Turkiye<\/p><\/td><\/tr><tr><td width=\"79\"><p>Assoc. Dr.<\/p><\/td><td width=\"185\"><p>Murat Cihangir<\/p><\/td><td width=\"237\"><p>Batman University<\/p><\/td><td width=\"93\"><p>Turkey<\/p><\/td><\/tr><tr><td width=\"79\"><p>Assoc. Dr.<\/p><\/td><td width=\"185\"><p>Azamat Maks\u00fcd\u00fcnov<\/p><\/td><td width=\"237\"><p>Kyrgyz \u2013 Turkish Manas University<\/p><\/td><td width=\"93\"><p>Kyrgyzstan<\/p><\/td><\/tr><tr><td width=\"79\"><p>Assoc. Dr.<\/p><\/td><td width=\"185\"><p>Osman Ylmaz<\/p><\/td><td width=\"237\"><p>Batman University<\/p><\/td><td width=\"93\"><p>Turkey<\/p><\/td><\/tr><tr><td width=\"79\"><p>Assoc. Dr.<\/p><\/td><td width=\"185\"><p>Nida Palab\u0131y\u0131k<\/p><\/td><td width=\"237\"><p>Yozgat Bozok University<\/p><\/td><td width=\"93\"><p>Turkey<\/p><\/td><\/tr><tr><td width=\"79\"><p>Dr.<\/p><\/td><td width=\"185\"><p>Logaiswari Indiran<\/p><\/td><td width=\"237\"><p>Universiti Teknologi Malaysia<\/p><\/td><td width=\"93\"><p>Malaysia<\/p><\/td><\/tr><tr><td width=\"79\"><p>Dr.<\/p><\/td><td width=\"185\"><p>Sharofiddin Xoshimjonov<\/p><\/td><td width=\"237\"><p>Kokand University Andijan Branch<\/p><\/td><td width=\"93\"><p>Uzbekistan<\/p><\/td><\/tr><tr><td width=\"79\"><p>Dr.<\/p><\/td><td width=\"185\"><p>\u00c7a\u011fr\u0131 Utkan<\/p><\/td><td width=\"237\"><p>\u00c7a\u011f University<\/p><\/td><td width=\"93\"><p>Turkey<\/p><\/td><\/tr><tr><td width=\"79\"><p>Dr.<\/p><\/td><td width=\"185\"><p>G\u00fcrcan Demiro\u011flar\u0131<\/p><\/td><td width=\"237\"><p>\u00c7a\u011f University<\/p><\/td><td width=\"93\"><p>Turkey<\/p><\/td><\/tr><tr><td width=\"79\"><p>Dr.<\/p><\/td><td width=\"185\"><p>Ay\u015fe \u015eenay Ko\u00e7<\/p><\/td><td width=\"237\"><p>\u00c7a\u011f University<\/p><\/td><td width=\"93\"><p>Turkey<\/p><\/td><\/tr><tr><td width=\"79\"><p>Dr.<\/p><\/td><td width=\"185\"><p>Ufuk Kocatepe Avc\u0131<\/p><\/td><td width=\"237\"><p>\u00c7a\u011f University<\/p><\/td><td width=\"93\"><p>Turkey<\/p><\/td><\/tr><tr><td width=\"79\"><p>Dr.<\/p><\/td><td width=\"185\"><p>Sena Do\u011fruyol<\/p><\/td><td width=\"237\"><p>\u00c7a\u011f University<\/p><\/td><td width=\"93\"><p>Turkey<\/p><\/td><\/tr><tr><td width=\"79\"><p>\u00a0<\/p><\/td><td width=\"185\"><p>Hakan \u00c7al\u0131\u015fkant\u00fcrk<\/p><\/td><td width=\"237\"><p>Giri\u015fimcilik Ekosistemi Derne\u011fi<\/p><\/td><td width=\"93\"><p>Turkey<\/p><\/td><\/tr><tr><td width=\"79\"><p>\u00a0<\/p><\/td><td width=\"185\"><p>Bar\u0131\u015f Can Ayd\u0131n<\/p><\/td><td width=\"237\"><p>\u00c7a\u011f University<\/p><\/td><td width=\"93\"><p>Turkiye<\/p><\/td><\/tr><\/tbody><\/table>\t\t\t\t\t\t\t\t<\/div>\n\t\t\t\t<\/div>\n\t\t\t\t\t<\/div>\n\t\t<\/div>\n\t\t\t\t\t<\/div>\n\t\t<\/section>\n\t\t\t\t<section class=\"elementor-section elementor-top-section elementor-element elementor-element-ca753b6 elementor-section-boxed elementor-section-height-default elementor-section-height-default\" data-id=\"ca753b6\" data-element_type=\"section\" data-e-type=\"section\">\n\t\t\t\t\t\t<div class=\"elementor-container elementor-column-gap-default\">\n\t\t\t\t\t<div class=\"elementor-column elementor-col-100 elementor-top-column elementor-element elementor-element-6923402\" data-id=\"6923402\" data-element_type=\"column\" data-e-type=\"column\">\n\t\t\t<div class=\"elementor-widget-wrap elementor-element-populated\">\n\t\t\t\t\t\t<div class=\"elementor-element elementor-element-5eacfbf elementor-widget elementor-widget-spacer\" data-id=\"5eacfbf\" data-element_type=\"widget\" data-e-type=\"widget\" data-settings=\"{&quot;ekit_we_effect_on&quot;:&quot;none&quot;}\" data-widget_type=\"spacer.default\">\n\t\t\t\t<div class=\"elementor-widget-container\">\n\t\t\t\t\t\t\t<div class=\"elementor-spacer\">\n\t\t\t<div class=\"elementor-spacer-inner\"><\/div>\n\t\t<\/div>\n\t\t\t\t\t\t<\/div>\n\t\t\t\t<\/div>\n\t\t\t\t\t<\/div>\n\t\t<\/div>\n\t\t\t\t\t<\/div>\n\t\t<\/section>\n\t\t\t\t<\/div>","protected":false},"excerpt":{"rendered":"<p>D\u00fczenleme Kurulu Title Name Surname Institution Country Prof. Dr. \u015eirvan Kals\u0131n \u00c7a\u011f University T\u00fcrkiye Prof. Dr. Muhammad Ashfaq The University of Faisalabad (TUF) Pakistan Prof. Dr. Tevfik Odman \u00c7a\u011f University T\u00fcrkiye Prof. Dr. G\u00f6kben Bayramo\u011flu Hitit University T\u00fcrkiye Prof. Dr. Ufuk Karadavut Karab\u00fck University T\u00fcrkiye Assoc. Dr. Saadet\u00a0 Sa\u011fta\u015f Tutkunca \u00c7a\u011f University Turkiye Assoc. Dr. [&hellip;]<\/p>\n","protected":false},"author":1,"featured_media":0,"parent":0,"menu_order":0,"comment_status":"closed","ping_status":"closed","template":"elementor_header_footer","meta":{"footnotes":""},"class_list":["post-1898","page","type-page","status-publish","hentry"],"_links":{"self":[{"href":"https:\/\/asc.academicianstudies.com\/en\/wp-json\/wp\/v2\/pages\/1898","targetHints":{"allow":["GET"]}}],"collection":[{"href":"https:\/\/asc.academicianstudies.com\/en\/wp-json\/wp\/v2\/pages"}],"about":[{"href":"https:\/\/asc.academicianstudies.com\/en\/wp-json\/wp\/v2\/types\/page"}],"author":[{"embeddable":true,"href":"https:\/\/asc.academicianstudies.com\/en\/wp-json\/wp\/v2\/users\/1"}],"replies":[{"embeddable":true,"href":"https:\/\/asc.academicianstudies.com\/en\/wp-json\/wp\/v2\/comments?post=1898"}],"version-history":[{"count":39,"href":"https:\/\/asc.academicianstudies.com\/en\/wp-json\/wp\/v2\/pages\/1898\/revisions"}],"predecessor-version":[{"id":17511,"href":"https:\/\/asc.academicianstudies.com\/en\/wp-json\/wp\/v2\/pages\/1898\/revisions\/17511"}],"wp:attachment":[{"href":"https:\/\/asc.academicianstudies.com\/en\/wp-json\/wp\/v2\/media?parent=1898"}],"curies":[{"name":"wp","href":"https:\/\/api.w.org\/{rel}","templated":true}]}}