{"id":11683,"date":"2021-06-17T22:13:32","date_gmt":"2021-06-17T22:13:32","guid":{"rendered":"https:\/\/asc.academicianstudies.com\/?page_id=11683"},"modified":"2025-02-22T19:48:44","modified_gmt":"2025-02-22T19:48:44","slug":"asc-2021-fall-afisleri","status":"publish","type":"page","link":"https:\/\/asc.academicianstudies.com\/tr\/asc-2021-fall-afisleri\/","title":{"rendered":"ASC-2021\/FALL Afi\u015fleri"},"content":{"rendered":"\t\t<div data-elementor-type=\"wp-page\" data-elementor-id=\"11683\" class=\"elementor elementor-11683\">\n\t\t\t\t\t\t<section class=\"elementor-section elementor-top-section elementor-element elementor-element-922f9b9 elementor-section-full_width elementor-section-height-default elementor-section-height-default\" data-id=\"922f9b9\" data-element_type=\"section\" data-e-type=\"section\" data-settings=\"{&quot;background_background&quot;:&quot;classic&quot;}\">\n\t\t\t\t\t\t<div class=\"elementor-container elementor-column-gap-default\">\n\t\t\t\t\t<div class=\"elementor-column elementor-col-100 elementor-top-column elementor-element elementor-element-5f8f605\" data-id=\"5f8f605\" data-element_type=\"column\" data-e-type=\"column\">\n\t\t\t<div class=\"elementor-widget-wrap elementor-element-populated\">\n\t\t\t\t\t\t<div class=\"elementor-element elementor-element-35fab21 elementor-widget elementor-widget-spacer\" data-id=\"35fab21\" data-element_type=\"widget\" data-e-type=\"widget\" data-settings=\"{&quot;ekit_we_effect_on&quot;:&quot;none&quot;}\" data-widget_type=\"spacer.default\">\n\t\t\t\t<div class=\"elementor-widget-container\">\n\t\t\t\t\t\t\t<div class=\"elementor-spacer\">\n\t\t\t<div class=\"elementor-spacer-inner\"><\/div>\n\t\t<\/div>\n\t\t\t\t\t\t<\/div>\n\t\t\t\t<\/div>\n\t\t\t\t<div class=\"elementor-element elementor-element-4ffd1eb elementor-widget elementor-widget-heading\" data-id=\"4ffd1eb\" data-element_type=\"widget\" data-e-type=\"widget\" data-settings=\"{&quot;ekit_we_effect_on&quot;:&quot;none&quot;}\" data-widget_type=\"heading.default\">\n\t\t\t\t<div class=\"elementor-widget-container\">\n\t\t\t\t\t<h1 class=\"elementor-heading-title elementor-size-default\">ASC-2021 \/ Sonbahar<\/h1>\t\t\t\t<\/div>\n\t\t\t\t<\/div>\n\t\t\t\t<div class=\"elementor-element elementor-element-5ac21d4 elementor-widget elementor-widget-spacer\" data-id=\"5ac21d4\" data-element_type=\"widget\" data-e-type=\"widget\" data-settings=\"{&quot;ekit_we_effect_on&quot;:&quot;none&quot;}\" data-widget_type=\"spacer.default\">\n\t\t\t\t<div class=\"elementor-widget-container\">\n\t\t\t\t\t\t\t<div class=\"elementor-spacer\">\n\t\t\t<div class=\"elementor-spacer-inner\"><\/div>\n\t\t<\/div>\n\t\t\t\t\t\t<\/div>\n\t\t\t\t<\/div>\n\t\t\t\t\t<\/div>\n\t\t<\/div>\n\t\t\t\t\t<\/div>\n\t\t<\/section>\n\t\t\t\t<section class=\"elementor-section elementor-top-section elementor-element elementor-element-41090bb elementor-section-boxed elementor-section-height-default elementor-section-height-default\" data-id=\"41090bb\" data-element_type=\"section\" data-e-type=\"section\">\n\t\t\t\t\t\t<div class=\"elementor-container elementor-column-gap-default\">\n\t\t\t\t\t<div class=\"elementor-column elementor-col-100 elementor-top-column elementor-element elementor-element-afcb016\" data-id=\"afcb016\" data-element_type=\"column\" data-e-type=\"column\">\n\t\t\t<div class=\"elementor-widget-wrap elementor-element-populated\">\n\t\t\t\t\t\t<div class=\"elementor-element elementor-element-68a84cb elementor-widget elementor-widget-spacer\" data-id=\"68a84cb\" data-element_type=\"widget\" data-e-type=\"widget\" data-settings=\"{&quot;ekit_we_effect_on&quot;:&quot;none&quot;}\" data-widget_type=\"spacer.default\">\n\t\t\t\t<div class=\"elementor-widget-container\">\n\t\t\t\t\t\t\t<div class=\"elementor-spacer\">\n\t\t\t<div class=\"elementor-spacer-inner\"><\/div>\n\t\t<\/div>\n\t\t\t\t\t\t<\/div>\n\t\t\t\t<\/div>\n\t\t\t\t\t<\/div>\n\t\t<\/div>\n\t\t\t\t\t<\/div>\n\t\t<\/section>\n\t\t\t\t<section class=\"elementor-section elementor-top-section elementor-element elementor-element-58fc25d elementor-section-boxed elementor-section-height-default elementor-section-height-default\" data-id=\"58fc25d\" data-element_type=\"section\" data-e-type=\"section\">\n\t\t\t\t\t\t<div class=\"elementor-container elementor-column-gap-default\">\n\t\t\t\t\t<div class=\"elementor-column elementor-col-66 elementor-top-column elementor-element elementor-element-2c70d05\" data-id=\"2c70d05\" data-element_type=\"column\" data-e-type=\"column\">\n\t\t\t<div class=\"elementor-widget-wrap elementor-element-populated\">\n\t\t\t\t\t\t<div class=\"elementor-element elementor-element-568aa27 elementor-widget elementor-widget-heading\" data-id=\"568aa27\" data-element_type=\"widget\" data-e-type=\"widget\" data-settings=\"{&quot;ekit_we_effect_on&quot;:&quot;none&quot;}\" data-widget_type=\"heading.default\">\n\t\t\t\t<div class=\"elementor-widget-container\">\n\t\t\t\t\t<h2 class=\"elementor-heading-title elementor-size-default\">ASC-2021 \/ Sonbahar<\/h2>\t\t\t\t<\/div>\n\t\t\t\t<\/div>\n\t\t\t\t<div class=\"elementor-element elementor-element-7f59f63 elementor-widget elementor-widget-image\" data-id=\"7f59f63\" data-element_type=\"widget\" data-e-type=\"widget\" data-settings=\"{&quot;ekit_we_effect_on&quot;:&quot;none&quot;}\" data-widget_type=\"image.default\">\n\t\t\t\t<div class=\"elementor-widget-container\">\n\t\t\t\t\t\t\t\t\t\t\t\t\t\t\t<img fetchpriority=\"high\" decoding=\"async\" width=\"213\" height=\"300\" src=\"https:\/\/asc.academicianstudies.com\/wp-content\/uploads\/2021\/09\/ASC-FALL21-English-213x300.jpeg\" class=\"attachment-medium size-medium wp-image-11844\" alt=\"\" srcset=\"https:\/\/asc.academicianstudies.com\/wp-content\/uploads\/2021\/09\/ASC-FALL21-English-213x300.jpeg 213w, https:\/\/asc.academicianstudies.com\/wp-content\/uploads\/2021\/09\/ASC-FALL21-English-726x1024.jpeg 726w, https:\/\/asc.academicianstudies.com\/wp-content\/uploads\/2021\/09\/ASC-FALL21-English-768x1083.jpeg 768w, https:\/\/asc.academicianstudies.com\/wp-content\/uploads\/2021\/09\/ASC-FALL21-English-1090x1536.jpeg 1090w, https:\/\/asc.academicianstudies.com\/wp-content\/uploads\/2021\/09\/ASC-FALL21-English-9x12.jpeg 9w, https:\/\/asc.academicianstudies.com\/wp-content\/uploads\/2021\/09\/ASC-FALL21-English.jpeg 1135w\" sizes=\"(max-width: 213px) 100vw, 213px\" \/>\t\t\t\t\t\t\t\t\t\t\t\t\t\t\t<\/div>\n\t\t\t\t<\/div>\n\t\t\t\t<section class=\"elementor-section elementor-inner-section elementor-element elementor-element-02cc103 elementor-section-boxed elementor-section-height-default elementor-section-height-default\" data-id=\"02cc103\" data-element_type=\"section\" data-e-type=\"section\">\n\t\t\t\t\t\t<div class=\"elementor-container elementor-column-gap-default\">\n\t\t\t\t\t<div class=\"elementor-column elementor-col-50 elementor-inner-column elementor-element elementor-element-a058994\" data-id=\"a058994\" data-element_type=\"column\" data-e-type=\"column\">\n\t\t\t<div class=\"elementor-widget-wrap elementor-element-populated\">\n\t\t\t\t\t\t<div class=\"elementor-element elementor-element-b4443fb elementor-widget elementor-widget-heading\" data-id=\"b4443fb\" data-element_type=\"widget\" data-e-type=\"widget\" data-settings=\"{&quot;ekit_we_effect_on&quot;:&quot;none&quot;}\" data-widget_type=\"heading.default\">\n\t\t\t\t<div class=\"elementor-widget-container\">\n\t\t\t\t\t<h5 class=\"elementor-heading-title elementor-size-default\">T\u00fcrk\u00e7e Afi\u015f<\/h5>\t\t\t\t<\/div>\n\t\t\t\t<\/div>\n\t\t\t\t<div class=\"elementor-element elementor-element-e0555cb elementor-button-danger elementor-align-center elementor-widget elementor-widget-button\" data-id=\"e0555cb\" data-element_type=\"widget\" data-e-type=\"widget\" data-settings=\"{&quot;ekit_we_effect_on&quot;:&quot;none&quot;}\" data-widget_type=\"button.default\">\n\t\t\t\t<div class=\"elementor-widget-container\">\n\t\t\t\t\t\t\t\t\t<div class=\"elementor-button-wrapper\">\n\t\t\t\t\t<a class=\"elementor-button elementor-button-link elementor-size-md\" href=\"https:\/\/asc.academicianstudies.com\/wp-content\/uploads\/2021\/09\/ASC-FALL-21-Turkish.pdf\">\n\t\t\t\t\t\t<span class=\"elementor-button-content-wrapper\">\n\t\t\t\t\t\t\t\t\t<span class=\"elementor-button-text\">\u0130ndir<\/span>\n\t\t\t\t\t<\/span>\n\t\t\t\t\t<\/a>\n\t\t\t\t<\/div>\n\t\t\t\t\t\t\t\t<\/div>\n\t\t\t\t<\/div>\n\t\t\t\t\t<\/div>\n\t\t<\/div>\n\t\t\t\t<div class=\"elementor-column elementor-col-50 elementor-inner-column elementor-element elementor-element-9a7a72b\" data-id=\"9a7a72b\" data-element_type=\"column\" data-e-type=\"column\">\n\t\t\t<div class=\"elementor-widget-wrap elementor-element-populated\">\n\t\t\t\t\t\t<div class=\"elementor-element elementor-element-4a7e114 elementor-widget elementor-widget-heading\" data-id=\"4a7e114\" data-element_type=\"widget\" data-e-type=\"widget\" data-settings=\"{&quot;ekit_we_effect_on&quot;:&quot;none&quot;}\" data-widget_type=\"heading.default\">\n\t\t\t\t<div class=\"elementor-widget-container\">\n\t\t\t\t\t<h5 class=\"elementor-heading-title elementor-size-default\">\u0130ngilizce Afi\u015f<\/h5>\t\t\t\t<\/div>\n\t\t\t\t<\/div>\n\t\t\t\t<div class=\"elementor-element elementor-element-8dba8c4 elementor-button-danger elementor-align-center elementor-widget elementor-widget-button\" data-id=\"8dba8c4\" data-element_type=\"widget\" data-e-type=\"widget\" data-settings=\"{&quot;ekit_we_effect_on&quot;:&quot;none&quot;}\" data-widget_type=\"button.default\">\n\t\t\t\t<div class=\"elementor-widget-container\">\n\t\t\t\t\t\t\t\t\t<div class=\"elementor-button-wrapper\">\n\t\t\t\t\t<a class=\"elementor-button elementor-button-link elementor-size-md\" href=\"https:\/\/asc.academicianstudies.com\/wp-content\/uploads\/2021\/09\/ASC-FALL-21-English.pdf\">\n\t\t\t\t\t\t<span class=\"elementor-button-content-wrapper\">\n\t\t\t\t\t\t\t\t\t<span class=\"elementor-button-text\">\u0130ndir<\/span>\n\t\t\t\t\t<\/span>\n\t\t\t\t\t<\/a>\n\t\t\t\t<\/div>\n\t\t\t\t\t\t\t\t<\/div>\n\t\t\t\t<\/div>\n\t\t\t\t\t<\/div>\n\t\t<\/div>\n\t\t\t\t\t<\/div>\n\t\t<\/section>\n\t\t\t\t<div class=\"elementor-element elementor-element-3f074e1 elementor-widget elementor-widget-text-editor\" data-id=\"3f074e1\" data-element_type=\"widget\" data-e-type=\"widget\" data-settings=\"{&quot;ekit_we_effect_on&quot;:&quot;none&quot;}\" data-widget_type=\"text-editor.default\">\n\t\t\t\t<div class=\"elementor-widget-container\">\n\t\t\t\t\t\t\t\t\t<p>Bu kongrede 109 bildiri kabul edilmi\u015ftir. 192 kat\u0131l\u0131mc\u0131n\u0131n kat\u0131ld\u0131\u011f\u0131 kongrede, kat\u0131l\u0131mc\u0131lar\u0131n 60&#8217;\u0131 T\u00fcrkiye&#8217;den, 132&#8217;si ise di\u011fer \u00fclkelerdendi. 109 bildiriden 59&#8217;u T\u00fcrk\u00e7e, 40&#8217;\u0131 \u0130ngilizce olarak sunuldu.<\/p><p>\u00a0<\/p><p>Kongre program\u0131na linkten ula\u015fabilirsiniz.<\/p><p><a href=\"https:\/\/academicplatform.net\/programme\/view\/asc2021fall\">https:\/\/academicplatform.net\/programme\/view\/asc2021fall<\/a><\/p><p>A\u00e7\u0131l\u0131\u015f konu\u015fmalar\u0131na linkten ula\u015fabilirsiniz;<\/p><p><a href=\"https:\/\/www.youtube.com\/watch?v=K-hvvmRpsnQ\">https:\/\/www.youtube.com\/watch?v=K-hvvmRpsnQ<\/a><\/p>\t\t\t\t\t\t\t\t<\/div>\n\t\t\t\t<\/div>\n\t\t\t\t\t<\/div>\n\t\t<\/div>\n\t\t\t\t<div class=\"elementor-column elementor-col-33 elementor-top-column elementor-element elementor-element-bda693f\" data-id=\"bda693f\" data-element_type=\"column\" data-e-type=\"column\">\n\t\t\t<div class=\"elementor-widget-wrap elementor-element-populated\">\n\t\t\t\t\t\t<div class=\"elementor-element elementor-element-7458632 elementor-widget elementor-widget-heading\" data-id=\"7458632\" data-element_type=\"widget\" data-e-type=\"widget\" data-settings=\"{&quot;ekit_we_effect_on&quot;:&quot;none&quot;}\" data-widget_type=\"heading.default\">\n\t\t\t\t<div class=\"elementor-widget-container\">\n\t\t\t\t\t<h2 class=\"elementor-heading-title elementor-size-default\">Kongreden g\u00f6r\u00fcnt\u00fcler<\/h2>\t\t\t\t<\/div>\n\t\t\t\t<\/div>\n\t\t\t\t<div class=\"elementor-element elementor-element-808fbee elementor-widget elementor-widget-image\" data-id=\"808fbee\" data-element_type=\"widget\" data-e-type=\"widget\" data-settings=\"{&quot;ekit_we_effect_on&quot;:&quot;none&quot;}\" data-widget_type=\"image.default\">\n\t\t\t\t<div class=\"elementor-widget-container\">\n\t\t\t\t\t\t\t\t\t\t\t\t\t\t\t<img decoding=\"async\" width=\"800\" height=\"800\" src=\"https:\/\/asc.academicianstudies.com\/wp-content\/uploads\/2024\/02\/asc2021fall.png\" class=\"attachment-large size-large wp-image-14441\" alt=\"\" srcset=\"https:\/\/asc.academicianstudies.com\/wp-content\/uploads\/2024\/02\/asc2021fall.png 945w, https:\/\/asc.academicianstudies.com\/wp-content\/uploads\/2024\/02\/asc2021fall-300x300.png 300w, https:\/\/asc.academicianstudies.com\/wp-content\/uploads\/2024\/02\/asc2021fall-150x150.png 150w, https:\/\/asc.academicianstudies.com\/wp-content\/uploads\/2024\/02\/asc2021fall-768x768.png 768w, https:\/\/asc.academicianstudies.com\/wp-content\/uploads\/2024\/02\/asc2021fall-12x12.png 12w\" sizes=\"(max-width: 800px) 100vw, 800px\" \/>\t\t\t\t\t\t\t\t\t\t\t\t\t\t\t<\/div>\n\t\t\t\t<\/div>\n\t\t\t\t\t<\/div>\n\t\t<\/div>\n\t\t\t\t\t<\/div>\n\t\t<\/section>\n\t\t\t\t<section class=\"elementor-section elementor-top-section elementor-element elementor-element-e4f34a0 elementor-section-boxed elementor-section-height-default elementor-section-height-default\" data-id=\"e4f34a0\" data-element_type=\"section\" data-e-type=\"section\">\n\t\t\t\t\t\t<div class=\"elementor-container elementor-column-gap-default\">\n\t\t\t\t\t<div class=\"elementor-column elementor-col-66 elementor-top-column elementor-element elementor-element-8a61f94\" data-id=\"8a61f94\" data-element_type=\"column\" data-e-type=\"column\">\n\t\t\t<div class=\"elementor-widget-wrap elementor-element-populated\">\n\t\t\t\t\t\t<div class=\"elementor-element elementor-element-21e5705 elementor-widget elementor-widget-image\" data-id=\"21e5705\" data-element_type=\"widget\" data-e-type=\"widget\" data-settings=\"{&quot;ekit_we_effect_on&quot;:&quot;none&quot;}\" data-widget_type=\"image.default\">\n\t\t\t\t<div class=\"elementor-widget-container\">\n\t\t\t\t\t\t\t\t\t\t\t\t\t\t\t<img decoding=\"async\" width=\"199\" height=\"300\" src=\"https:\/\/asc.academicianstudies.com\/wp-content\/uploads\/2022\/01\/asc2022-fall-1-199x300.png\" class=\"attachment-medium size-medium wp-image-12009\" alt=\"\" srcset=\"https:\/\/asc.academicianstudies.com\/wp-content\/uploads\/2022\/01\/asc2022-fall-1-199x300.png 199w, https:\/\/asc.academicianstudies.com\/wp-content\/uploads\/2022\/01\/asc2022-fall-1-8x12.png 8w, https:\/\/asc.academicianstudies.com\/wp-content\/uploads\/2022\/01\/asc2022-fall-1.png 559w\" sizes=\"(max-width: 199px) 100vw, 199px\" \/>\t\t\t\t\t\t\t\t\t\t\t\t\t\t\t<\/div>\n\t\t\t\t<\/div>\n\t\t\t\t<section class=\"elementor-section elementor-inner-section elementor-element elementor-element-e0d6dbd elementor-section-boxed elementor-section-height-default elementor-section-height-default\" data-id=\"e0d6dbd\" data-element_type=\"section\" data-e-type=\"section\">\n\t\t\t\t\t\t<div class=\"elementor-container elementor-column-gap-default\">\n\t\t\t\t\t<div class=\"elementor-column elementor-col-100 elementor-inner-column elementor-element elementor-element-daa2090\" data-id=\"daa2090\" data-element_type=\"column\" data-e-type=\"column\">\n\t\t\t<div class=\"elementor-widget-wrap elementor-element-populated\">\n\t\t\t\t\t\t<div class=\"elementor-element elementor-element-25753d6 elementor-widget elementor-widget-heading\" data-id=\"25753d6\" data-element_type=\"widget\" data-e-type=\"widget\" data-settings=\"{&quot;ekit_we_effect_on&quot;:&quot;none&quot;}\" data-widget_type=\"heading.default\">\n\t\t\t\t<div class=\"elementor-widget-container\">\n\t\t\t\t\t<h5 class=\"elementor-heading-title elementor-size-default\">Proceedings<\/h5>\t\t\t\t<\/div>\n\t\t\t\t<\/div>\n\t\t\t\t<div class=\"elementor-element elementor-element-428d8cc elementor-button-danger elementor-align-center elementor-widget elementor-widget-button\" data-id=\"428d8cc\" data-element_type=\"widget\" data-e-type=\"widget\" data-settings=\"{&quot;ekit_we_effect_on&quot;:&quot;none&quot;}\" data-widget_type=\"button.default\">\n\t\t\t\t<div class=\"elementor-widget-container\">\n\t\t\t\t\t\t\t\t\t<div class=\"elementor-button-wrapper\">\n\t\t\t\t\t<a class=\"elementor-button elementor-button-link elementor-size-md\" href=\"https:\/\/asc.academicianstudies.com\/wp-content\/uploads\/2022\/01\/ASC-FALL-TAM-METIN.pdf\">\n\t\t\t\t\t\t<span class=\"elementor-button-content-wrapper\">\n\t\t\t\t\t\t\t\t\t<span class=\"elementor-button-text\">\u0130ndir<\/span>\n\t\t\t\t\t<\/span>\n\t\t\t\t\t<\/a>\n\t\t\t\t<\/div>\n\t\t\t\t\t\t\t\t<\/div>\n\t\t\t\t<\/div>\n\t\t\t\t\t<\/div>\n\t\t<\/div>\n\t\t\t\t\t<\/div>\n\t\t<\/section>\n\t\t\t\t\t<\/div>\n\t\t<\/div>\n\t\t\t\t<div class=\"elementor-column elementor-col-33 elementor-top-column elementor-element elementor-element-47ca86a\" data-id=\"47ca86a\" data-element_type=\"column\" data-e-type=\"column\">\n\t\t\t<div class=\"elementor-widget-wrap\">\n\t\t\t\t\t\t\t<\/div>\n\t\t<\/div>\n\t\t\t\t\t<\/div>\n\t\t<\/section>\n\t\t\t\t<\/div>\n\t\t","protected":false},"excerpt":{"rendered":"<p>ASC-2021 \/ Sonbahar ASC-2021 \/ Sonbahar T\u00fcrk\u00e7e Afi\u015f \u0130ndir \u0130ngilizce Afi\u015f \u0130ndir Bu kongrede 109 bildiri kabul edilmi\u015ftir. 192 kat\u0131l\u0131mc\u0131n\u0131n kat\u0131ld\u0131\u011f\u0131 kongrede, kat\u0131l\u0131mc\u0131lar\u0131n 60&#8217;\u0131 T\u00fcrkiye&#8217;den, 132&#8217;si ise di\u011fer \u00fclkelerdendi. 109 bildiriden 59&#8217;u T\u00fcrk\u00e7e, 40&#8217;\u0131 \u0130ngilizce olarak sunuldu. \u00a0 Kongre program\u0131na linkten ula\u015fabilirsiniz. https:\/\/academicplatform.net\/programme\/view\/asc2021fall A\u00e7\u0131l\u0131\u015f konu\u015fmalar\u0131na linkten ula\u015fabilirsiniz; https:\/\/www.youtube.com\/watch?v=K-hvvmRpsnQ Kongreden g\u00f6r\u00fcnt\u00fcler Proceedings \u0130ndir<\/p>\n","protected":false},"author":1,"featured_media":0,"parent":0,"menu_order":0,"comment_status":"closed","ping_status":"closed","template":"elementor_header_footer","meta":{"footnotes":""},"class_list":["post-11683","page","type-page","status-publish","hentry"],"_links":{"self":[{"href":"https:\/\/asc.academicianstudies.com\/tr\/wp-json\/wp\/v2\/pages\/11683","targetHints":{"allow":["GET"]}}],"collection":[{"href":"https:\/\/asc.academicianstudies.com\/tr\/wp-json\/wp\/v2\/pages"}],"about":[{"href":"https:\/\/asc.academicianstudies.com\/tr\/wp-json\/wp\/v2\/types\/page"}],"author":[{"embeddable":true,"href":"https:\/\/asc.academicianstudies.com\/tr\/wp-json\/wp\/v2\/users\/1"}],"replies":[{"embeddable":true,"href":"https:\/\/asc.academicianstudies.com\/tr\/wp-json\/wp\/v2\/comments?post=11683"}],"version-history":[{"count":0,"href":"https:\/\/asc.academicianstudies.com\/tr\/wp-json\/wp\/v2\/pages\/11683\/revisions"}],"wp:attachment":[{"href":"https:\/\/asc.academicianstudies.com\/tr\/wp-json\/wp\/v2\/media?parent=11683"}],"curies":[{"name":"wp","href":"https:\/\/api.w.org\/{rel}","templated":true}]}}