{"id":11756,"date":"2021-06-28T10:03:18","date_gmt":"2021-06-28T10:03:18","guid":{"rendered":"https:\/\/asc.academicianstudies.com\/?page_id=11756"},"modified":"2026-03-30T10:13:59","modified_gmt":"2026-03-30T10:13:59","slug":"journals-dergiler","status":"publish","type":"page","link":"https:\/\/asc.academicianstudies.com\/tr\/journals-dergiler\/","title":{"rendered":"Journals \/ Dergiler"},"content":{"rendered":"\t\t<div data-elementor-type=\"wp-page\" data-elementor-id=\"11756\" class=\"elementor elementor-11756\">\n\t\t\t\t\t\t<section class=\"elementor-section elementor-top-section elementor-element elementor-element-45f6d66 elementor-section-boxed elementor-section-height-default elementor-section-height-default\" data-id=\"45f6d66\" data-element_type=\"section\" data-e-type=\"section\" data-settings=\"{&quot;background_background&quot;:&quot;classic&quot;}\">\n\t\t\t\t\t\t<div class=\"elementor-container elementor-column-gap-default\">\n\t\t\t\t\t<div class=\"elementor-column elementor-col-100 elementor-top-column elementor-element elementor-element-8ccba56\" data-id=\"8ccba56\" data-element_type=\"column\" data-e-type=\"column\">\n\t\t\t<div class=\"elementor-widget-wrap elementor-element-populated\">\n\t\t\t\t\t\t<div class=\"elementor-element elementor-element-1b04b8f elementor-widget elementor-widget-spacer\" data-id=\"1b04b8f\" data-element_type=\"widget\" data-e-type=\"widget\" data-settings=\"{&quot;ekit_we_effect_on&quot;:&quot;none&quot;}\" data-widget_type=\"spacer.default\">\n\t\t\t\t<div class=\"elementor-widget-container\">\n\t\t\t\t\t\t\t<div class=\"elementor-spacer\">\n\t\t\t<div class=\"elementor-spacer-inner\"><\/div>\n\t\t<\/div>\n\t\t\t\t\t\t<\/div>\n\t\t\t\t<\/div>\n\t\t\t\t<div class=\"elementor-element elementor-element-2082297 elementor-widget elementor-widget-heading\" data-id=\"2082297\" data-element_type=\"widget\" data-e-type=\"widget\" data-settings=\"{&quot;ekit_we_effect_on&quot;:&quot;none&quot;}\" data-widget_type=\"heading.default\">\n\t\t\t\t<div class=\"elementor-widget-container\">\n\t\t\t\t\t<h1 class=\"elementor-heading-title elementor-size-default\">Yay\u0131n olanaklar\u0131<\/h1>\t\t\t\t<\/div>\n\t\t\t\t<\/div>\n\t\t\t\t<div class=\"elementor-element elementor-element-b48c76b elementor-widget elementor-widget-spacer\" data-id=\"b48c76b\" data-element_type=\"widget\" data-e-type=\"widget\" data-settings=\"{&quot;ekit_we_effect_on&quot;:&quot;none&quot;}\" data-widget_type=\"spacer.default\">\n\t\t\t\t<div class=\"elementor-widget-container\">\n\t\t\t\t\t\t\t<div class=\"elementor-spacer\">\n\t\t\t<div class=\"elementor-spacer-inner\"><\/div>\n\t\t<\/div>\n\t\t\t\t\t\t<\/div>\n\t\t\t\t<\/div>\n\t\t\t\t\t<\/div>\n\t\t<\/div>\n\t\t\t\t\t<\/div>\n\t\t<\/section>\n\t\t\t\t<section class=\"elementor-section elementor-top-section elementor-element elementor-element-0226ded elementor-section-boxed elementor-section-height-default elementor-section-height-default\" data-id=\"0226ded\" data-element_type=\"section\" data-e-type=\"section\">\n\t\t\t\t\t\t<div class=\"elementor-container elementor-column-gap-default\">\n\t\t\t\t\t<div class=\"elementor-column elementor-col-100 elementor-top-column elementor-element elementor-element-59be326\" data-id=\"59be326\" data-element_type=\"column\" data-e-type=\"column\">\n\t\t\t<div class=\"elementor-widget-wrap elementor-element-populated\">\n\t\t\t\t\t\t<div class=\"elementor-element elementor-element-63842ea elementor-widget elementor-widget-spacer\" data-id=\"63842ea\" data-element_type=\"widget\" data-e-type=\"widget\" data-settings=\"{&quot;ekit_we_effect_on&quot;:&quot;none&quot;}\" data-widget_type=\"spacer.default\">\n\t\t\t\t<div class=\"elementor-widget-container\">\n\t\t\t\t\t\t\t<div class=\"elementor-spacer\">\n\t\t\t<div class=\"elementor-spacer-inner\"><\/div>\n\t\t<\/div>\n\t\t\t\t\t\t<\/div>\n\t\t\t\t<\/div>\n\t\t\t\t\t<\/div>\n\t\t<\/div>\n\t\t\t\t\t<\/div>\n\t\t<\/section>\n\t\t\t\t<section class=\"elementor-section elementor-top-section elementor-element elementor-element-9fe8d4a elementor-section-boxed elementor-section-height-default elementor-section-height-default\" data-id=\"9fe8d4a\" data-element_type=\"section\" data-e-type=\"section\">\n\t\t\t\t\t\t<div class=\"elementor-container elementor-column-gap-default\">\n\t\t\t\t\t<div class=\"elementor-column elementor-col-100 elementor-top-column elementor-element elementor-element-7e82a82\" data-id=\"7e82a82\" data-element_type=\"column\" data-e-type=\"column\">\n\t\t\t<div class=\"elementor-widget-wrap elementor-element-populated\">\n\t\t\t\t\t\t<div class=\"elementor-element elementor-element-5b69c67 elementor-widget elementor-widget-heading\" data-id=\"5b69c67\" data-element_type=\"widget\" data-e-type=\"widget\" data-settings=\"{&quot;ekit_we_effect_on&quot;:&quot;none&quot;}\" data-widget_type=\"heading.default\">\n\t\t\t\t<div class=\"elementor-widget-container\">\n\t\t\t\t\t<h2 class=\"elementor-heading-title elementor-size-default\">Yay\u0131n Olanaklar\u0131<\/h2>\t\t\t\t<\/div>\n\t\t\t\t<\/div>\n\t\t\t\t\t<\/div>\n\t\t<\/div>\n\t\t\t\t\t<\/div>\n\t\t<\/section>\n\t\t\t\t<section class=\"elementor-section elementor-top-section elementor-element elementor-element-8bcb096 elementor-section-boxed elementor-section-height-default elementor-section-height-default\" data-id=\"8bcb096\" data-element_type=\"section\" data-e-type=\"section\">\n\t\t\t\t\t\t<div class=\"elementor-container elementor-column-gap-default\">\n\t\t\t\t\t<div class=\"elementor-column elementor-col-100 elementor-top-column elementor-element elementor-element-a0ef3c9\" data-id=\"a0ef3c9\" data-element_type=\"column\" data-e-type=\"column\">\n\t\t\t<div class=\"elementor-widget-wrap elementor-element-populated\">\n\t\t\t\t\t\t<div class=\"elementor-element elementor-element-eb2860f elementor-widget elementor-widget-text-editor\" data-id=\"eb2860f\" data-element_type=\"widget\" data-e-type=\"widget\" data-settings=\"{&quot;ekit_we_effect_on&quot;:&quot;none&quot;}\" data-widget_type=\"text-editor.default\">\n\t\t\t\t<div class=\"elementor-widget-container\">\n\t\t\t\t\t\t\t\t\t<p>T\u00fcm bildirilerin \u00f6zetleri e-\u00f6zet kitab\u0131nda yay\u0131nlanacakt\u0131r.<\/p><p>Tam metin g\u00f6nderimleri, yay\u0131n se\u00e7ene\u011fi olarak a\u015fa\u011f\u0131da listelenen herhangi bir dergiyi veya hakemli uluslararas\u0131 kitab\u0131 veya hakemli kongre bildiri kitab\u0131n\u0131 se\u00e7ebilir.<\/p><p>Makale olarak yay\u0131mlanacak tam metinlerin, ilgili dergiye yaz\u0131m ve yay\u0131n kurallar\u0131na uygun olarak do\u011frudan g\u00f6nderilmesi gerekmektedir ve \u00e7al\u0131\u015fmalar\u0131n, dergilerin kendileri taraf\u0131ndan y\u00fcr\u00fct\u00fclen hakem de\u011ferlendirme s\u00fcrecinde ba\u015far\u0131l\u0131 bulunmas\u0131 zorunludur. Ayr\u0131ca, konunun derginin kapsam\u0131 i\u00e7in uygun olmas\u0131 da bir \u00f6nko\u015fuldur. \u0130lgili derginin karar\u0131, t\u00fcm yay\u0131n ko\u015fullar\u0131 ve \u00fccret politikas\u0131 i\u00e7in ge\u00e7erlidir.<\/p>\t\t\t\t\t\t\t\t<\/div>\n\t\t\t\t<\/div>\n\t\t\t\t<div class=\"elementor-element elementor-element-969aec8 elementor-widget-divider--view-line elementor-widget elementor-widget-divider\" data-id=\"969aec8\" data-element_type=\"widget\" data-e-type=\"widget\" data-settings=\"{&quot;ekit_we_effect_on&quot;:&quot;none&quot;}\" data-widget_type=\"divider.default\">\n\t\t\t\t<div class=\"elementor-widget-container\">\n\t\t\t\t\t\t\t<div class=\"elementor-divider\">\n\t\t\t<span class=\"elementor-divider-separator\">\n\t\t\t\t\t\t<\/span>\n\t\t<\/div>\n\t\t\t\t\t\t<\/div>\n\t\t\t\t<\/div>\n\t\t\t\t\t<\/div>\n\t\t<\/div>\n\t\t\t\t\t<\/div>\n\t\t<\/section>\n\t\t\t\t<section class=\"elementor-section elementor-top-section elementor-element elementor-element-b1b0b25 elementor-section-boxed elementor-section-height-default elementor-section-height-default\" data-id=\"b1b0b25\" data-element_type=\"section\" data-e-type=\"section\">\n\t\t\t\t\t\t<div class=\"elementor-container elementor-column-gap-default\">\n\t\t\t\t\t<div class=\"elementor-column elementor-col-100 elementor-top-column elementor-element elementor-element-34b4cbc\" data-id=\"34b4cbc\" data-element_type=\"column\" data-e-type=\"column\">\n\t\t\t<div class=\"elementor-widget-wrap elementor-element-populated\">\n\t\t\t\t\t\t<div class=\"elementor-element elementor-element-bac8172 elementor-widget elementor-widget-text-editor\" data-id=\"bac8172\" data-element_type=\"widget\" data-e-type=\"widget\" data-settings=\"{&quot;ekit_we_effect_on&quot;:&quot;none&quot;}\" data-widget_type=\"text-editor.default\">\n\t\t\t\t<div class=\"elementor-widget-container\">\n\t\t\t\t\t\t\t\t\t<table width=\"434\"><tbody><tr><td width=\"434\"><p style=\"text-align: left;\"><strong>Dergi Ad\u0131\u00a0<\/strong><\/p><\/td><\/tr><tr><td width=\"434\"><p style=\"text-align: left;\"><u><a href=\"https:\/\/dergipark.org.tr\/en\/pub\/uiecd\"><span style=\"color: #0000ff;\">International Journal of Business and Economic Studies (SCOPUS &#8211; TRDizin)<\/span><\/a><\/u><\/p><\/td><\/tr><tr><td width=\"434\"><p style=\"text-align: left;\"><span style=\"color: #0000ff;\"><a style=\"color: #0000ff;\" href=\"https:\/\/dergipark.org.tr\/tr\/pub\/jmtpr\">Journal of Management Theory and Practices Research<\/a><\/span><\/p><\/td><\/tr><tr><td width=\"434\"><p style=\"text-align: left;\"><span style=\"color: #0000ff;\"><a style=\"color: #0000ff;\" href=\"https:\/\/dergipark.org.tr\/en\/pub\/sjffls\">Scientific Journal of Finance and Financial Law Studies<\/a><\/span><\/p><\/td><\/tr><tr><td width=\"434\"><p style=\"text-align: left;\"><span style=\"color: #0000ff;\"><a style=\"color: #0000ff;\" href=\"https:\/\/dergipark.org.tr\/tr\/pub\/jpepfm\">Kamu Ekonomisi ve Kamu Mali Y\u00f6netimi Dergisi<\/a><\/span><\/p><\/td><\/tr><tr><td width=\"434\"><p style=\"text-align: left;\"><span style=\"color: #0000ff;\"><a style=\"color: #0000ff;\" href=\"https:\/\/dergipark.org.tr\/tr\/pub\/sjissr\">Scientific Journal of Innovation and Social Sciences Research<\/a><\/span><\/p><\/td><\/tr><tr><td width=\"434\"><p style=\"text-align: left;\"><span style=\"color: #0000ff;\"><a style=\"color: #0000ff;\" href=\"https:\/\/journals.academicianstudies.com\/SJSMSE\">Scientific Journal of Space Management and Space Economy<\/a><\/span><\/p><\/td><\/tr><tr><td width=\"434\"><p style=\"text-align: left;\"><span style=\"color: #0000ff;\"><a style=\"color: #0000ff;\" href=\"https:\/\/journals.academicianstudies.com\/jae\">Journal of Advancements in Education<\/a><\/span><\/p><\/td><\/tr><tr><td width=\"434\"><p style=\"text-align: left;\"><span style=\"color: #0000ff;\"><a style=\"color: #0000ff;\" href=\"https:\/\/journals.academicianstudies.com\/sobac\/index\">Academic Studies in Social Sciences<\/a><\/span><\/p><\/td><\/tr><tr><td width=\"434\"><p style=\"text-align: left;\"><span style=\"color: #0000ff;\"><a style=\"color: #0000ff;\" href=\"https:\/\/journals.academicianstudies.com\/TTSB\">T\u00fcrk T\u0131p ve Sa\u011fl\u0131k Bilimleri Dergisi<\/a><\/span><\/p><\/td><\/tr><tr><td width=\"434\"><p style=\"text-align: left;\"><span style=\"color: #0000ff;\"><a style=\"color: #0000ff;\" href=\"https:\/\/www.opusjournal.net\/\">OPUS-Journal of Society Research\u00a0(JSR)\u00a0 (TRDizin)<\/a><\/span><\/p><\/td><\/tr><tr><td width=\"434\"><p style=\"text-align: left;\"><span style=\"color: #0000ff;\"><a style=\"color: #0000ff;\" href=\"http:\/\/www.ijcesen.com\/\">IJCESEN \u2013 International Journal of Computational and Experimental Science and Engineering (SCOPUS)<\/a><\/span><\/p><\/td><\/tr><tr><td width=\"434\"><p style=\"text-align: left;\"><span style=\"color: #0000ff;\"><a style=\"color: #0000ff;\" href=\"https:\/\/www.romayajournal.com\/\">ROMAYA\u00a0\u2013\u00a0Researches on Multidisciplinary Approaches (SCOPUS)<\/a><\/span><\/p><\/td><\/tr><tr><td width=\"434\"><p style=\"text-align: left;\"><span style=\"color: #0000ff;\"><a style=\"color: #0000ff;\" href=\"https:\/\/dergipark.org.tr\/tr\/pub\/turkjans\">T\u00fcrk Tar\u0131m ve Do\u011fa Bilimleri Dergisi\u00a0 (TRDizin<\/a>)<\/span><\/p><\/td><\/tr><tr><td width=\"434\"><p style=\"text-align: left;\"><span style=\"color: #0000ff;\"><a style=\"color: #0000ff;\" href=\"https:\/\/jcms.utm.my\/index.php\/jcms\/index\">Journal of Contemporary Management Studies\u00a0(JCMS)<\/a><a style=\"color: #0000ff;\" href=\"https:\/\/jcms.utm.my\/index.php\/jcms\/index\">\u00a0<\/a><\/span><\/p><\/td><\/tr><\/tbody><\/table>\t\t\t\t\t\t\t\t<\/div>\n\t\t\t\t<\/div>\n\t\t\t\t<div class=\"elementor-element elementor-element-51f4de5 elementor-widget elementor-widget-spacer\" data-id=\"51f4de5\" data-element_type=\"widget\" data-e-type=\"widget\" data-settings=\"{&quot;ekit_we_effect_on&quot;:&quot;none&quot;}\" data-widget_type=\"spacer.default\">\n\t\t\t\t<div class=\"elementor-widget-container\">\n\t\t\t\t\t\t\t<div class=\"elementor-spacer\">\n\t\t\t<div class=\"elementor-spacer-inner\"><\/div>\n\t\t<\/div>\n\t\t\t\t\t\t<\/div>\n\t\t\t\t<\/div>\n\t\t\t\t\t<\/div>\n\t\t<\/div>\n\t\t\t\t\t<\/div>\n\t\t<\/section>\n\t\t\t\t<\/div>\n\t\t","protected":false},"excerpt":{"rendered":"<p>Yay\u0131n olanaklar\u0131 Yay\u0131n Olanaklar\u0131 T\u00fcm bildirilerin \u00f6zetleri e-\u00f6zet kitab\u0131nda yay\u0131nlanacakt\u0131r. Tam metin g\u00f6nderimleri, yay\u0131n se\u00e7ene\u011fi olarak a\u015fa\u011f\u0131da listelenen herhangi bir dergiyi veya hakemli uluslararas\u0131 kitab\u0131 veya hakemli kongre bildiri kitab\u0131n\u0131 se\u00e7ebilir. Makale olarak yay\u0131mlanacak tam metinlerin, ilgili dergiye yaz\u0131m ve yay\u0131n kurallar\u0131na uygun olarak do\u011frudan g\u00f6nderilmesi gerekmektedir ve \u00e7al\u0131\u015fmalar\u0131n, dergilerin kendileri taraf\u0131ndan y\u00fcr\u00fct\u00fclen hakem de\u011ferlendirme [&hellip;]<\/p>\n","protected":false},"author":1,"featured_media":0,"parent":0,"menu_order":0,"comment_status":"closed","ping_status":"closed","template":"elementor_header_footer","meta":{"footnotes":""},"class_list":["post-11756","page","type-page","status-publish","hentry"],"_links":{"self":[{"href":"https:\/\/asc.academicianstudies.com\/tr\/wp-json\/wp\/v2\/pages\/11756","targetHints":{"allow":["GET"]}}],"collection":[{"href":"https:\/\/asc.academicianstudies.com\/tr\/wp-json\/wp\/v2\/pages"}],"about":[{"href":"https:\/\/asc.academicianstudies.com\/tr\/wp-json\/wp\/v2\/types\/page"}],"author":[{"embeddable":true,"href":"https:\/\/asc.academicianstudies.com\/tr\/wp-json\/wp\/v2\/users\/1"}],"replies":[{"embeddable":true,"href":"https:\/\/asc.academicianstudies.com\/tr\/wp-json\/wp\/v2\/comments?post=11756"}],"version-history":[{"count":24,"href":"https:\/\/asc.academicianstudies.com\/tr\/wp-json\/wp\/v2\/pages\/11756\/revisions"}],"predecessor-version":[{"id":17503,"href":"https:\/\/asc.academicianstudies.com\/tr\/wp-json\/wp\/v2\/pages\/11756\/revisions\/17503"}],"wp:attachment":[{"href":"https:\/\/asc.academicianstudies.com\/tr\/wp-json\/wp\/v2\/media?parent=11756"}],"curies":[{"name":"wp","href":"https:\/\/api.w.org\/{rel}","templated":true}]}}