{"id":14684,"date":"2024-05-15T17:55:41","date_gmt":"2024-05-15T17:55:41","guid":{"rendered":"https:\/\/asc.academicianstudies.com\/?page_id=14684"},"modified":"2025-09-09T12:02:09","modified_gmt":"2025-09-09T12:02:09","slug":"asc-2024-spring","status":"publish","type":"page","link":"https:\/\/asc.academicianstudies.com\/tr\/asc-2024-spring\/","title":{"rendered":"ASC-2024\/Spring"},"content":{"rendered":"\t\t<div data-elementor-type=\"wp-page\" data-elementor-id=\"14684\" class=\"elementor elementor-14684\">\n\t\t\t\t\t\t<section class=\"elementor-section elementor-top-section elementor-element elementor-element-9f178be elementor-section-full_width elementor-section-height-default elementor-section-height-default\" data-id=\"9f178be\" data-element_type=\"section\" data-e-type=\"section\" data-settings=\"{&quot;background_background&quot;:&quot;classic&quot;}\">\n\t\t\t\t\t\t\t<div class=\"elementor-background-overlay\"><\/div>\n\t\t\t\t\t\t\t<div class=\"elementor-container elementor-column-gap-default\">\n\t\t\t\t\t<div class=\"elementor-column elementor-col-100 elementor-top-column elementor-element elementor-element-93264c6\" data-id=\"93264c6\" data-element_type=\"column\" data-e-type=\"column\">\n\t\t\t<div class=\"elementor-widget-wrap elementor-element-populated\">\n\t\t\t\t\t\t<div class=\"elementor-element elementor-element-46c77fa elementor-widget elementor-widget-spacer\" data-id=\"46c77fa\" data-element_type=\"widget\" data-e-type=\"widget\" data-settings=\"{&quot;ekit_we_effect_on&quot;:&quot;none&quot;}\" data-widget_type=\"spacer.default\">\n\t\t\t\t<div class=\"elementor-widget-container\">\n\t\t\t\t\t\t\t<div class=\"elementor-spacer\">\n\t\t\t<div class=\"elementor-spacer-inner\"><\/div>\n\t\t<\/div>\n\t\t\t\t\t\t<\/div>\n\t\t\t\t<\/div>\n\t\t\t\t<div class=\"elementor-element elementor-element-bbbcac2 elementor-widget elementor-widget-heading\" data-id=\"bbbcac2\" data-element_type=\"widget\" data-e-type=\"widget\" data-settings=\"{&quot;ekit_we_effect_on&quot;:&quot;none&quot;}\" data-widget_type=\"heading.default\">\n\t\t\t\t<div class=\"elementor-widget-container\">\n\t\t\t\t\t<h1 class=\"elementor-heading-title elementor-size-default\">ASC-2024 \/ Bahar<\/h1>\t\t\t\t<\/div>\n\t\t\t\t<\/div>\n\t\t\t\t<div class=\"elementor-element elementor-element-e23a5ac elementor-widget elementor-widget-spacer\" data-id=\"e23a5ac\" data-element_type=\"widget\" data-e-type=\"widget\" data-settings=\"{&quot;ekit_we_effect_on&quot;:&quot;none&quot;}\" data-widget_type=\"spacer.default\">\n\t\t\t\t<div class=\"elementor-widget-container\">\n\t\t\t\t\t\t\t<div class=\"elementor-spacer\">\n\t\t\t<div class=\"elementor-spacer-inner\"><\/div>\n\t\t<\/div>\n\t\t\t\t\t\t<\/div>\n\t\t\t\t<\/div>\n\t\t\t\t\t<\/div>\n\t\t<\/div>\n\t\t\t\t\t<\/div>\n\t\t<\/section>\n\t\t\t\t<section class=\"elementor-section elementor-top-section elementor-element elementor-element-9fd1422 elementor-section-boxed elementor-section-height-default elementor-section-height-default\" data-id=\"9fd1422\" data-element_type=\"section\" data-e-type=\"section\">\n\t\t\t\t\t\t<div class=\"elementor-container elementor-column-gap-default\">\n\t\t\t\t\t<div class=\"elementor-column elementor-col-66 elementor-top-column elementor-element elementor-element-6608eb9\" data-id=\"6608eb9\" data-element_type=\"column\" data-e-type=\"column\">\n\t\t\t<div class=\"elementor-widget-wrap elementor-element-populated\">\n\t\t\t\t\t\t<div class=\"elementor-element elementor-element-90a8eeb elementor-widget elementor-widget-spacer\" data-id=\"90a8eeb\" data-element_type=\"widget\" data-e-type=\"widget\" data-settings=\"{&quot;ekit_we_effect_on&quot;:&quot;none&quot;}\" data-widget_type=\"spacer.default\">\n\t\t\t\t<div class=\"elementor-widget-container\">\n\t\t\t\t\t\t\t<div class=\"elementor-spacer\">\n\t\t\t<div class=\"elementor-spacer-inner\"><\/div>\n\t\t<\/div>\n\t\t\t\t\t\t<\/div>\n\t\t\t\t<\/div>\n\t\t\t\t<div class=\"elementor-element elementor-element-380ef23 elementor-widget elementor-widget-heading\" data-id=\"380ef23\" data-element_type=\"widget\" data-e-type=\"widget\" data-settings=\"{&quot;ekit_we_effect_on&quot;:&quot;none&quot;}\" data-widget_type=\"heading.default\">\n\t\t\t\t<div class=\"elementor-widget-container\">\n\t\t\t\t\t<h2 class=\"elementor-heading-title elementor-size-default\">ASC-2024 \/ Bahar<\/h2>\t\t\t\t<\/div>\n\t\t\t\t<\/div>\n\t\t\t\t<div class=\"elementor-element elementor-element-892d873 elementor-widget elementor-widget-image\" data-id=\"892d873\" data-element_type=\"widget\" data-e-type=\"widget\" data-settings=\"{&quot;ekit_we_effect_on&quot;:&quot;none&quot;}\" data-widget_type=\"image.default\">\n\t\t\t\t<div class=\"elementor-widget-container\">\n\t\t\t\t\t\t\t\t\t\t\t\t\t\t\t<img fetchpriority=\"high\" decoding=\"async\" width=\"210\" height=\"300\" src=\"https:\/\/asc.academicianstudies.com\/wp-content\/uploads\/2024\/04\/afistrnew-210x300.jpeg\" class=\"attachment-medium size-medium wp-image-14571\" alt=\"\" srcset=\"https:\/\/asc.academicianstudies.com\/wp-content\/uploads\/2024\/04\/afistrnew-210x300.jpeg 210w, https:\/\/asc.academicianstudies.com\/wp-content\/uploads\/2024\/04\/afistrnew-717x1024.jpeg 717w, https:\/\/asc.academicianstudies.com\/wp-content\/uploads\/2024\/04\/afistrnew-768x1096.jpeg 768w, https:\/\/asc.academicianstudies.com\/wp-content\/uploads\/2024\/04\/afistrnew-1076x1536.jpeg 1076w, https:\/\/asc.academicianstudies.com\/wp-content\/uploads\/2024\/04\/afistrnew-8x12.jpeg 8w, https:\/\/asc.academicianstudies.com\/wp-content\/uploads\/2024\/04\/afistrnew.jpeg 1120w\" sizes=\"(max-width: 210px) 100vw, 210px\" \/>\t\t\t\t\t\t\t\t\t\t\t\t\t\t\t<\/div>\n\t\t\t\t<\/div>\n\t\t\t\t<div class=\"elementor-element elementor-element-1336d7a elementor-widget elementor-widget-text-editor\" data-id=\"1336d7a\" data-element_type=\"widget\" data-e-type=\"widget\" data-settings=\"{&quot;ekit_we_effect_on&quot;:&quot;none&quot;}\" data-widget_type=\"text-editor.default\">\n\t\t\t\t<div class=\"elementor-widget-container\">\n\t\t\t\t\t\t\t\t\t<p>VII. Akademik \u00e7al\u0131\u015fmalar kongresi Kuzey K\u0131br\u0131s T\u00fcrk Cumhuriyetinin Girne \u015eehrinde Uluslararas\u0131 Final \u00dcniversitesinin ev sahipli\u011finde ger\u00e7ekle\u015ftirilmi\u015ftir.\u00a0 \u00a0<\/p>\n<p>\u00a0<\/p>\t\t\t\t\t\t\t\t<\/div>\n\t\t\t\t<\/div>\n\t\t\t\t<div class=\"elementor-element elementor-element-19ef4aec elementor-widget elementor-widget-text-editor\" data-id=\"19ef4aec\" data-element_type=\"widget\" data-e-type=\"widget\" data-settings=\"{&quot;ekit_we_effect_on&quot;:&quot;none&quot;}\" data-widget_type=\"text-editor.default\">\n\t\t\t\t<div class=\"elementor-widget-container\">\n\t\t\t\t\t\t\t\t\t<div class=\"wp-block-file\"><a href=\"https:\/\/acms.com.tr\/\">ASC-2024\/SPRING Kat\u0131l\u0131m Belgenizi Bildiri Y\u00fckleme Sayfas\u0131ndan \u0130ndirebilirsiniz<\/a><a class=\"wp-block-file__button\" href=\"https:\/\/acms.com.tr\/\">Giri\u015f<\/a><\/div>\n<div class=\"wp-block-file\"><a href=\"https:\/\/asc.academicianstudies.com\/wp-content\/uploads\/2024\/05\/Program-ASC-7_02052024_1.pdf\">ASC-2024\/SPRING Kongre Program\u0131na a\u015fa\u011f\u0131daki linkten eri\u015febilirsiniz! <\/a><a class=\"wp-block-file__button\" href=\"https:\/\/asc.academicianstudies.com\/wp-content\/uploads\/2024\/05\/Program-ASC-7_02052024_1.pdf\">ASC-2024\/ Spring Program<\/a><\/div>\n<p><\/p>\n<div class=\"wp-block-file\"><a href=\"https:\/\/asc.academicianstudies.com\/wp-content\/uploads\/2024\/05\/VII-ASC-2024-Kibris-Ozet-Bildiri-Kitapcigi-PDF.pdf\">ASC-2024\/SPRING \u00d6zet Kitap\u00e7\u0131\u011f\u0131<\/a><a class=\"wp-block-file__button\" href=\"https:\/\/asc.academicianstudies.com\/wp-content\/uploads\/2024\/05\/VII-ASC-2024-Kibris-Ozet-Bildiri-Kitapcigi-PDF.pdf\" download=\"\">\u0130ndir<\/a><\/div>\n<p><\/p>\n<div class=\"wp-block-file\"><a href=\"https:\/\/asc.academicianstudies.com\/wp-content\/uploads\/2024\/07\/Spring-Congress-tam-metin-E-KITAP-19.pdf\">ASC-2024\/SPRING Tam Metin Kitap\u00e7\u0131\u011f<\/a>\u0131<a class=\"wp-block-file__button\" href=\"https:\/\/asc.academicianstudies.com\/wp-content\/uploads\/2024\/07\/Spring-Congress-tam-metin-E-KITAP-19.pdf\" download=\"\">\u0130ndir<\/a><\/div>\n<div>\n<div class=\"wp-block-file\">\u00a0<\/div>\n<p><\/p>\n<\/div>\n<p><\/p>\n<p><\/p>\t\t\t\t\t\t\t\t<\/div>\n\t\t\t\t<\/div>\n\t\t\t\t\t<\/div>\n\t\t<\/div>\n\t\t\t\t<div class=\"elementor-column elementor-col-33 elementor-top-column elementor-element elementor-element-96dd8de\" data-id=\"96dd8de\" data-element_type=\"column\" data-e-type=\"column\">\n\t\t\t<div class=\"elementor-widget-wrap elementor-element-populated\">\n\t\t\t\t\t\t<div class=\"elementor-element elementor-element-7d040e9 elementor-widget elementor-widget-spacer\" data-id=\"7d040e9\" data-element_type=\"widget\" data-e-type=\"widget\" data-settings=\"{&quot;ekit_we_effect_on&quot;:&quot;none&quot;}\" data-widget_type=\"spacer.default\">\n\t\t\t\t<div class=\"elementor-widget-container\">\n\t\t\t\t\t\t\t<div class=\"elementor-spacer\">\n\t\t\t<div class=\"elementor-spacer-inner\"><\/div>\n\t\t<\/div>\n\t\t\t\t\t\t<\/div>\n\t\t\t\t<\/div>\n\t\t\t\t<div class=\"elementor-element elementor-element-417fc7c elementor-widget elementor-widget-heading\" data-id=\"417fc7c\" data-element_type=\"widget\" data-e-type=\"widget\" data-settings=\"{&quot;ekit_we_effect_on&quot;:&quot;none&quot;}\" data-widget_type=\"heading.default\">\n\t\t\t\t<div class=\"elementor-widget-container\">\n\t\t\t\t\t<h2 class=\"elementor-heading-title elementor-size-default\">Kongreden g\u00f6r\u00fcnt\u00fcler<\/h2>\t\t\t\t<\/div>\n\t\t\t\t<\/div>\n\t\t\t\t<div class=\"elementor-element elementor-element-e281c0a elementor-widget elementor-widget-image\" data-id=\"e281c0a\" data-element_type=\"widget\" data-e-type=\"widget\" data-settings=\"{&quot;ekit_we_effect_on&quot;:&quot;none&quot;}\" data-widget_type=\"image.default\">\n\t\t\t\t<div class=\"elementor-widget-container\">\n\t\t\t\t\t\t\t\t\t\t\t\t\t\t\t<img decoding=\"async\" width=\"800\" height=\"600\" src=\"https:\/\/asc.academicianstudies.com\/wp-content\/uploads\/2024\/05\/asc2024_2-1024x768.jpeg\" class=\"attachment-large size-large wp-image-14691\" alt=\"\" srcset=\"https:\/\/asc.academicianstudies.com\/wp-content\/uploads\/2024\/05\/asc2024_2-1024x768.jpeg 1024w, https:\/\/asc.academicianstudies.com\/wp-content\/uploads\/2024\/05\/asc2024_2-300x225.jpeg 300w, https:\/\/asc.academicianstudies.com\/wp-content\/uploads\/2024\/05\/asc2024_2-768x576.jpeg 768w, https:\/\/asc.academicianstudies.com\/wp-content\/uploads\/2024\/05\/asc2024_2-1536x1152.jpeg 1536w, https:\/\/asc.academicianstudies.com\/wp-content\/uploads\/2024\/05\/asc2024_2-16x12.jpeg 16w, https:\/\/asc.academicianstudies.com\/wp-content\/uploads\/2024\/05\/asc2024_2.jpeg 1600w\" sizes=\"(max-width: 800px) 100vw, 800px\" \/>\t\t\t\t\t\t\t\t\t\t\t\t\t\t\t<\/div>\n\t\t\t\t<\/div>\n\t\t\t\t<div class=\"elementor-element elementor-element-7042619 elementor-widget elementor-widget-image\" data-id=\"7042619\" data-element_type=\"widget\" data-e-type=\"widget\" data-settings=\"{&quot;ekit_we_effect_on&quot;:&quot;none&quot;}\" data-widget_type=\"image.default\">\n\t\t\t\t<div class=\"elementor-widget-container\">\n\t\t\t\t\t\t\t\t\t\t\t\t\t\t\t<img decoding=\"async\" width=\"800\" height=\"600\" src=\"https:\/\/asc.academicianstudies.com\/wp-content\/uploads\/2024\/05\/asc2024_1-1024x768.jpeg\" class=\"attachment-large size-large wp-image-14690\" alt=\"\" srcset=\"https:\/\/asc.academicianstudies.com\/wp-content\/uploads\/2024\/05\/asc2024_1-1024x768.jpeg 1024w, https:\/\/asc.academicianstudies.com\/wp-content\/uploads\/2024\/05\/asc2024_1-300x225.jpeg 300w, https:\/\/asc.academicianstudies.com\/wp-content\/uploads\/2024\/05\/asc2024_1-768x576.jpeg 768w, https:\/\/asc.academicianstudies.com\/wp-content\/uploads\/2024\/05\/asc2024_1-1536x1152.jpeg 1536w, https:\/\/asc.academicianstudies.com\/wp-content\/uploads\/2024\/05\/asc2024_1-16x12.jpeg 16w, https:\/\/asc.academicianstudies.com\/wp-content\/uploads\/2024\/05\/asc2024_1.jpeg 2048w\" sizes=\"(max-width: 800px) 100vw, 800px\" \/>\t\t\t\t\t\t\t\t\t\t\t\t\t\t\t<\/div>\n\t\t\t\t<\/div>\n\t\t\t\t<div class=\"elementor-element elementor-element-8eea843 elementor-widget elementor-widget-image\" data-id=\"8eea843\" data-element_type=\"widget\" data-e-type=\"widget\" data-settings=\"{&quot;ekit_we_effect_on&quot;:&quot;none&quot;}\" data-widget_type=\"image.default\">\n\t\t\t\t<div class=\"elementor-widget-container\">\n\t\t\t\t\t\t\t\t\t\t\t\t\t\t\t<img loading=\"lazy\" decoding=\"async\" width=\"768\" height=\"1024\" src=\"https:\/\/asc.academicianstudies.com\/wp-content\/uploads\/2024\/05\/asc2024_3-768x1024.jpeg\" class=\"attachment-large size-large wp-image-14692\" alt=\"\" srcset=\"https:\/\/asc.academicianstudies.com\/wp-content\/uploads\/2024\/05\/asc2024_3-768x1024.jpeg 768w, https:\/\/asc.academicianstudies.com\/wp-content\/uploads\/2024\/05\/asc2024_3-225x300.jpeg 225w, https:\/\/asc.academicianstudies.com\/wp-content\/uploads\/2024\/05\/asc2024_3-1152x1536.jpeg 1152w, https:\/\/asc.academicianstudies.com\/wp-content\/uploads\/2024\/05\/asc2024_3-9x12.jpeg 9w, https:\/\/asc.academicianstudies.com\/wp-content\/uploads\/2024\/05\/asc2024_3.jpeg 1200w\" sizes=\"(max-width: 768px) 100vw, 768px\" \/>\t\t\t\t\t\t\t\t\t\t\t\t\t\t\t<\/div>\n\t\t\t\t<\/div>\n\t\t\t\t<div class=\"elementor-element elementor-element-78dcf0b elementor-widget elementor-widget-video\" data-id=\"78dcf0b\" data-element_type=\"widget\" data-e-type=\"widget\" data-settings=\"{&quot;video_type&quot;:&quot;hosted&quot;,&quot;controls&quot;:&quot;yes&quot;,&quot;ekit_we_effect_on&quot;:&quot;none&quot;}\" data-widget_type=\"video.default\">\n\t\t\t\t<div class=\"elementor-widget-container\">\n\t\t\t\t\t\t\t<div class=\"e-hosted-video elementor-wrapper elementor-open-inline\">\n\t\t\t\t\t<video class=\"elementor-video\" src=\"https:\/\/asc.academicianstudies.com\/wp-content\/uploads\/2024\/05\/asc2024.mp4\" controls=\"\" preload=\"metadata\" controlsList=\"nodownload\"><\/video>\n\t\t\t\t<\/div>\n\t\t\t\t\t\t<\/div>\n\t\t\t\t<\/div>\n\t\t\t\t\t<\/div>\n\t\t<\/div>\n\t\t\t\t\t<\/div>\n\t\t<\/section>\n\t\t\t\t<section class=\"elementor-section elementor-top-section elementor-element elementor-element-3636da7d elementor-section-boxed elementor-section-height-default elementor-section-height-default\" data-id=\"3636da7d\" data-element_type=\"section\" data-e-type=\"section\">\n\t\t\t\t\t\t<div class=\"elementor-container elementor-column-gap-default\">\n\t\t\t\t\t<div class=\"elementor-column elementor-col-100 elementor-top-column elementor-element elementor-element-6a7df44a\" data-id=\"6a7df44a\" data-element_type=\"column\" data-e-type=\"column\">\n\t\t\t<div class=\"elementor-widget-wrap\">\n\t\t\t\t\t\t\t<\/div>\n\t\t<\/div>\n\t\t\t\t\t<\/div>\n\t\t<\/section>\n\t\t\t\t<\/div>\n\t\t","protected":false},"excerpt":{"rendered":"<p>ASC-2024 \/ Bahar ASC-2024 \/ Bahar VII. Akademik \u00e7al\u0131\u015fmalar kongresi Kuzey K\u0131br\u0131s T\u00fcrk Cumhuriyetinin Girne \u015eehrinde Uluslararas\u0131 Final \u00dcniversitesinin ev sahipli\u011finde ger\u00e7ekle\u015ftirilmi\u015ftir.\u00a0 \u00a0 \u00a0 ASC-2024\/SPRING Kat\u0131l\u0131m Belgenizi Bildiri Y\u00fckleme Sayfas\u0131ndan \u0130ndirebilirsinizGiri\u015f ASC-2024\/SPRING Kongre Program\u0131na a\u015fa\u011f\u0131daki linkten eri\u015febilirsiniz! ASC-2024\/ Spring Program Kongreden g\u00f6r\u00fcnt\u00fcler https:\/\/asc.academicianstudies.com\/wp-content\/uploads\/2024\/05\/asc2024.mp4<\/p>\n","protected":false},"author":1,"featured_media":0,"parent":0,"menu_order":0,"comment_status":"closed","ping_status":"closed","template":"elementor_header_footer","meta":{"footnotes":""},"class_list":["post-14684","page","type-page","status-publish","hentry"],"_links":{"self":[{"href":"https:\/\/asc.academicianstudies.com\/tr\/wp-json\/wp\/v2\/pages\/14684","targetHints":{"allow":["GET"]}}],"collection":[{"href":"https:\/\/asc.academicianstudies.com\/tr\/wp-json\/wp\/v2\/pages"}],"about":[{"href":"https:\/\/asc.academicianstudies.com\/tr\/wp-json\/wp\/v2\/types\/page"}],"author":[{"embeddable":true,"href":"https:\/\/asc.academicianstudies.com\/tr\/wp-json\/wp\/v2\/users\/1"}],"replies":[{"embeddable":true,"href":"https:\/\/asc.academicianstudies.com\/tr\/wp-json\/wp\/v2\/comments?post=14684"}],"version-history":[{"count":3,"href":"https:\/\/asc.academicianstudies.com\/tr\/wp-json\/wp\/v2\/pages\/14684\/revisions"}],"predecessor-version":[{"id":16911,"href":"https:\/\/asc.academicianstudies.com\/tr\/wp-json\/wp\/v2\/pages\/14684\/revisions\/16911"}],"wp:attachment":[{"href":"https:\/\/asc.academicianstudies.com\/tr\/wp-json\/wp\/v2\/media?parent=14684"}],"curies":[{"name":"wp","href":"https:\/\/api.w.org\/{rel}","templated":true}]}}