{"id":1476,"date":"2021-02-08T09:57:13","date_gmt":"2021-02-08T09:57:13","guid":{"rendered":"https:\/\/asc.academicianstudies.com\/?page_id=1476"},"modified":"2025-02-18T14:10:45","modified_gmt":"2025-02-18T14:10:45","slug":"yazim-kurallari","status":"publish","type":"page","link":"https:\/\/asc.academicianstudies.com\/tr\/yazim-kurallari\/","title":{"rendered":"Yaz\u0131m Kurallar\u0131"},"content":{"rendered":"\t\t<div data-elementor-type=\"wp-page\" data-elementor-id=\"1476\" class=\"elementor elementor-1476\">\n\t\t\t\t\t\t<section class=\"elementor-section elementor-top-section elementor-element elementor-element-61074bb elementor-section-stretched elementor-section-boxed elementor-section-height-default elementor-section-height-default\" data-id=\"61074bb\" data-element_type=\"section\" data-e-type=\"section\" data-settings=\"{&quot;stretch_section&quot;:&quot;section-stretched&quot;}\">\n\t\t\t\t\t\t<div class=\"elementor-container elementor-column-gap-no\">\n\t\t\t\t\t<div class=\"elementor-column elementor-col-100 elementor-top-column elementor-element elementor-element-4367b0b\" data-id=\"4367b0b\" data-element_type=\"column\" data-e-type=\"column\">\n\t\t\t<div class=\"elementor-widget-wrap elementor-element-populated\">\n\t\t\t\t\t\t<div class=\"elementor-element elementor-element-3b244c2 elementor-widget elementor-widget-spacer\" data-id=\"3b244c2\" data-element_type=\"widget\" data-e-type=\"widget\" data-settings=\"{&quot;ekit_we_effect_on&quot;:&quot;none&quot;}\" data-widget_type=\"spacer.default\">\n\t\t\t\t<div class=\"elementor-widget-container\">\n\t\t\t\t\t\t\t<div class=\"elementor-spacer\">\n\t\t\t<div class=\"elementor-spacer-inner\"><\/div>\n\t\t<\/div>\n\t\t\t\t\t\t<\/div>\n\t\t\t\t<\/div>\n\t\t\t\t<div class=\"elementor-element elementor-element-7322b06 elementor-widget elementor-widget-heading\" data-id=\"7322b06\" data-element_type=\"widget\" data-e-type=\"widget\" data-settings=\"{&quot;ekit_we_effect_on&quot;:&quot;none&quot;}\" data-widget_type=\"heading.default\">\n\t\t\t\t<div class=\"elementor-widget-container\">\n\t\t\t\t\t<h3 class=\"elementor-heading-title elementor-size-default\">Bildiri Yaz\u0131m Kurallar\u0131<\/h3>\t\t\t\t<\/div>\n\t\t\t\t<\/div>\n\t\t\t\t<div class=\"elementor-element elementor-element-1b07454 elementor-widget elementor-widget-text-editor\" data-id=\"1b07454\" data-element_type=\"widget\" data-e-type=\"widget\" data-settings=\"{&quot;ekit_we_effect_on&quot;:&quot;none&quot;}\" data-widget_type=\"text-editor.default\">\n\t\t\t\t<div class=\"elementor-widget-container\">\n\t\t\t\t\t\t\t\t\t<p><strong><em>Kongremize g\u00f6nderilecek bildirilerin bilimsel standartlara uygun olarak haz\u0131rlanmas\u0131 ve Web of Science indeksinde taranabilmesi amac\u0131yla belirli kurallar uygulanmaktad\u0131r. Yazarlar\u0131n, bildiri haz\u0131rl\u0131k s\u00fcrecinde bu kurallara tam olarak uymas\u0131 gerekmektedir. A\u015fa\u011f\u0131da bildirilerin yaz\u0131m\u0131nda dikkat edilmesi gereken temel unsurlar \u00f6zetlenmi\u015ftir:<\/em><\/strong><\/p>\t\t\t\t\t\t\t\t<\/div>\n\t\t\t\t<\/div>\n\t\t\t\t<div class=\"elementor-element elementor-element-c18d981 elementor-widget elementor-widget-text-editor\" data-id=\"c18d981\" data-element_type=\"widget\" data-e-type=\"widget\" data-settings=\"{&quot;ekit_we_effect_on&quot;:&quot;none&quot;}\" data-widget_type=\"text-editor.default\">\n\t\t\t\t<div class=\"elementor-widget-container\">\n\t\t\t\t\t\t\t\t\t<ol><li><strong><em>Bildirilerin Haz\u0131rlanmas\u0131<\/em><em>:<\/em><\/strong><\/li><\/ol><ul><li style=\"list-style-type: none;\"><ul><li><strong><em>Kongre dili\u00a0T\u00fcrk\u00e7e ve \u0130ngilizce\u00a0olup, her iki dilde bildiriler kabul edilmektedir.<\/em><\/strong><\/li><li><strong><em>Bildiriler, kongre kapsam\u0131nda belirtilen <span style=\"color: #0000ff;\"><a style=\"color: #0000ff;\" href=\"https:\/\/asc.academicianstudies.com\/wp-content\/uploads\/2025\/01\/Eabstract_TR.docx\">geni\u015fletilmi\u015f \u00f6zet<\/a> <\/span>veya<span style=\"color: #0000ff;\"> <a style=\"color: #0000ff;\" href=\"https:\/\/asc.academicianstudies.com\/wp-content\/uploads\/2025\/01\/Fulltext_TR.docx\">tam metin<\/a><\/span> format\u0131nda haz\u0131rlanmal\u0131d\u0131r.<\/em><\/strong><\/li><li><strong><em>T\u00fcrk\u00e7e haz\u0131rlanan bildirilerde, uluslararas\u0131 eri\u015filebilirli\u011fi art\u0131rmak amac\u0131yla \u0130ngilizce ba\u015fl\u0131k, \u00f6zet ve anahtar kelimeler zorunludur.<\/em><\/strong><\/li><li><strong><em>\u0130ngilizce bildirilerde dilbilgisi ve yaz\u0131m hatalar\u0131n\u0131n minimize edilmesi i\u00e7in profesyonel bir dil d\u00fczenleme hizmeti al\u0131nmas\u0131 \u00f6nerilir. \u0130ste\u011fe ba\u011fl\u0131 olarak, kongremiz profesyonel \u0130ngilizce d\u00fczenleme hizmeti sunmaktad\u0131r. Bildirilerinizi bu hizmet i\u00e7in <a href=\"mailto:academicianstudies@gmail.com\">academicianstudies@gmail.com\u00a0<\/a><\/em><em> adresine g\u00f6nderebilirsiniz.<\/em><\/strong><\/li><\/ul><\/li><\/ul>\t\t\t\t\t\t\t\t<\/div>\n\t\t\t\t<\/div>\n\t\t\t\t<div class=\"elementor-element elementor-element-4595296 elementor-widget elementor-widget-text-editor\" data-id=\"4595296\" data-element_type=\"widget\" data-e-type=\"widget\" data-settings=\"{&quot;ekit_we_effect_on&quot;:&quot;none&quot;}\" data-widget_type=\"text-editor.default\">\n\t\t\t\t<div class=\"elementor-widget-container\">\n\t\t\t\t\t\t\t\t\t<p style=\"padding-left: 40px;\"><strong><em>2. Bildirilerin Format\u0131<\/em><em>:<\/em><\/strong><\/p><ul><li style=\"list-style-type: none;\"><ul><li><strong><em>Bildirilerin belirlenen \u015fablonlara uygun \u015fekilde haz\u0131rlanmas\u0131 gerekmektedir.<\/em><\/strong><\/li><li><strong><em>\u00a0Format ve d\u00fczenleme ile ilgili detaylar a\u015fa\u011f\u0131daki \u015fablonda belirtilmi\u015ftir.<\/em><\/strong><\/li><li><strong><em>Bildirilerin uzunlu\u011fu;<\/em><\/strong><\/li><\/ul><\/li><\/ul><ol><li style=\"list-style-type: none;\"><ul><li style=\"list-style-type: none;\"><ol><li><strong><span style=\"color: #0000ff;\"><a style=\"color: #0000ff;\" href=\"https:\/\/asc.academicianstudies.com\/wp-content\/uploads\/2025\/01\/Eabstract_TR.docx\"><em>Geni\u015fletilmi\u015f \u00d6zet<\/em><\/a><\/span><em>: 500-1500 kelime aras\u0131nda olmal\u0131d\u0131r. Geni\u015fletilmi\u015f \u00f6zetler, \u00e7al\u0131\u015fman\u0131n amac\u0131n\u0131, y\u00f6ntemini, temel bulgular\u0131n\u0131 ve \u00f6zg\u00fcn katk\u0131lar\u0131n\u0131 kapsamal\u0131d\u0131r.<\/em><\/strong><\/li><li><strong><span style=\"color: #0000ff;\"><a style=\"color: #0000ff;\" href=\"https:\/\/asc.academicianstudies.com\/wp-content\/uploads\/2025\/01\/Fulltext_TR.docx\"><em>Tam Metin Bildiriler<\/em><\/a><\/span><em>: \u00d6zet, ana metin, tablolar, \u015fekiller, kaynak\u00e7a ve ekler dahil olmak \u00fczere toplamda\u00a0en az 2000 kelime\u00a0olmal\u0131d\u0131r.<\/em><\/strong><\/li><\/ol><\/li><\/ul><\/li><\/ol>\t\t\t\t\t\t\t\t<\/div>\n\t\t\t\t<\/div>\n\t\t\t\t<div class=\"elementor-element elementor-element-aa0427a elementor-widget elementor-widget-text-editor\" data-id=\"aa0427a\" data-element_type=\"widget\" data-e-type=\"widget\" data-settings=\"{&quot;ekit_we_effect_on&quot;:&quot;none&quot;}\" data-widget_type=\"text-editor.default\">\n\t\t\t\t<div class=\"elementor-widget-container\">\n\t\t\t\t\t\t\t\t\t<p style=\"padding-left: 40px;\"><strong><em>3. De\u011ferlendirme S\u00fcreci<\/em><em>:<\/em><\/strong><\/p><ul><li style=\"list-style-type: none;\"><ul><li><strong><em>G\u00f6nderilen bildiriler, \u00e7ift k\u00f6r hakem de\u011ferlendirme s\u00fcrecine tabi tutulacakt\u0131r. Bu nedenle yazarlar\u0131n, bildirilerini sisteme ilk kez y\u00fcklerken\u00a0isim, unvan, kurum ve ileti\u015fim bilgilerini\u00a0dosyaya eklememeleri gerekmektedir. Hakem de\u011ferlendirme s\u00fcreci tamamland\u0131ktan sonra kabul edilen bildiriler i\u00e7in yazar bilgileri eklenecektir.<\/em><\/strong><\/li><li><strong><em>G\u00f6nderilen bildiriler, orijinallik, bilimsel katk\u0131, y\u00f6ntemsel yeterlilik, bulgular\u0131n sunumu ve yaz\u0131m kalitesine g\u00f6re de\u011ferlendirilecektir.<\/em><\/strong><\/li><li><strong><em>Hakemler taraf\u0131ndan kabul edilen bildiriler kongre kapsam\u0131nda sunulduktan sonra kongre yay\u0131n olanaklar\u0131 do\u011frultusunda yay\u0131mlanacakt\u0131r.<\/em><\/strong><\/li><\/ul><\/li><\/ul>\t\t\t\t\t\t\t\t<\/div>\n\t\t\t\t<\/div>\n\t\t\t\t<div class=\"elementor-element elementor-element-7b7f79c elementor-widget elementor-widget-text-editor\" data-id=\"7b7f79c\" data-element_type=\"widget\" data-e-type=\"widget\" data-settings=\"{&quot;ekit_we_effect_on&quot;:&quot;none&quot;}\" data-widget_type=\"text-editor.default\">\n\t\t\t\t<div class=\"elementor-widget-container\">\n\t\t\t\t\t\t\t\t\t<p style=\"padding-left: 40px;\"><strong><em>4. Kabul Bildirimi<\/em><\/strong><\/p><ul><li><strong><em>Hakem de\u011ferlendirme s\u00fcrecinin tamamlanmas\u0131n\u0131n ard\u0131ndan, kabul edilen bildiriler i\u00e7in yazarlar\u0131n e-posta adresine resmi bir\u00a0&#8220;Kabul Bildirimi&#8221;g\u00f6nderilecektir.<\/em><\/strong><\/li><li><strong><em>Kabul bildirimi, bildirinin kongrede sunulmaya uygun bulundu\u011funu ve yay\u0131n olanaklar\u0131ndan yararlan\u0131labilece\u011fini teyit eder.<\/em><\/strong><\/li><li><strong><em>Kabul edilen bildirilerin yazarlar\u0131, bildirilerini kongrede sunmalar\u0131 ve bildiri kitab\u0131nda yay\u0131mlatmak istemeleri durumunda bildirileri, bildiri kitab\u0131nda DOI numaras\u0131 ile yer alacakt\u0131r.<\/em><\/strong><\/li><\/ul>\t\t\t\t\t\t\t\t<\/div>\n\t\t\t\t<\/div>\n\t\t\t\t<div class=\"elementor-element elementor-element-4cc0ad4 elementor-widget elementor-widget-text-editor\" data-id=\"4cc0ad4\" data-element_type=\"widget\" data-e-type=\"widget\" data-settings=\"{&quot;ekit_we_effect_on&quot;:&quot;none&quot;}\" data-widget_type=\"text-editor.default\">\n\t\t\t\t<div class=\"elementor-widget-container\">\n\t\t\t\t\t\t\t\t\t<p style=\"padding-left: 40px;\"><strong><em>5. Bildiri Sunum Haz\u0131rl\u0131\u011f\u0131: <\/em><\/strong><\/p><ul><li><strong><em>Kabul edilen bildiriler, kongrede sunulacakt\u0131r. Sunum, \u00e7evrim i\u00e7i veya y\u00fcz y\u00fcze formatta yap\u0131labilir.<\/em><\/strong><\/li><li><strong><em>Sunum S\u00fcresi<\/em><em>: Her bir sunum i\u00e7in\u00a015 dakika sunum\u00a0+\u00a05 dakika soru-cevap\u00a0olacak \u015fekilde ortalama 20 dakika s\u00fcre ayr\u0131lacakt\u0131r.<\/em><\/strong><\/li><li><strong><em>Sunum dosyalar\u0131 (PowerPoint veya PDF), kongreden\u00a0en az 2 saat \u00f6nce\u00a0teknik ekibe teslim edilmelidir.<\/em><\/strong><\/li><li><strong><em>Sunumlar,\u00a016:9 ekran oran\u0131na\u00a0uygun olarak haz\u0131rlanmal\u0131d\u0131r. G\u00f6rsellerin y\u00fcksek \u00e7\u00f6z\u00fcn\u00fcrl\u00fckte (en az 300 DPI) olmas\u0131 ve yaz\u0131 boyutlar\u0131n\u0131n arka s\u0131radan okunabilecek b\u00fcy\u00fckl\u00fckte se\u00e7ilmesi gerekmektedir.<\/em><\/strong><\/li><li><strong><em>Teknik uyumlulu\u011fu sa\u011flamak amac\u0131yla kongrede kullan\u0131lacak sunum \u015fablonunu a\u015fa\u011f\u0131daki ba\u011flant\u0131dan indirebilirsiniz:<br \/><a href=\"https:\/\/asc.academicianstudies.com\/wp-content\/uploads\/2025\/01\/TR-SUNUM-SABLONU.pptx\"><span style=\"color: #0000ff;\">PowerPoint Sunum \u015eablonu (PPTX)<\/span><\/a><\/em><\/strong><\/li><\/ul>\t\t\t\t\t\t\t\t<\/div>\n\t\t\t\t<\/div>\n\t\t\t\t<div class=\"elementor-element elementor-element-021b414 elementor-widget elementor-widget-text-editor\" data-id=\"021b414\" data-element_type=\"widget\" data-e-type=\"widget\" data-settings=\"{&quot;ekit_we_effect_on&quot;:&quot;none&quot;}\" data-widget_type=\"text-editor.default\">\n\t\t\t\t<div class=\"elementor-widget-container\">\n\t\t\t\t\t\t\t\t\t<p style=\"padding-left: 40px;\"><strong><em>6. Ek Belgeler ve \u015eablonlar<\/em><em>:<\/em><\/strong><\/p><p style=\"padding-left: 40px;\"><strong><em>Daha fazla bilgi ve detayl\u0131 kurallar i\u00e7in l\u00fctfen a\u015fa\u011f\u0131daki belgeleri inceleyiniz:<\/em><\/strong><\/p><ul><li><strong><span style=\"color: #0000ff;\"><a style=\"color: #0000ff;\" href=\"https:\/\/asc.academicianstudies.com\/wp-content\/uploads\/2025\/01\/1.-Bildiri-Gonderim-Yonergesi.pdf\"><em>Bildiri G\u00f6nderim Y\u00f6nergesi (PDF)<\/em><\/a><\/span><em>: Bildirilerin haz\u0131rlanmas\u0131nda uyulmas\u0131 gereken t\u00fcm detayl\u0131 kurallar\u0131 i\u00e7erir.<\/em><\/strong><\/li><li><strong><span style=\"color: #0000ff;\"><em><a style=\"color: #0000ff;\" href=\"https:\/\/asc.academicianstudies.com\/wp-content\/uploads\/2025\/01\/2.-BILDIRI-YUKLEME-SURECI-ICIN-TEKNIK-KILAVUZ-2.pdf\">Bildiri Y\u00fckleme S\u00fcreci Teknik K\u0131lavuz (PDF)<\/a><\/em><\/span><em>: Bildirilerin sistem \u00fczerinden y\u00fcklenmesi ve s\u00fcre\u00e7 y\u00f6netimi ile ilgili teknik bilgileri i\u00e7erir.<\/em><\/strong><\/li><\/ul><p><strong><em>Bildirinizin sorunsuz bir \u015fekilde kabul edilmesi ve yay\u0131mlanabilmesi i\u00e7in yukar\u0131da belirtilen kurallara tam uyum g\u00f6stermeniz \u00f6nemlidir. Herhangi bir sorunuz olmas\u0131 halinde bizimle ileti\u015fime ge\u00e7ebilirsiniz.<\/em><\/strong><\/p><ul><li><strong>E-posta:\u00a0<a href=\"mailto:academicianstudies@gmail.com\">academicianstudies@gmail.com<\/a><\/strong><\/li><li><strong>Telefon:\u00a0+90 544 347 14 87<\/strong><\/li><\/ul>\t\t\t\t\t\t\t\t<\/div>\n\t\t\t\t<\/div>\n\t\t\t\t<div class=\"elementor-element elementor-element-4969898 elementor-widget elementor-widget-spacer\" data-id=\"4969898\" data-element_type=\"widget\" data-e-type=\"widget\" data-settings=\"{&quot;ekit_we_effect_on&quot;:&quot;none&quot;}\" data-widget_type=\"spacer.default\">\n\t\t\t\t<div class=\"elementor-widget-container\">\n\t\t\t\t\t\t\t<div class=\"elementor-spacer\">\n\t\t\t<div class=\"elementor-spacer-inner\"><\/div>\n\t\t<\/div>\n\t\t\t\t\t\t<\/div>\n\t\t\t\t<\/div>\n\t\t\t\t\t<\/div>\n\t\t<\/div>\n\t\t\t\t\t<\/div>\n\t\t<\/section>\n\t\t\t\t<\/div>\n\t\t","protected":false},"excerpt":{"rendered":"<p>Bildiri Yaz\u0131m Kurallar\u0131 Kongremize g\u00f6nderilecek bildirilerin bilimsel standartlara uygun olarak haz\u0131rlanmas\u0131 ve Web of Science indeksinde taranabilmesi amac\u0131yla belirli kurallar uygulanmaktad\u0131r. Yazarlar\u0131n, bildiri haz\u0131rl\u0131k s\u00fcrecinde bu kurallara tam olarak uymas\u0131 gerekmektedir. A\u015fa\u011f\u0131da bildirilerin yaz\u0131m\u0131nda dikkat edilmesi gereken temel unsurlar \u00f6zetlenmi\u015ftir: Bildirilerin Haz\u0131rlanmas\u0131: Kongre dili\u00a0T\u00fcrk\u00e7e ve \u0130ngilizce\u00a0olup, her iki dilde bildiriler kabul edilmektedir. Bildiriler, kongre kapsam\u0131nda [&hellip;]<\/p>\n","protected":false},"author":1,"featured_media":0,"parent":0,"menu_order":0,"comment_status":"closed","ping_status":"closed","template":"template\/full-width-template.php","meta":{"footnotes":""},"class_list":["post-1476","page","type-page","status-publish","hentry"],"_links":{"self":[{"href":"https:\/\/asc.academicianstudies.com\/tr\/wp-json\/wp\/v2\/pages\/1476","targetHints":{"allow":["GET"]}}],"collection":[{"href":"https:\/\/asc.academicianstudies.com\/tr\/wp-json\/wp\/v2\/pages"}],"about":[{"href":"https:\/\/asc.academicianstudies.com\/tr\/wp-json\/wp\/v2\/types\/page"}],"author":[{"embeddable":true,"href":"https:\/\/asc.academicianstudies.com\/tr\/wp-json\/wp\/v2\/users\/1"}],"replies":[{"embeddable":true,"href":"https:\/\/asc.academicianstudies.com\/tr\/wp-json\/wp\/v2\/comments?post=1476"}],"version-history":[{"count":0,"href":"https:\/\/asc.academicianstudies.com\/tr\/wp-json\/wp\/v2\/pages\/1476\/revisions"}],"wp:attachment":[{"href":"https:\/\/asc.academicianstudies.com\/tr\/wp-json\/wp\/v2\/media?parent=1476"}],"curies":[{"name":"wp","href":"https:\/\/api.w.org\/{rel}","templated":true}]}}